{"id":17,"date":"2025-05-15T10:13:22","date_gmt":"2025-05-15T08:13:22","guid":{"rendered":"https:\/\/institutes.uek.krakow.pl\/kbgsf\/?page_id=17"},"modified":"2025-10-10T13:47:56","modified_gmt":"2025-10-10T11:47:56","slug":"o-katedrze","status":"publish","type":"page","link":"https:\/\/if.uek.krakow.pl\/kbgsf\/o-katedrze\/","title":{"rendered":"O Katedrze"},"content":{"rendered":"\n<p><strong>Dane kontaktowe:<\/strong><br>Instytut Finans\u00f3w w Kolegium Ekonomii, Finans\u00f3w i Prawa UEK.<br><strong>Kierownik Katedry: prof. dr hab. Ewa Miklaszewska<\/strong>, pok. F-709, uumiklas@cyf-kr.edu.pl<br>Sekretariat Katedry: mgr Ma\u0142gorzata Go\u0142\u0105bek, pok. F-408, golabekm@uek.krakow.pl, tel. 12 293 74 15.<\/p>\n\n\n\n<p><strong>Pracownicy:<\/strong><\/p>\n\n\n\n<ul class=\"wp-block-list\">\n<li>prof. dr hab. Ewa Miklaszewska<\/li>\n\n\n\n<li>dr hab. Mateusz Folwarski, prof. UEK<\/li>\n\n\n\n<li>dr hab. Aleksandra Jurkowska, prof. UEK<\/li>\n\n\n\n<li>dr Micha\u0142 Boda<\/li>\n\n\n\n<li>dr Rados\u0142aw Ciukaj<\/li>\n\n\n\n<li>dr Piotr Kara\u015b<\/li>\n\n\n\n<li>dr Krzysztof Kil<\/li>\n\n\n\n<li>dr Igor Styn<\/li>\n\n\n\n<li>dr Andrzej Walitza<\/li>\n\n\n\n<li>mgr Bart\u0142omiej Balawejder<\/li>\n\n\n\n<li>mgr Wojciech Jarosz<\/li>\n<\/ul>\n\n\n\n<p>Doktoranci: Tomasz Jaszek.<\/p>\n\n\n\n<p><strong>Zainteresowania naukowe pracownik\u00f3w Katedry:<\/strong><\/p>\n\n\n\n<p><strong>Wyzwania zwi\u0105zane z globalizacj\u0105 rynku finansowego:<\/strong><\/p>\n\n\n\n<ul class=\"wp-block-list\">\n<li>zmiany strategiczne, konkurencyjne i strukturalne na globalnym rynku bankowym,<\/li>\n\n\n\n<li>procesy integracji finansowej w Unii Europejskiej,<\/li>\n\n\n\n<li>zmiany strategii i modeli biznesowych bank\u00f3w,<\/li>\n\n\n\n<li>wymogi i wyzwania regulacyjne oraz kwestie stabilno\u015bci i bezpiecze\u0144stwa bank\u00f3w.<\/li>\n<\/ul>\n\n\n\n<p><strong>Kwestie stabilno\u015bci, efektywno\u015bci i pozycji konkurencyjnej bank\u00f3w:<\/strong><\/p>\n\n\n\n<ul class=\"wp-block-list\">\n<li>wsp\u00f3\u0142praca bank\u00f3w z otoczeniem spo\u0142ecznym i gospodarczym, w tym programy ESG,<\/li>\n\n\n\n<li>\u017ar\u00f3d\u0142a efektywno\u015bci oraz obszary przewagi konkurencyjnej bank\u00f3w,<\/li>\n\n\n\n<li>zarz\u0105dzanie bankiem i zarz\u0105dzanie ryzykiem bankowym,<\/li>\n\n\n\n<li>zmiany w otoczeniu bankowym pod wp\u0142ywem rewolucji technologicznej i konkurencji z sektorem nowych technologii.<\/li>\n<\/ul>\n","protected":false},"excerpt":{"rendered":"<p>Nauki finansowe s\u0105 wyk\u0142adane na naszej uczelni od jej pocz\u0105tk\u00f3w, a zak\u0142ady zajmuj\u0105ce si\u0119 bankowo\u015bci\u0105 powsta\u0142y ju\u017c w 1949 roku. W 1950 r. zak\u0142ady te wesz\u0142y w sk\u0142ad Katedry Finans\u00f3w, W roku 2003 nast\u0105pi\u0142o wydzielenie samodzielnych Katedr Bankowo\u015bci oraz Finans\u00f3w Przedsi\u0119biorstw \u2013 kierownikiem Katedry Bankowo\u015bci zosta\u0142 w\u00f3wczas prof. UEK dr hab. Ryszard Szewczyk. Od stycznia 2020 roku Katedra nosi obecn\u0105 nazw\u0119. Kierownikiem Katedry Bankowo\u015bci i Globalnego Systemu Finansowego od 2016 r. jest prof. dr hab. Ewa Miklaszewska.<\/p>\n","protected":false},"author":1,"featured_media":0,"parent":0,"menu_order":0,"comment_status":"closed","ping_status":"closed","template":"","meta":{"_acf_changed":false,"footnotes":""},"class_list":["post-17","page","type-page","status-publish","hentry"],"acf":[],"_links":{"self":[{"href":"https:\/\/if.uek.krakow.pl\/kbgsf\/wp-json\/wp\/v2\/pages\/17","targetHints":{"allow":["GET"]}}],"collection":[{"href":"https:\/\/if.uek.krakow.pl\/kbgsf\/wp-json\/wp\/v2\/pages"}],"about":[{"href":"https:\/\/if.uek.krakow.pl\/kbgsf\/wp-json\/wp\/v2\/types\/page"}],"author":[{"embeddable":true,"href":"https:\/\/if.uek.krakow.pl\/kbgsf\/wp-json\/wp\/v2\/users\/1"}],"replies":[{"embeddable":true,"href":"https:\/\/if.uek.krakow.pl\/kbgsf\/wp-json\/wp\/v2\/comments?post=17"}],"version-history":[{"count":3,"href":"https:\/\/if.uek.krakow.pl\/kbgsf\/wp-json\/wp\/v2\/pages\/17\/revisions"}],"predecessor-version":[{"id":8515,"href":"https:\/\/if.uek.krakow.pl\/kbgsf\/wp-json\/wp\/v2\/pages\/17\/revisions\/8515"}],"wp:attachment":[{"href":"https:\/\/if.uek.krakow.pl\/kbgsf\/wp-json\/wp\/v2\/media?parent=17"}],"curies":[{"name":"wp","href":"https:\/\/api.w.org\/{rel}","templated":true}]}}