{"id":8566,"date":"2025-10-10T14:41:13","date_gmt":"2025-10-10T12:41:13","guid":{"rendered":"https:\/\/institutes.uek.krakow.pl\/kbgsf\/?page_id=8566"},"modified":"2025-10-10T14:41:23","modified_gmt":"2025-10-10T12:41:23","slug":"praktyki-studenckie","status":"publish","type":"page","link":"https:\/\/if.uek.krakow.pl\/kbgsf\/studenci\/praktyki-studenckie\/","title":{"rendered":"Praktyki studenckie"},"content":{"rendered":"\n<p><strong><br>Opiekun studenckich praktyk zawodowych w Katedrze Bankowo\u015bci i Globalnego Systemu Finansowego:<\/strong><\/p>\n\n\n\n<p><strong>dr Krzysztof Kil<\/strong>, pawilon F., pok\u00f3j 710, e-mail: krzysztof.kil@uek.krakow.pl<\/p>\n\n\n\n<p>.<\/p>\n\n\n\n<p><strong>Od 24.02.2025 roku obowi\u0105zuje nowa formu\u0142a zaliczania praktyk studenckich, zgodna z zapisami Zarz\u0105dzenia JM Rektora, dost\u0119pnego wraz z za\u0142\u0105cznikami na stronie (link do strony zewn\u0119trznej):&nbsp;<a href=\"https:\/\/bip.uek.krakow.pl\/zarzadzenie\/3594\/zarzadzenie-nr-r-0211-4-2025\">https:\/\/bip.uek.krakow.pl\/zarzadzenie\/3594\/zarzadzenie-nr-r-0211-4-2025<\/a><\/strong><\/p>\n\n\n\n<p>.<\/p>\n\n\n\n<p><strong>Informacje dodatkowe<\/strong><\/p>\n\n\n\n<p>Praktyka zawodowa powinna spe\u0142nia\u0107 warunki okre\u015blone w Regulaminie studenckich praktyk zawodowych (<a href=\"https:\/\/if.uek.krakow.pl\/kbgsf\/wp-content\/uploads\/sites\/2\/2023\/03\/R.0211.16.2022.pdf\">Zarz\u0105dzenie Rektora, typ pliku: application\/pdf, wielko\u015b\u0107 pliku: 297 KB<\/a>).<\/p>\n\n\n\n<p><strong>Wa\u017cne!<\/strong>&nbsp;Studenci, kt\u00f3rzy wybrali&nbsp;<strong>promotora<\/strong>&nbsp;pracy licencjackiej lub pracy magisterskiej w&nbsp;<strong>Katedrze Bankowo\u015bci i Globalnego Systemu Finansowego<\/strong>&nbsp;proszeni s\u0105 o zg\u0142aszanie si\u0119 do dr Krzysztofa Kila \u2013 Opiekuna praktyk w tej Katedrze.<\/p>\n\n\n\n<p>Termin realizacji praktyki, czas jej trwania, w tym liczb\u0119 przyznanych punkt\u00f3w ECTS za zaliczenie praktyki, okre\u015blaj\u0105 kierunkowe plany studi\u00f3w.<\/p>\n\n\n\n<p><strong>Wa\u017cne!<\/strong>&nbsp;Praktyka powinna trwa\u0107 4 tygodnie. W przypadku zatrudnienia\/samozatrudnienia, czas realizacji praktyki wskazuje Praktykant, wybieraj\u0105c w\u0142a\u015bciwy dla okresu zatrudnienia\/samozatrudnienia termin trwaj\u0105cy 4 tygodnie.<\/p>\n\n\n\n<p><strong>Wa\u017cne!<\/strong>&nbsp;Praktyka powinna by\u0107 zrealizowana do ko\u0144ca 5 semestru studi\u00f3w (I stopie\u0144) lub do uko\u0144czenia 4 semestru studi\u00f3w (II stopie\u0144).<\/p>\n\n\n\n<p>Umowa o praktyk\u0119 lub inna umowa potwierdzaj\u0105ca zatrudnienie, zawarta w j\u0119zyku obcym powinna by\u0107 przet\u0142umaczona na j\u0119zyk polski.<\/p>\n\n\n\n<p>Osoby zainteresowane odbyciem praktyki zapraszam do skorzystania z oferty praktyk studenckich przedstawionej w elektronicznej bazie danych:&nbsp;<a href=\"http:\/\/kariery.uek.krakow.pl\/\">kariery.uek.krakow.pl<\/a><\/p>\n","protected":false},"excerpt":{"rendered":"<p>Opiekun studenckich praktyk zawodowych w Katedrze Bankowo\u015bci i Globalnego Systemu Finansowego: dr Krzysztof Kil, pawilon F., pok\u00f3j 710, e-mail: krzysztof.kil@uek.krakow.pl . Od 24.02.2025 roku obowi\u0105zuje nowa formu\u0142a zaliczania praktyk studenckich, zgodna z zapisami Zarz\u0105dzenia JM Rektora, dost\u0119pnego wraz z za\u0142\u0105cznikami na stronie (link do strony zewn\u0119trznej):&nbsp;https:\/\/bip.uek.krakow.pl\/zarzadzenie\/3594\/zarzadzenie-nr-r-0211-4-2025 . Informacje dodatkowe Praktyka zawodowa powinna spe\u0142nia\u0107 warunki okre\u015blone [&hellip;]<\/p>\n","protected":false},"author":1,"featured_media":0,"parent":8562,"menu_order":0,"comment_status":"closed","ping_status":"closed","template":"","meta":{"_acf_changed":false,"footnotes":""},"class_list":["post-8566","page","type-page","status-publish","hentry"],"acf":[],"_links":{"self":[{"href":"https:\/\/if.uek.krakow.pl\/kbgsf\/wp-json\/wp\/v2\/pages\/8566","targetHints":{"allow":["GET"]}}],"collection":[{"href":"https:\/\/if.uek.krakow.pl\/kbgsf\/wp-json\/wp\/v2\/pages"}],"about":[{"href":"https:\/\/if.uek.krakow.pl\/kbgsf\/wp-json\/wp\/v2\/types\/page"}],"author":[{"embeddable":true,"href":"https:\/\/if.uek.krakow.pl\/kbgsf\/wp-json\/wp\/v2\/users\/1"}],"replies":[{"embeddable":true,"href":"https:\/\/if.uek.krakow.pl\/kbgsf\/wp-json\/wp\/v2\/comments?post=8566"}],"version-history":[{"count":2,"href":"https:\/\/if.uek.krakow.pl\/kbgsf\/wp-json\/wp\/v2\/pages\/8566\/revisions"}],"predecessor-version":[{"id":8568,"href":"https:\/\/if.uek.krakow.pl\/kbgsf\/wp-json\/wp\/v2\/pages\/8566\/revisions\/8568"}],"up":[{"embeddable":true,"href":"https:\/\/if.uek.krakow.pl\/kbgsf\/wp-json\/wp\/v2\/pages\/8562"}],"wp:attachment":[{"href":"https:\/\/if.uek.krakow.pl\/kbgsf\/wp-json\/wp\/v2\/media?parent=8566"}],"curies":[{"name":"wp","href":"https:\/\/api.w.org\/{rel}","templated":true}]}}