{"id":8583,"date":"2025-10-10T14:50:58","date_gmt":"2025-10-10T12:50:58","guid":{"rendered":"https:\/\/institutes.uek.krakow.pl\/kbgsf\/?page_id=8583"},"modified":"2025-10-10T14:51:52","modified_gmt":"2025-10-10T12:51:52","slug":"kolo-naukowe-bankowosci","status":"publish","type":"page","link":"https:\/\/if.uek.krakow.pl\/kbgsf\/studenci\/kolo-naukowe-bankowosci\/","title":{"rendered":"Ko\u0142o Naukowe Bankowo\u015bci"},"content":{"rendered":"\n<p>Jeste\u015b zainteresowany tematami zwi\u0105zanymi z bankowo\u015bci\u0105? Zapraszamy do ko\u0142a naukowego dzia\u0142aj\u0105cego przy Katedrze Bankowo\u015bci i Globalnego Systemu Finansowego.<\/p>\n\n\n\n<p>Wsparcie merytoryczne Ko\u0142a Naukowego Bankowo\u015bci, pracownicy Katedry Bankowo\u015bci i Globalnego Systemu Finansowego w szczeg\u00f3lno\u015bci:<\/p>\n\n\n\n<ul class=\"wp-block-list\">\n<li>prof. dr hab. Ewa Miklaszewska<\/li>\n\n\n\n<li>prof. UEK dr hab. Mateusz Folwarski,<\/li>\n\n\n\n<li>dr Krzysztof Kil.<\/li>\n<\/ul>\n\n\n\n<p><strong>Opiekun Ko\u0142a Naukowego Bankowo\u015bci: dr Krzysztof Kil.<\/strong><\/p>\n\n\n\n<p>Je\u017celi chcesz zobaczy\u0107 czym si\u0119 zajmujemy zapraszamy na nasz\u0105 stron\u0119 internetow\u0105:<\/p>\n\n\n\n<ul class=\"wp-block-list\">\n<li><a href=\"http:\/\/knb.uek.krakow.pl\/\">Strona Ko\u0142a Naukowego Bankowo\u015bci<\/a><\/li>\n\n\n\n<li><a href=\"https:\/\/www.facebook.com\/knbuek\/?fref=ts\">Profil na Facebooku<\/a><\/li>\n<\/ul>\n\n\n\n<p>Zach\u0119camy do zapoznania si\u0119 z now\u0105 monografi\u0105 przygotowan\u0105 przez student\u00f3w Ko\u0142a Naukowego Bankowo\u015bci:\u00a0<\/p>\n\n\n\n<div data-wp-interactive=\"core\/file\" class=\"wp-block-file\"><object data-wp-bind--hidden=\"!state.hasPdfPreview\" hidden class=\"wp-block-file__embed\" data=\"https:\/\/institutes.uek.krakow.pl\/kbgsf\/wp-content\/uploads\/sites\/27\/2025\/10\/Wybrane-problemy-wspolczesnej-bankowosci.pdf\" type=\"application\/pdf\" style=\"width:100%;height:600px\" aria-label=\"Osadzone z Wybrane-problemy-wspolczesnej-bankowosci.\"><\/object><a id=\"wp-block-file--media-6feef48f-5431-47ed-8fe7-e22032544db4\" href=\"https:\/\/institutes.uek.krakow.pl\/kbgsf\/wp-content\/uploads\/sites\/27\/2025\/10\/Wybrane-problemy-wspolczesnej-bankowosci.pdf\">Wybrane-problemy-wspolczesnej-bankowosci<\/a><a href=\"https:\/\/institutes.uek.krakow.pl\/kbgsf\/wp-content\/uploads\/sites\/27\/2025\/10\/Wybrane-problemy-wspolczesnej-bankowosci.pdf\" class=\"wp-block-file__button wp-element-button\" download aria-describedby=\"wp-block-file--media-6feef48f-5431-47ed-8fe7-e22032544db4\">Pobierz<\/a><\/div>\n","protected":false},"excerpt":{"rendered":"<p>Jeste\u015b zainteresowany tematami zwi\u0105zanymi z bankowo\u015bci\u0105? Zapraszamy do ko\u0142a naukowego dzia\u0142aj\u0105cego przy Katedrze Bankowo\u015bci i Globalnego Systemu Finansowego. Wsparcie merytoryczne Ko\u0142a Naukowego Bankowo\u015bci, pracownicy Katedry Bankowo\u015bci i Globalnego Systemu Finansowego w szczeg\u00f3lno\u015bci: Opiekun Ko\u0142a Naukowego Bankowo\u015bci: dr Krzysztof Kil. Je\u017celi chcesz zobaczy\u0107 czym si\u0119 zajmujemy zapraszamy na nasz\u0105 stron\u0119 internetow\u0105: Zach\u0119camy do zapoznania si\u0119 z [&hellip;]<\/p>\n","protected":false},"author":1,"featured_media":0,"parent":8562,"menu_order":0,"comment_status":"closed","ping_status":"closed","template":"","meta":{"_acf_changed":false,"footnotes":""},"class_list":["post-8583","page","type-page","status-publish","hentry"],"acf":[],"_links":{"self":[{"href":"https:\/\/if.uek.krakow.pl\/kbgsf\/wp-json\/wp\/v2\/pages\/8583","targetHints":{"allow":["GET"]}}],"collection":[{"href":"https:\/\/if.uek.krakow.pl\/kbgsf\/wp-json\/wp\/v2\/pages"}],"about":[{"href":"https:\/\/if.uek.krakow.pl\/kbgsf\/wp-json\/wp\/v2\/types\/page"}],"author":[{"embeddable":true,"href":"https:\/\/if.uek.krakow.pl\/kbgsf\/wp-json\/wp\/v2\/users\/1"}],"replies":[{"embeddable":true,"href":"https:\/\/if.uek.krakow.pl\/kbgsf\/wp-json\/wp\/v2\/comments?post=8583"}],"version-history":[{"count":2,"href":"https:\/\/if.uek.krakow.pl\/kbgsf\/wp-json\/wp\/v2\/pages\/8583\/revisions"}],"predecessor-version":[{"id":8588,"href":"https:\/\/if.uek.krakow.pl\/kbgsf\/wp-json\/wp\/v2\/pages\/8583\/revisions\/8588"}],"up":[{"embeddable":true,"href":"https:\/\/if.uek.krakow.pl\/kbgsf\/wp-json\/wp\/v2\/pages\/8562"}],"wp:attachment":[{"href":"https:\/\/if.uek.krakow.pl\/kbgsf\/wp-json\/wp\/v2\/media?parent=8583"}],"curies":[{"name":"wp","href":"https:\/\/api.w.org\/{rel}","templated":true}]}}