{"id":8589,"date":"2025-10-10T14:53:02","date_gmt":"2025-10-10T12:53:02","guid":{"rendered":"https:\/\/institutes.uek.krakow.pl\/kbgsf\/?page_id=8589"},"modified":"2025-10-10T14:53:21","modified_gmt":"2025-10-10T12:53:21","slug":"koordynator-ds-dostepnosci","status":"publish","type":"page","link":"https:\/\/if.uek.krakow.pl\/kbgsf\/studenci\/koordynator-ds-dostepnosci\/","title":{"rendered":"Koordynator ds. Dost\u0119pno\u015bci"},"content":{"rendered":"\n<p><br>Katedralnym Pe\u0142nomocnikiem ds. Dost\u0119pno\u015bci jest dr Micha\u0142 Boda.<\/p>\n\n\n\n<p>Dane kontaktowe :<br>dr Micha\u0142 Boda<br>pok. 711, pawilon F<br>terminy konsultacji:&nbsp;<a href=\"https:\/\/e-uczelnia.uek.krakow.pl\/course\/view.php?id=6681#section-0\">e-wizyt\u00f3wka<\/a><br>adres e-mail: bodam@uek.krakow.pl<\/p>\n\n\n\n<p>Zach\u0119camy do uczestnictwa w szkoleniach na bie\u017c\u0105co organizowanych przez Biuro ds. Os\u00f3b z Niepe\u0142nosprawno\u015bciami:&nbsp;<a href=\"http:\/\/www.bon.uek.krakow.pl\/\">http:\/\/www.bon.uek.krakow.pl<\/a><\/p>\n\n\n\n<p><\/p>\n\n\n\n<p><strong>Wa\u017cne adresy:<\/strong><\/p>\n\n\n\n<p><strong>Biuro ds. Os\u00f3b z Niepe\u0142nosprawno\u015bciami<\/strong><br>Uniwersytet Ekonomiczny w Krakowie<br>ul. Rakowicka 27<br>31-510 Krak\u00f3w<br>Pawilon D, Pok\u00f3j 20<br>tel.: 12 293 51 20<br>tel.\/fax: 12 293 51 19<br>kom.: 695 608 630 \/ 695 608 640<br>UWAGA! kom.: 881 921 211 (kontakt wy\u0142\u0105cznie dla os\u00f3b nies\u0142ysz\u0105cych)<br>bon@uek.krakow.pl<\/p>\n\n\n\n<p><\/p>\n\n\n\n<p><strong>Centrum Wsparcia Psychologicznego<\/strong><br>Uniwersytet Ekonomiczny w Krakowie<br>ul. Rakowicka 27<br>31-510 Krak\u00f3w<br>Pawilon D, pok\u00f3j 18<br>tel.: (12) 293-51-17 (CWP)<br>cwp@uek.krakow.pl<\/p>\n\n\n\n<p><strong>Przydatne linki:<\/strong><br>Strona g\u0142\u00f3wna Biura ds. Os\u00f3b Niepe\u0142nosprawnych:&nbsp;<a href=\"http:\/\/bon.uek.krakow.pl\/\">http:\/\/bon.uek.krakow.pl<\/a><br>Konsultacje psychologa:&nbsp;<a href=\"http:\/\/bon.uek.krakow.pl\/index.php?p=m&amp;idg=ps,79\">http:\/\/bon.uek.krakow.pl\/index.php?p=m&amp;idg=ps,79<\/a><\/p>\n","protected":false},"excerpt":{"rendered":"<p>Katedralnym Pe\u0142nomocnikiem ds. Dost\u0119pno\u015bci jest dr Micha\u0142 Boda. Dane kontaktowe :dr Micha\u0142 Bodapok. 711, pawilon Fterminy konsultacji:&nbsp;e-wizyt\u00f3wkaadres e-mail: bodam@uek.krakow.pl Zach\u0119camy do uczestnictwa w szkoleniach na bie\u017c\u0105co organizowanych przez Biuro ds. Os\u00f3b z Niepe\u0142nosprawno\u015bciami:&nbsp;http:\/\/www.bon.uek.krakow.pl Wa\u017cne adresy: Biuro ds. Os\u00f3b z Niepe\u0142nosprawno\u015bciamiUniwersytet Ekonomiczny w Krakowieul. Rakowicka 2731-510 Krak\u00f3wPawilon D, Pok\u00f3j 20tel.: 12 293 51 20tel.\/fax: 12 293 [&hellip;]<\/p>\n","protected":false},"author":1,"featured_media":0,"parent":8562,"menu_order":0,"comment_status":"closed","ping_status":"closed","template":"","meta":{"_acf_changed":false,"footnotes":""},"class_list":["post-8589","page","type-page","status-publish","hentry"],"acf":[],"_links":{"self":[{"href":"https:\/\/if.uek.krakow.pl\/kbgsf\/wp-json\/wp\/v2\/pages\/8589","targetHints":{"allow":["GET"]}}],"collection":[{"href":"https:\/\/if.uek.krakow.pl\/kbgsf\/wp-json\/wp\/v2\/pages"}],"about":[{"href":"https:\/\/if.uek.krakow.pl\/kbgsf\/wp-json\/wp\/v2\/types\/page"}],"author":[{"embeddable":true,"href":"https:\/\/if.uek.krakow.pl\/kbgsf\/wp-json\/wp\/v2\/users\/1"}],"replies":[{"embeddable":true,"href":"https:\/\/if.uek.krakow.pl\/kbgsf\/wp-json\/wp\/v2\/comments?post=8589"}],"version-history":[{"count":2,"href":"https:\/\/if.uek.krakow.pl\/kbgsf\/wp-json\/wp\/v2\/pages\/8589\/revisions"}],"predecessor-version":[{"id":8591,"href":"https:\/\/if.uek.krakow.pl\/kbgsf\/wp-json\/wp\/v2\/pages\/8589\/revisions\/8591"}],"up":[{"embeddable":true,"href":"https:\/\/if.uek.krakow.pl\/kbgsf\/wp-json\/wp\/v2\/pages\/8562"}],"wp:attachment":[{"href":"https:\/\/if.uek.krakow.pl\/kbgsf\/wp-json\/wp\/v2\/media?parent=8589"}],"curies":[{"name":"wp","href":"https:\/\/api.w.org\/{rel}","templated":true}]}}