{"id":8596,"date":"2025-10-10T14:57:34","date_gmt":"2025-10-10T12:57:34","guid":{"rendered":"https:\/\/institutes.uek.krakow.pl\/kbgsf\/?page_id=8596"},"modified":"2026-03-02T10:19:39","modified_gmt":"2026-03-02T09:19:39","slug":"kierunki-i-specjalnosci","status":"publish","type":"page","link":"https:\/\/if.uek.krakow.pl\/kbgsf\/kierunki-i-specjalnosci\/","title":{"rendered":"Kierunki i specjalno\u015bci"},"content":{"rendered":"\n<ol class=\"wp-block-list\">\n<li><strong>Katedra prowadzi kierunek na studiach magisterskich: BANKOWOSC i ZARZADZANIE RYZYKIEM<\/strong>\u00a0wraz z Katedr\u0105 Zarzadzania Ryzykiem i Ubezpiecze\u0144.<br>Program studi\u00f3w k\u0142adzie nacisk na analiz\u0119 r\u00f3\u017cnych obszar\u00f3w funkcjonowania instytucji sektora bankowego, ubezpieczeniowego i szeroko rozumianego sektora po\u015brednictwa finansowego. Szczeg\u00f3ln\u0105 uwag\u0119 po\u015bwiecono kwestiom zarz\u0105dzania ryzykiem na rynku finansowym, z uwzgl\u0119dnieniem do\u015bwiadcze\u0144 globalnego kryzysu finansowego z lat 2007-2009 oraz obecnych trend\u00f3w na rynkach finansowych.<br>W procesie kszta\u0142cenia wykorzystywane s\u0105 innowacyjne formy nauczania, w tym wyk\u0142ady zaproszonych specjalist\u00f3w oraz tutoriale prowadzone s\u0105 przez certyfikowanych tutor\u00f3w.<br>Kierunek przygotowuje student\u00f3w do egzaminu na\u00a0Europejski Certyfikat Bankowca ECB EFCB 3E oraz do pa\u0144stwowego egzaminu dla broker\u00f3w ubezpieczeniowych.\u00a0Od 2023 roku kierunek podlega certyfikacji Systemu Standard\u00f3w Kwalifikacyjnych Zwi\u0105zku Bank\u00f3w Polskich, kt\u00f3ry zwalnia student\u00f3w z cz\u0119\u015bci egzaminu na ECB EFCB 3E .<br>Ulotka kierunku Bankowo\u015b\u0107 i zarz\u0105dzanie ryzykiem: <a href=\"https:\/\/if.uek.krakow.pl\/kbgsf\/wp-content\/uploads\/sites\/27\/2026\/03\/bankowosc_zarzadzanie_ryzykiem_ulotka_2026.pdf\">kliknij tutaj<\/a>.<br><br><\/li>\n\n\n\n<li><strong>Katedra wsp\u00f3\u0142prowadzi specjalno\u015b\u0107 na I st. studi\u00f3w kierunku Finanse i rachunkowo\u015b\u0107: Bankowo\u015b\u0107, rynki finansowe i ubezpieczenia<\/strong><br>Specjalno\u015b\u0107 Bankowo\u015b\u0107, rynki finansowe i ubezpieczenia jest odpowiedzi\u0105 na zmiany ewolucyjne zachodz\u0105ce w otoczeniu funkcjonowania bank\u00f3w i rynk\u00f3w finansowych oraz wynikaj\u0105c\u0105 z tego faktu konieczno\u015b\u0107 dostosowania procesu i efekt\u00f3w kszta\u0142cenia do nowych wyzwa\u0144 i potrzeb instytucji publicznych i prywatnych sektora finansowego oraz podmiot\u00f3w sfery realnej gospodarki.\u00a0 Program obejmuje swym zakresem tak\u017ce firmy FinTech i nowe technologie w bankowo\u015bci, elementy zarz\u0105dzania ryzykiem w dzia\u0142alno\u015bci bankowej oraz problematyk\u0119 zachowa\u0144 etycznych i standard\u00f3w profesjonalnych w bankowo\u015bci i finansach.\u00a0<br>Proponowany program specjalno\u015bci jest w pe\u0142ni dostosowany do wymog\u00f3w CFA (poziom I).\u00a0<br>Studenci maj\u0105 mo\u017cliwo\u015b\u0107 zapisania si\u0119 do Ko\u0142a Naukowego Bankowo\u015bci, Ko\u0142a Naukowego Rynku Kapita\u0142owego INDEX lub Ko\u0142a Naukowego Ubezpiecze\u0144 \u201cRisk Management\u201d.<br>Ulotka specjalno\u015bci Bankowo\u015b\u0107, rynki finansowe i ubezpieczenia: <a href=\"https:\/\/if.uek.krakow.pl\/kbgsf\/wp-content\/uploads\/sites\/27\/2026\/03\/BRU_I_st_ulotka-elektroniczna_2026.pdf\">kliknij tutaj<\/a>.<br><br><\/li>\n\n\n\n<li><strong>Katedra wsp\u00f3\u0142prowadzi specjalno\u015b\u0107 na II st. studi\u00f3w kierunku Finanse i rachunkowo\u015b\u0107<\/strong>: <strong>Bankowo\u015b\u0107 korporacyjna i specjalistyczna<br><\/strong>Specjalno\u015b\u0107 Bankowo\u015b\u0107 korporacyjna i specjalistyczna zosta\u0142a zaprojektowana z my\u015bl\u0105 o osobach, kt\u00f3re chc\u0105 rozwija\u0107 karier\u0119 w bankowo\u015bci korporacyjnej, finansowaniu przedsi\u0119biorstw oraz obszarze us\u0142ug dla klient\u00f3w instytucjonalnych. Program \u0142\u0105czy wiedz\u0119 finansow\u0105 z praktycznymi aspektami wsp\u00f3\u0142pracy banku z firmami oraz sektorem publicznym. W trakcie studi\u00f3w uczestnicy poznaj\u0105 m.in. zagadnienia zwi\u0105zane z analiz\u0105 kredytow\u0105 przedsi\u0119biorstw, finansowaniem inwestycji, bankowo\u015bci\u0105 transakcyjn\u0105, strukturami cash poolingu oraz us\u0142ugami powierniczymi. Zaj\u0119cia obejmuj\u0105 r\u00f3wnie\u017c analiz\u0119 danych finansowych w kontek\u015bcie oceny ryzyka i rentowno\u015bci projekt\u00f3w.\u00a0 Absolwenci s\u0105 przygotowani do pracy w bankach korporacyjnych, firmach doradczych, instytucjach finansowych oraz dzia\u0142ach finansowych przedsi\u0119biorstw.<br>Ulotka specjalno\u015bci Bankowo\u015b\u0107 korporacyjna i specjalistyczna: <a href=\"https:\/\/if.uek.krakow.pl\/kbgsf\/wp-content\/uploads\/sites\/27\/2026\/03\/BKS_II_st_ulotka-elektroniczna_2026.pdf\">kliknij tutaj<\/a>.<\/li>\n<\/ol>\n\n\n\n<p class=\"has-white-color has-text-color has-link-color wp-elements-c645e628e62f8fbab9d9726851472d16\"><\/p>\n","protected":false},"excerpt":{"rendered":"","protected":false},"author":1,"featured_media":0,"parent":0,"menu_order":0,"comment_status":"closed","ping_status":"closed","template":"","meta":{"_acf_changed":false,"footnotes":""},"class_list":["post-8596","page","type-page","status-publish","hentry"],"acf":[],"_links":{"self":[{"href":"https:\/\/if.uek.krakow.pl\/kbgsf\/wp-json\/wp\/v2\/pages\/8596","targetHints":{"allow":["GET"]}}],"collection":[{"href":"https:\/\/if.uek.krakow.pl\/kbgsf\/wp-json\/wp\/v2\/pages"}],"about":[{"href":"https:\/\/if.uek.krakow.pl\/kbgsf\/wp-json\/wp\/v2\/types\/page"}],"author":[{"embeddable":true,"href":"https:\/\/if.uek.krakow.pl\/kbgsf\/wp-json\/wp\/v2\/users\/1"}],"replies":[{"embeddable":true,"href":"https:\/\/if.uek.krakow.pl\/kbgsf\/wp-json\/wp\/v2\/comments?post=8596"}],"version-history":[{"count":7,"href":"https:\/\/if.uek.krakow.pl\/kbgsf\/wp-json\/wp\/v2\/pages\/8596\/revisions"}],"predecessor-version":[{"id":9095,"href":"https:\/\/if.uek.krakow.pl\/kbgsf\/wp-json\/wp\/v2\/pages\/8596\/revisions\/9095"}],"wp:attachment":[{"href":"https:\/\/if.uek.krakow.pl\/kbgsf\/wp-json\/wp\/v2\/media?parent=8596"}],"curies":[{"name":"wp","href":"https:\/\/api.w.org\/{rel}","templated":true}]}}