{"id":9121,"date":"2026-04-20T16:43:54","date_gmt":"2026-04-20T14:43:54","guid":{"rendered":"https:\/\/if.uek.krakow.pl\/kbgsf\/?page_id=9121"},"modified":"2026-05-06T08:42:04","modified_gmt":"2026-05-06T06:42:04","slug":"szkolenie-erste","status":"publish","type":"page","link":"https:\/\/if.uek.krakow.pl\/kbgsf\/szkolenie-erste\/","title":{"rendered":"Szkolenie Erste"},"content":{"rendered":"\n<p>Chcesz lepiej zrozumie\u0107 bankowo\u015b\u0107 i finanse w praktyce? <strong>Aplikuj na Szkolenie Erste | Europejski Certyfikat Bankowca EFCB 3E UEK 2026<\/strong>! Ten program jest szans\u0105 na poszerzenie wiedzy o europejskim rynku finansowym oraz zdobycie <strong>Europejskiego Certyfikatu Bankowca <\/strong><strong>EFCB 3E<\/strong><strong>!<\/strong><\/p>\n\n\n\n<div style=\"height:40px\" aria-hidden=\"true\" class=\"wp-block-spacer\"><\/div>\n\n\n\n<p><strong>Z czego sk\u0142ada si\u0119 program<\/strong><\/p>\n\n\n\n<p><strong>I etap<\/strong><\/p>\n\n\n\n<p>Przyznamy min. 500 miejsc. Zyskasz dost\u0119p do szkolenia online z nagraniami i materia\u0142ami edukacyjnymi z zakresu finans\u00f3w i bankowo\u015bci. Szkolenie przygotuje Ci\u0119 do testu wiedzy o europejskim rynku bankowym. To mi\u0119dzy innymi wynik testu zadecyduje o tym, czy zyskasz dofinansowanie do Europejskiego Certyfikatu Bankowca.<\/p>\n\n\n\n<p><strong>II etap<\/strong><\/p>\n\n\n\n<p>Przyznamy 80 miejsc na <strong>Europejski Certyfikat Bankowca EFCB 3E<\/strong>&nbsp;\u2013 100% dofinansowania do egzaminu, materia\u0142y edukacyjne oraz testy pr\u00f3bne, kt\u00f3re pomog\u0105 Ci w przygotowaniach.<\/p>\n\n\n\n<div style=\"height:40px\" aria-hidden=\"true\" class=\"wp-block-spacer\"><\/div>\n\n\n\n<p><strong>Do kogo skierowany jest program<\/strong><\/p>\n\n\n\n<p>Program jest skierowany do os\u00f3b, kt\u00f3re:<\/p>\n\n\n\n<ul class=\"wp-block-list\">\n<li>maj\u0105 uko\u0144czone 18 lat (w dniu wys\u0142ania aplikacji) i mieszkaj\u0105 w Polsce,<\/li>\n\n\n\n<li>chc\u0105 zag\u0142\u0119bi\u0107 si\u0119 w \u015bwiat europejskiego rynku finansowego,<\/li>\n\n\n\n<li>mog\u0105 przyst\u0105pi\u0107 do egzaminu w ramach Europejskiego Certyfikatu Bankowca EFCB 3E stacjonarnie na Uniwersytecie Ekonomicznym w Krakowie 3 lipca 2026 r. (I tura) lub 8 lipca 2026 r. (II tura).<\/li>\n<\/ul>\n\n\n\n<p><strong>Jak aplikowa\u0107<\/strong><\/p>\n\n\n\n<ul class=\"wp-block-list\">\n<li>Do <strong>8 czerwca 2026 r.<\/strong> wype\u0142nij i wy\u015blij formularz aplikacyjny: <a href=\"https:\/\/forms.microsoft.com\/e\/2V9VTtLM0v\">https:\/\/forms.microsoft.com\/e\/2V9VTtLM0v<\/a><\/li>\n\n\n\n<li>Do <strong>10 czerwca 2026 r.<\/strong> rozwi\u0105\u017c test znajomo\u015bci j\u0119zyka angielskiego oraz odpowiedz na pytanie dotycz\u0105ce Twojej motywacji do udzia\u0142u w programie. Test i pytanie znajdziesz na platformie Moodle, do kt\u00f3rej otrzymasz link w ci\u0105gu 7 dni od wys\u0142ania aplikacji.<\/li>\n<\/ul>\n\n\n\n<p><strong>Zapami\u0119taj te daty<\/strong><\/p>\n\n\n\n<ul class=\"wp-block-list\">\n<li>Do <strong>11 czerwca 2026 r.<\/strong> \u2013 poinformujemy Ci\u0119 mailowo, czy jeste\u015b w gronie os\u00f3b zakwalifikowanych do drugiego etapu programu.<\/li>\n\n\n\n<li><strong>13 czerwca 2026 r. w godz. 13.00-15.00<\/strong> \u2013 je\u017celi jeste\u015b osob\u0105 zakwalifikowan\u0105 do drugiego etapu programu, rozwi\u0105\u017c test wiedzy o europejskim rynku bankowym, udost\u0119pniony na platformie Moodle.<\/li>\n\n\n\n<li>Do <strong>15 czerwca 2026 r.<\/strong> \u2013 poinformujemy Ci\u0119, czy jeste\u015b w gronie os\u00f3b, kt\u00f3re uzyska\u0142y dofinansowanie do Europejskiego Certyfikatu Bankowca EFCB 3E.<\/li>\n\n\n\n<li>Do <strong>19 czerwca 2026 r.<\/strong> \u2013 potwierd\u017a przyj\u0119cie nagrody poprzez formularz informacyjny oraz dokonaj wp\u0142aty z tytu\u0142u op\u0142aty partycypacyjnej, zgodnie z instrukcj\u0105 przes\u0142an\u0105 mailowo (zwr\u00f3cimy Ci op\u0142at\u0119 partycypacyjn\u0105, je\u017celi uzyskasz pozytywny wynik egzaminu w pierwszym terminie)<\/li>\n\n\n\n<li><strong>3 lipca 2026 r. lub 8 lipca 2026 r. o godz. 17.30 <\/strong>\u2013we\u017a udzia\u0142 w egzaminie na Europejski Certyfikat Bankowca EFCB 3E, kt\u00f3ry odb\u0119dzie si\u0119 na Uniwersytecie Ekonomicznym w Krakowie.<\/li>\n<\/ul>\n\n\n\n<p><strong>Co we\u017amiemy pod uwag\u0119, gdy b\u0119dziemy wybiera\u0107 uczestnik\u00f3w programu<\/strong><\/p>\n\n\n\n<p>Na I etapie we\u017amiemy pod uwag\u0119:<\/p>\n\n\n\n<ul class=\"wp-block-list\">\n<li>spe\u0142nienie warunk\u00f3w formalnych,<\/li>\n\n\n\n<li>wynik testu znajomo\u015bci j\u0119zyka angielskiego,<\/li>\n\n\n\n<li>odpowied\u017a na pytanie dotycz\u0105ce motywacji do udzia\u0142u w programie.<\/li>\n<\/ul>\n\n\n\n<p>Na II etapie we\u017amiemy pod uwag\u0119:<\/p>\n\n\n\n<ul class=\"wp-block-list\">\n<li>wyniki z I etapu rekrutacji,<\/li>\n\n\n\n<li>wynik testu wiedzy o europejskim rynku bankowym.<\/li>\n<\/ul>\n\n\n\n<p><strong>Regulamin<\/strong><\/p>\n\n\n\n<p>Szczeg\u00f3\u0142owe informacje na temat programu znajdziesz w <strong>Regulaminie konkursu Szkolenie Erste | Europejski Certyfikat Bankowca EFCB 3E UEK 2026<\/strong> i jego za\u0142\u0105cznikach.<\/p>\n\n\n\n<div class=\"wp-block-group\"><div class=\"wp-block-group__inner-container is-layout-constrained wp-block-group-is-layout-constrained\">\n<div class=\"wp-block-group\"><div class=\"wp-block-group__inner-container is-layout-constrained wp-block-group-is-layout-constrained\">\n<ul class=\"wp-block-list\">\n<li><a href=\"https:\/\/if.uek.krakow.pl\/kbgsf\/wp-content\/uploads\/sites\/27\/2026\/05\/Regulamin-konkursu-Szkolenie-Erste-Europejski-Certyfikat-Bankowca-EFCB-3E-UEK-2026-1.pdf\">Regulamin konkursu Szkolenie Erste Europejski Certyfikat Bankowca EFCB 3E UEK 2026<\/a><\/li>\n\n\n\n<li><a href=\"https:\/\/if.uek.krakow.pl\/kbgsf\/wp-content\/uploads\/sites\/27\/2026\/05\/Slownik-do-regulaminu-konkursu.pdf\">S\u0142ownik do regulaminu konkursu Szkolenie Erste | Europejski Certyfikat Bankowca EFCB 3E UEK 2026<\/a><\/li>\n\n\n\n<li><a href=\"https:\/\/if.uek.krakow.pl\/kbgsf\/wp-content\/uploads\/sites\/27\/2026\/05\/Zalacznik-nr-1.-Harmonogram-egzaminu.pdf\">Za\u0142\u0105cznik nr 1. Harmonogram egzaminu na Europejski Certyfikat Bankowca<\/a><\/li>\n\n\n\n<li><a href=\"https:\/\/if.uek.krakow.pl\/kbgsf\/wp-content\/uploads\/sites\/27\/2026\/05\/Zalacznik-nr-2.-Klauzula-informacyjna.pdf\">Za\u0142\u0105cznik nr 2. Klauzula informacyjna o przetwarzaniu danych osobowych przez Organizatora<\/a><\/li>\n<\/ul>\n<\/div><\/div>\n<\/div><\/div>\n\n\n\n<p><strong>W razie pyta\u0144 skontaktuj si\u0119 z nami<\/strong><\/p>\n\n\n\n<p>Je\u017celi masz pytania dotycz\u0105ce programu, napisz do nas na adres: <a href=\"mailto:szkolenia.erste@uek.krakow.pl\">szkolenia.erste@uek.krakow.pl<\/a><\/p>\n\n\n\n<p><strong>\ud83d\udc49<\/strong><strong> Nie zastanawiaj si\u0119, aplikuj tutaj: <\/strong><a href=\"https:\/\/forms.microsoft.com\/e\/2V9VTtLM0v\"><strong>https:\/\/forms.microsoft.com\/e\/2V9VTtLM0v<\/strong><\/a><strong><\/strong><\/p>\n","protected":false},"excerpt":{"rendered":"<p>Chcesz lepiej zrozumie\u0107 bankowo\u015b\u0107 i finanse w praktyce? Aplikuj na Szkolenie Erste | Europejski Certyfikat Bankowca EFCB 3E UEK 2026! Ten program jest szans\u0105 na poszerzenie wiedzy o europejskim rynku finansowym oraz zdobycie Europejskiego Certyfikatu Bankowca EFCB 3E! Z czego sk\u0142ada si\u0119 program I etap Przyznamy min. 500 miejsc. Zyskasz dost\u0119p do szkolenia online z [&hellip;]<\/p>\n","protected":false},"author":15,"featured_media":0,"parent":0,"menu_order":0,"comment_status":"closed","ping_status":"closed","template":"","meta":{"_acf_changed":false,"footnotes":""},"class_list":["post-9121","page","type-page","status-publish","hentry"],"acf":[],"_links":{"self":[{"href":"https:\/\/if.uek.krakow.pl\/kbgsf\/wp-json\/wp\/v2\/pages\/9121","targetHints":{"allow":["GET"]}}],"collection":[{"href":"https:\/\/if.uek.krakow.pl\/kbgsf\/wp-json\/wp\/v2\/pages"}],"about":[{"href":"https:\/\/if.uek.krakow.pl\/kbgsf\/wp-json\/wp\/v2\/types\/page"}],"author":[{"embeddable":true,"href":"https:\/\/if.uek.krakow.pl\/kbgsf\/wp-json\/wp\/v2\/users\/15"}],"replies":[{"embeddable":true,"href":"https:\/\/if.uek.krakow.pl\/kbgsf\/wp-json\/wp\/v2\/comments?post=9121"}],"version-history":[{"count":12,"href":"https:\/\/if.uek.krakow.pl\/kbgsf\/wp-json\/wp\/v2\/pages\/9121\/revisions"}],"predecessor-version":[{"id":9155,"href":"https:\/\/if.uek.krakow.pl\/kbgsf\/wp-json\/wp\/v2\/pages\/9121\/revisions\/9155"}],"wp:attachment":[{"href":"https:\/\/if.uek.krakow.pl\/kbgsf\/wp-json\/wp\/v2\/media?parent=9121"}],"curies":[{"name":"wp","href":"https:\/\/api.w.org\/{rel}","templated":true}]}}