{"id":17,"date":"2025-05-15T10:13:22","date_gmt":"2025-05-15T08:13:22","guid":{"rendered":"https:\/\/institutes.uek.krakow.pl\/kfp\/?page_id=17"},"modified":"2025-10-13T12:03:41","modified_gmt":"2025-10-13T10:03:41","slug":"o-katedrze","status":"publish","type":"page","link":"https:\/\/if.uek.krakow.pl\/kfp\/o-katedrze\/","title":{"rendered":"O Katedrze"},"content":{"rendered":"\n<h2 class=\"wp-block-heading\">Nasza historia<\/h2>\n\n\n\n<p>Katedra Finans\u00f3w Przedsi\u0119biorstw powsta\u0142a w roku 2003, z przekszta\u0142cenia Zak\u0142adu Finans\u00f3w Przedsi\u0119biorstw, kt\u00f3ry funkcjonowa\u0142 jako jednostka Katedry Finans\u00f3w. W okresie 2003 \u2013 2014 kierownikiem katedry by\u0142 pan profesor Zbigniew Dresler, w latach 2014 \u2013 2016 pan profesor Krzysztof Sur\u00f3wka, w roku 2016-2017 prof. Tadeusz Grabi\u0144ski, a od pa\u017adziernika 2017 roku pani dr hab. Joanna Wyrobek prof. UEK.<\/p>\n\n\n\n<p>Przez wiele lat pracownikami obecnej Katedry, a \u00f3wczesnego zak\u0142adu byli: Konrad Hernik, Marek Le\u015bniak, Janusz \u017barnowski, \u015bp. dr Wac\u0142aw Wajda.<\/p>\n\n\n\n<p>W 1999 roku prac\u0119 w Katedrze podj\u0119li: Tomasz Ma\u015blanka i Joanna Wyrobek, dwa lata p\u00f3\u017aniej Marcin Molo, a w 2003 roku Katarzyna \u0141ach.<\/p>\n\n\n\n<p>W 2017 roku prac\u0119 w Katedrze rozpocz\u0119\u0142a Dorota K\u0119dzior, Marcin Sur\u00f3wka, a tak\u017ce pan profesor Andrzej Szopa.<\/p>\n\n\n\n<p>Obecnie w Katedrze pracuje osiem os\u00f3b.<\/p>\n\n\n\n<p>Kierownikiem Katedry jest dr hab. Barbara Nita-\u015awiat\u0142owska, prof. UEK.<\/p>\n\n\n\n<p>Pracownicy Katedry Prawa Karnego prowadz\u0105 zaj\u0119cia dydaktyczne z zakresu:<\/p>\n\n\n\n<ul class=\"wp-block-list\">\n<li>prawa karnego materialnego (cz\u0119\u015b\u0107 og\u00f3lna i szczeg\u00f3lna);<\/li>\n\n\n\n<li>post\u0119powania karnego;<\/li>\n\n\n\n<li>prawa karnego skarbowego;<\/li>\n\n\n\n<li>prawa wykrocze\u0144;<\/li>\n\n\n\n<li>prawa karnego wykonawczego;<\/li>\n\n\n\n<li>odpowiedzialno\u015bci podmiot\u00f3w zbiorowych za czyny zabronione pod gro\u017ab\u0105 kary.<\/li>\n<\/ul>\n","protected":false},"excerpt":{"rendered":"<p>Nasza historia Katedra Finans\u00f3w Przedsi\u0119biorstw powsta\u0142a w roku 2003, z przekszta\u0142cenia Zak\u0142adu Finans\u00f3w Przedsi\u0119biorstw, kt\u00f3ry funkcjonowa\u0142 jako jednostka Katedry Finans\u00f3w. W okresie 2003 \u2013 2014 kierownikiem katedry by\u0142 pan profesor Zbigniew Dresler, w latach 2014 \u2013 2016 pan profesor Krzysztof Sur\u00f3wka, w roku 2016-2017 prof. Tadeusz Grabi\u0144ski, a od pa\u017adziernika 2017 roku pani dr hab. [&hellip;]<\/p>\n","protected":false},"author":1,"featured_media":0,"parent":0,"menu_order":0,"comment_status":"closed","ping_status":"closed","template":"","meta":{"_acf_changed":false,"footnotes":""},"class_list":["post-17","page","type-page","status-publish","hentry"],"acf":[],"_links":{"self":[{"href":"https:\/\/if.uek.krakow.pl\/kfp\/wp-json\/wp\/v2\/pages\/17","targetHints":{"allow":["GET"]}}],"collection":[{"href":"https:\/\/if.uek.krakow.pl\/kfp\/wp-json\/wp\/v2\/pages"}],"about":[{"href":"https:\/\/if.uek.krakow.pl\/kfp\/wp-json\/wp\/v2\/types\/page"}],"author":[{"embeddable":true,"href":"https:\/\/if.uek.krakow.pl\/kfp\/wp-json\/wp\/v2\/users\/1"}],"replies":[{"embeddable":true,"href":"https:\/\/if.uek.krakow.pl\/kfp\/wp-json\/wp\/v2\/comments?post=17"}],"version-history":[{"count":5,"href":"https:\/\/if.uek.krakow.pl\/kfp\/wp-json\/wp\/v2\/pages\/17\/revisions"}],"predecessor-version":[{"id":101,"href":"https:\/\/if.uek.krakow.pl\/kfp\/wp-json\/wp\/v2\/pages\/17\/revisions\/101"}],"wp:attachment":[{"href":"https:\/\/if.uek.krakow.pl\/kfp\/wp-json\/wp\/v2\/media?parent=17"}],"curies":[{"name":"wp","href":"https:\/\/api.w.org\/{rel}","templated":true}]}}