{"id":17,"date":"2025-05-15T10:13:22","date_gmt":"2025-05-15T08:13:22","guid":{"rendered":"https:\/\/institutes.uek.krakow.pl\/kfpf\/?page_id=17"},"modified":"2025-11-25T14:45:51","modified_gmt":"2025-11-25T13:45:51","slug":"o-katedrze","status":"publish","type":"page","link":"https:\/\/if.uek.krakow.pl\/kfpf\/o-katedrze\/","title":{"rendered":"O Katedrze"},"content":{"rendered":"\n<figure class=\"wp-block-image size-large\"><img decoding=\"async\" width=\"1024\" height=\"700\" loading=\"lazy\" src=\"https:\/\/institutes.uek.krakow.pl\/kfpf\/wp-content\/uploads\/sites\/32\/2025\/10\/katedra-ludzie-1024x700.webp\" alt=\"Zdj\u0119cie grupy ludzi \u2013 pracownik\u00f3w katedry\" class=\"wp-image-179\" srcset=\"https:\/\/if.uek.krakow.pl\/kfpf\/wp-content\/uploads\/sites\/32\/2025\/10\/katedra-ludzie-1024x700.webp 1024w, https:\/\/if.uek.krakow.pl\/kfpf\/wp-content\/uploads\/sites\/32\/2025\/10\/katedra-ludzie-600x410.webp 600w, https:\/\/if.uek.krakow.pl\/kfpf\/wp-content\/uploads\/sites\/32\/2025\/10\/katedra-ludzie-768x525.webp 768w, https:\/\/if.uek.krakow.pl\/kfpf\/wp-content\/uploads\/sites\/32\/2025\/10\/katedra-ludzie-1536x1050.webp 1536w, https:\/\/if.uek.krakow.pl\/kfpf\/wp-content\/uploads\/sites\/32\/2025\/10\/katedra-ludzie.webp 1800w\" sizes=\"auto, (max-width: 1024px) 100vw, 1024px\" \/><\/figure>\n\n\n\n<h2 class=\"wp-block-heading has-keif-secondary-color has-text-color has-link-color wp-elements-412205355f42419134df876e35eb797d\">KATEDRA FINANS\u00d3W I POLITYKI FINANSOWEJ<\/h2>\n\n\n\n<p><strong>Kierownik Katedry: dr hab. Anna Mo\u017adzierz, prof. UEK<\/strong><\/p>\n\n\n\n<p>Sekretariat Katedry: mgr Katarzyna Michalska paw. F\u00a0 pok. 707, tel. (0-12) 293 53 69<\/p>\n\n\n\n<p><strong>Katedra Finans\u00f3w i Polityki Finansowej<\/strong> powsta\u0142a w wyniku przekszta\u0142cenia Katedry Finans\u00f3w w roku akademickim 2019\/2020. Od 1 pa\u017adziernika 2020 r. kierownikiem Katedry jest<strong> dr hab. Anna Mo\u017adzierz, prof. UEK. <\/strong>Badania naukowe prowadzone przez Pracownik\u00f3w Katedry dotycz\u0105 zjawisk i proces\u00f3w zachodz\u0105cych w obszarze polityki fiskalnej, polityki monetarnej, jak i w sektorze finansowym. Pracownicy Katedry zajmuj\u0105 si\u0119 prowadzeniem bada\u0144 nad instytucjonalnymi aspektami funkcjonowania system\u00f3w finansowych. Szczeg\u00f3lnym celem bada\u0144 jest identyfikacja, analiza i krytyczna ocena zmian instytucjonalnych w systemie finansowym w Polsce.<\/p>\n\n\n\n<p>Zagadnienia, kt\u00f3re poruszane s\u0105 w pracy naukowej to m. in.:<\/p>\n\n\n\n<ul class=\"wp-block-list\">\n<li>Ewolucja system\u00f3w regulacyjnych w sektorze finansowym<\/li>\n\n\n\n<li>Ocena skutk\u00f3w decentralizacji finans\u00f3w publicznych w Polsce<\/li>\n\n\n\n<li>Funkcjonowanie bud\u017cetu Unii Europejskiej<\/li>\n\n\n\n<li>Konsolidacja fiskalna w krajach Unii Europejskiej<\/li>\n\n\n\n<li>System pomocy publicznej dla przedsi\u0119biorstw Unii Europejskiej<\/li>\n\n\n\n<li>Bankowo\u015b\u0107 sp\u00f3\u0142dzielcza w Polsce i w krajach europejskich traktowana jako integralny element system\u00f3w finansowych<\/li>\n\n\n\n<li>Zarz\u0105dzanie ryzykiem w instytucjach finansowych<\/li>\n\n\n\n<li>Konsolidacja na rynku finansowym<\/li>\n\n\n\n<li>Efektywno\u015b\u0107 i konkurencyjno\u015b\u0107 w sektorach bankowych kraj\u00f3w Europy \u015arodkowo-Wschodniej<\/li>\n\n\n\n<li>Relacje mi\u0119dzy bankowo\u015bci\u0105 (w tym bankowo\u015bci\u0105 hipoteczn\u0105) a rynkiem kapita\u0142owym<\/li>\n\n\n\n<li>Instytucje i instrumenty finansowania inwestycji w nieruchomo\u015bci<\/li>\n<\/ul>\n\n\n\n<h4 class=\"wp-block-heading\"><strong><br>Historycznie\u2026<\/strong><\/h4>\n\n\n\n<p>Nauki finansowe by\u0142y reprezentowane w Uczelni od chwili jej powstania, tj. od 1925 roku, chocia\u017c nie posiada\u0142y w\u00f3wczas w\u0142asnej kom\u00f3rki organizacyjnej. Dopiero w 1947 roku pod nazw\u0105&nbsp;<strong>Zak\u0142ad Skarbowo\u015bci<\/strong>&nbsp;powsta\u0142a pierwsza jednostka organizacyjna, kt\u00f3rej kierownikiem zosta\u0142&nbsp;<strong>prof. dr hab. Stefan Bolland<\/strong>. W 1949 roku powsta\u0142y dwa kolejne&nbsp;<strong>Zak\u0142ady \u2013 Bankowo\u015b\u0107 I oraz Bankowo\u015b\u0107 II<\/strong>. Wszystkie trzy Zak\u0142ady z chwil\u0105 przekszta\u0142cenia Akademii Handlowej w Wy\u017csz\u0105 Szko\u0142\u0119 Ekonomiczn\u0105 w 1950 roku zostaj\u0105 przekszta\u0142cone w&nbsp;<strong>Katedr\u0119 Finans\u00f3w i Kredytu<\/strong>, przemianowan\u0105 w 1958 roku w&nbsp;<strong>Katedr\u0119 Finans\u00f3w<\/strong>. Kierownikiem Katedry zosta\u0142 w 1950 roku&nbsp;<strong>prof. dr hab. Feliks M\u0142ynarski<\/strong>, a w latach 1951 \u2013 1969&nbsp;<strong>prof. dr hab. Stefan Bolland<\/strong>. W 1968 roku&nbsp;<strong>Katedra Finans\u00f3w<\/strong>&nbsp;przekszta\u0142ca si\u0119 w&nbsp;<strong>Instytut Finans\u00f3w<\/strong>. Funkcj\u0119 dyrektora do 1972 roku pe\u0142ni&nbsp;<strong>prof. dr hab. Stefan Bolland<\/strong>, a w latach 1972-1989&nbsp;<strong>prof. dr hab. Roman Domaszewicz<\/strong>. Od 1989, a wi\u0119c od momentu przej\u015bcia prof. dr hab. Romana Domaszewicza na emerytur\u0119 do 1992 roku, tj. do chwili zlikwidowania Instytutu Finans\u00f3w dyrektorem jest&nbsp;<strong>prof. dr hab. Franciszek Skalniak<\/strong>. Od 1993 roku kierownikiem&nbsp;<strong>Katedry Finans\u00f3w<\/strong>&nbsp;na Akademii Ekonomicznej, a od roku akademickiego 2007\/2008 w Uniwersytecie Ekonomicznym w Krakowie jest&nbsp;<strong>prof. dr hab. Stanis\u0142aw Owsiak<\/strong>. W 2016 roku na stanowisko kierownika Katedry Finans\u00f3w na Wydziale Finans\u00f3w i Prawa UEK zostaje powo\u0142ana&nbsp;<strong>prof. dr hab. Maria Kosek-Wojnar<\/strong>. W roku akademickim 2019\/2020 zmieniona zosta\u0142a nazwa&nbsp;<strong>Katedry Finans\u00f3w<\/strong>&nbsp;na&nbsp;<strong>Katedr\u0119 Finans\u00f3w i Polityki Finansowej<\/strong>. W zwi\u0105zku ze zmianami struktury organizacyjnej Uniwersytetu Ekonomicznego zosta\u0142y zniesione funkcjonuj\u0105ce w strukturze Katedry dwa Zak\u0142ady: <strong>Zak\u0142ad Polityki Finansowej&nbsp;<\/strong>oraz&nbsp;<strong>Zak\u0142ad Instytucji Finansowych<\/strong>. Od 1 pa\u017adziernika 2020 r. kierownikiem Katedry Finans\u00f3w i Polityki Finansowej jest&nbsp;<strong>prof. UEK dr hab. Anna Mo\u017adzierz.<\/strong><\/p>\n","protected":false},"excerpt":{"rendered":"<p>KATEDRA FINANS\u00d3W I POLITYKI FINANSOWEJ Kierownik Katedry: dr hab. Anna Mo\u017adzierz, prof. UEK Sekretariat Katedry: mgr Katarzyna Michalska paw. F\u00a0 pok. 707, tel. (0-12) 293 53 69 Katedra Finans\u00f3w i Polityki Finansowej powsta\u0142a w wyniku przekszta\u0142cenia Katedry Finans\u00f3w w roku akademickim 2019\/2020. Od 1 pa\u017adziernika 2020 r. kierownikiem Katedry jest dr hab. Anna Mo\u017adzierz, prof. [&hellip;]<\/p>\n","protected":false},"author":1,"featured_media":0,"parent":0,"menu_order":0,"comment_status":"closed","ping_status":"closed","template":"","meta":{"_acf_changed":false,"footnotes":""},"class_list":["post-17","page","type-page","status-publish","hentry"],"acf":[],"_links":{"self":[{"href":"https:\/\/if.uek.krakow.pl\/kfpf\/wp-json\/wp\/v2\/pages\/17","targetHints":{"allow":["GET"]}}],"collection":[{"href":"https:\/\/if.uek.krakow.pl\/kfpf\/wp-json\/wp\/v2\/pages"}],"about":[{"href":"https:\/\/if.uek.krakow.pl\/kfpf\/wp-json\/wp\/v2\/types\/page"}],"author":[{"embeddable":true,"href":"https:\/\/if.uek.krakow.pl\/kfpf\/wp-json\/wp\/v2\/users\/1"}],"replies":[{"embeddable":true,"href":"https:\/\/if.uek.krakow.pl\/kfpf\/wp-json\/wp\/v2\/comments?post=17"}],"version-history":[{"count":7,"href":"https:\/\/if.uek.krakow.pl\/kfpf\/wp-json\/wp\/v2\/pages\/17\/revisions"}],"predecessor-version":[{"id":3356,"href":"https:\/\/if.uek.krakow.pl\/kfpf\/wp-json\/wp\/v2\/pages\/17\/revisions\/3356"}],"wp:attachment":[{"href":"https:\/\/if.uek.krakow.pl\/kfpf\/wp-json\/wp\/v2\/media?parent=17"}],"curies":[{"name":"wp","href":"https:\/\/api.w.org\/{rel}","templated":true}]}}