{"id":182,"date":"2025-10-13T22:46:08","date_gmt":"2025-10-13T20:46:08","guid":{"rendered":"https:\/\/institutes.uek.krakow.pl\/kfpf\/?page_id=182"},"modified":"2025-11-24T15:28:17","modified_gmt":"2025-11-24T14:28:17","slug":"praktyki-studenckie","status":"publish","type":"page","link":"https:\/\/if.uek.krakow.pl\/kfpf\/studenci\/praktyki-studenckie\/","title":{"rendered":"Praktyki studenckie"},"content":{"rendered":"\n<p>Aktualizacja informacji: 16.11.2025 r.<\/p>\n\n\n\n<p>Wszystkie dokumenty dotycz\u0105ce zaliczenia praktyk studenckich nale\u017cy przedstawi\u0107<strong> w\u0142a\u015bciwemu opiekunowi praktyk w zale\u017cno\u015bci od<\/strong> kierunku, formy studi\u00f3w (Stacjonarne\/Niestacjonarne), stopnia studi\u00f3w (I\/II), specjalno\u015bci studi\u00f3w.<\/p>\n\n\n\n<p>Wykaz opiekun\u00f3w w katedrach Instytutu Finans\u00f3w znajduj\u0119 si\u0119 tu: <a href=\"https:\/\/if.uek.krakow.pl\/studenci\/sprawy-formalne\/praktyki-studenckie\/\" target=\"_blank\" rel=\"noreferrer noopener\">Praktyki studenckie<\/a><\/p>\n\n\n\n<p><strong>Katedra Finans\u00f3w i Polityki Finansowej Opiekun praktyk<\/strong><\/p>\n\n\n\n<ul class=\"wp-block-list\">\n<li><strong>dr Alicja Kasperowicz \u2013 St\u0119pie\u0144<\/strong> e-mail: <a href=\"mailto:k%61%73%70%65%72%6fa@%75%65%6b%2e%6b%72%61%6b%6fw%2e%70l\">kasperoa@uek.krakow.pl<\/a> pawilon F, pok\u00f3j 305 (3 pi\u0119tro) <a href=\"https:\/\/e-uczelnia.uek.krakow.pl\/course\/view.php?id=410\">e-wizyt\u00f3wka<\/a><\/li>\n<\/ul>\n\n\n\n<p><strong>Dr Alicja Kasperowicz \u2013 St\u0119pie\u0144<\/strong> opiekuje si\u0119 grupami: EFFRS1-3511BR, EFFRS1-3512BR, EFFRS1-3513BR, EFFRS1-3511RR.<\/p>\n\n\n\n<p><strong>Wa\u017cne:<\/strong><\/p>\n\n\n\n<p>Od dn. 24.02.2025 roku (<a href=\"https:\/\/cos.uek.krakow.pl\/blog\/2025\/02\/03\/praktyki-studenckie\/\">https:\/\/cos.uek.krakow.pl\/blog\/2025\/02\/03\/praktyki-studenckie\/<\/a>)obowi\u0105zuje nowa formu\u0142a zaliczania praktyk studenckich, odbywaj\u0105ca si\u0119 j<strong>edynie poprzez system EOD*<\/strong>,<\/p>\n\n\n\n<p>wg poni\u017cszych Rozporz\u0105dze\u0144 Rektora:<\/p>\n\n\n\n<ul class=\"wp-block-list\">\n<li><a href=\"https:\/\/bip.uek.krakow.pl\/zarzadzenie\/z-r-0211-53-2025\">ZARZ\u0104DZENIE Rektora Uniwersytetu Ekonomicznego w Krakowie nr R.0211.53.2025 z dnia 6 pa\u017adziernika 2025 roku w sprawie szczeg\u00f3\u0142owej organizacji studenckich praktyk zawodowych<\/a><\/li>\n\n\n\n<li><a href=\"https:\/\/bip.uek.krakow.pl\/zarzadzenie\/3513\/zarzadzenie-nr-r-0211-47-2024\">Zarz\u0105dzenie Rektora Uniwersytetu Ekonomicznego w Krakowie nr R.0211.47.2024 z dnia 16.10.2024 w sprawie wprowadzenia procedur tworzenia i likwidacji kierunk\u00f3w studi\u00f3w oraz modyfikacji program\u00f3w studi\u00f3w w Uniwersytecie Ekonomicznym w Krakowie<\/a><\/li>\n<\/ul>\n\n\n\n<p>Nowa procedura obowi\u0105zuje Student\u00f3w rozpoczynaj\u0105cych praktyki zawodowe w semestrze letnim 2024\/2025 zgodnie z programem na danym kierunku studi\u00f3w.<\/p>\n\n\n\n<p>Aplikacja do obs\u0142ugi studenckich praktyk zawodowych realizowanych wed\u0142ug nowych zasad zostanie udost\u0119pniona w systemie EOD.<\/p>\n\n\n\n<p>* System EOD (tj. system Elektronicznego Obiegu Dokument\u00f3w): Webcon BPS Portal (link do strony <a href=\"https:\/\/eod.uek.krakow.pl\">https:\/\/eod.uek.krakow.pl<\/a> &gt; menu \u201eWybierz aplikacj\u0119\u201d &gt; \u201ePraktyki studenckie\u201d &gt; \u201eWniosek o realizacje praktyki\u201d.<\/p>\n\n\n\n<p>Szczeg\u00f3\u0142owe om\u00f3wienie wymaga\u0144, w tym instrukcja obs\u0142ugi systemu EOD oraz wzory dokument\u00f3w znajduj\u0105 si\u0119 na stronie <strong>ACK (tj. Akademickiego Centrum Kariery)<\/strong>:<\/p>\n\n\n\n<ul class=\"wp-block-list\">\n<li>Praktyki obowi\u0105zkowe UEK: <a href=\"https:\/\/cos.uek.krakow.pl\/praktyka-zawodowa\/\">https:\/\/cos.uek.krakow.pl\/praktyka-zawodowa\/<\/a><\/li>\n\n\n\n<li>Erasmus+ \u2013 praktyki zagraniczne <a href=\"https:\/\/kariery.uek.krakow.pl\/strefa-studenta\/praktyki-zagraniczne\/#faq\">https:\/\/kariery.uek.krakow.pl\/strefa-studenta\/praktyki-zagraniczne\/#faq<\/a><\/li>\n<\/ul>\n\n\n\n<p>W razie pyta\u0144 mo\u017cna si\u0119 r\u00f3wnie\u017c kontaktowa\u0107 z <strong>COS (tj. Centrum Obs\u0142ugi Student\u00f3w)<\/strong>: <a href=\"https:\/\/cos.uek.krakow.pl\/praktyka-zawodowa\/\">https:\/\/cos.uek.krakow.pl\/praktyka-zawodowa\/<\/a><\/p>\n\n\n\n<p>Zgodnie z nowymi wytycznymi (obowi\u0105zuj\u0105 od semestru letniego 2024\/2025) istniej\u0105 cztery sposoby realizacji praktyk:<\/p>\n\n\n\n<p>1) UMOWA TR\u00d3JSTRONNA<\/p>\n\n\n\n<p>2) SKIEROWANIE NA PRAKTYK\u0118<\/p>\n\n\n\n<p>3) ZALICZENIE PRAKTYKI NA PODSTAWIE:<\/p>\n\n\n\n<p>&nbsp; &nbsp; &nbsp;a) UMOWY O PRAC\u0118<\/p>\n\n\n\n<p>&nbsp; &nbsp; &nbsp;b) STA\u017bU<\/p>\n\n\n\n<p>&nbsp; &nbsp; &nbsp;c) UMOWY DWUSTRONNEJ<\/p>\n\n\n\n<p>&nbsp; &nbsp; &nbsp;d) WOLONTARIATU<\/p>\n\n\n\n<p>&nbsp; &nbsp; &nbsp;e) W\u0141ASNEJ DZIA\u0141ALNO\u015aCI GOSPODARCZEJ<\/p>\n\n\n\n<p>4) PRAKTYKA W RAMACH PROGRAMU ERASMUS<\/p>\n\n\n\n<p>Czas trwania i termin realizacji praktyk \u2013 s\u0105 okre\u015blone w kierunkowych planach studi\u00f3w i kartach przedmiotu. wg Zarz\u0105dzenia Rektora (<a href=\"https:\/\/bip.uek.krakow.pl\/attachments\/7674\/download\"> R.0211.31.2025<\/a>):<\/p>\n\n\n\n<p>semestr zimowy trwa od 1 pa\u017adziernika 2025 r. do 22 lutego 2026 r., w tym:<\/p>\n\n\n\n<p>\u2013 zimowa sesja egzaminacyjna trwa od 26 stycznia 2026 r. do 8 lutego 2026 r.,<\/p>\n\n\n\n<p>\u2013 zimowa sesja poprawkowa trwa od 16 lutego 2026 r. do 22 lutego 2026 r.<\/p>\n\n\n\n<p>semestr letni trwa od 23 lutego 2026 r. do 30 wrze\u015bnia 2026 r., w tym:<\/p>\n\n\n\n<p>\u2013 letnia sesja egzaminacyjna trwa od 15 czerwca 2026 r. do 28 czerwca 2026 r.,<\/p>\n\n\n\n<p>\u2013 letnia sesja poprawkowa trwa od 1 wrze\u015bnia 2026 r. do 14 wrze\u015bnia 2026 r.<\/p>\n\n\n\n<p>Ostateczny termin realizacji praktyk jest do ko\u0144ca sesji poprawkowej, ale bardzo prosz\u0119 nie zwleka\u0107 z dokumentami do ostatniej chwili.<\/p>\n\n\n\n<p><\/p>\n","protected":false},"excerpt":{"rendered":"<p>Aktualizacja informacji: 16.11.2025 r. Wszystkie dokumenty dotycz\u0105ce zaliczenia praktyk studenckich nale\u017cy przedstawi\u0107 w\u0142a\u015bciwemu opiekunowi praktyk w zale\u017cno\u015bci od kierunku, formy studi\u00f3w (Stacjonarne\/Niestacjonarne), stopnia studi\u00f3w (I\/II), specjalno\u015bci studi\u00f3w. Wykaz opiekun\u00f3w w katedrach Instytutu Finans\u00f3w znajduj\u0119 si\u0119 tu: Praktyki studenckie Katedra Finans\u00f3w i Polityki Finansowej Opiekun praktyk Dr Alicja Kasperowicz \u2013 St\u0119pie\u0144 opiekuje si\u0119 grupami: EFFRS1-3511BR, EFFRS1-3512BR, [&hellip;]<\/p>\n","protected":false},"author":2,"featured_media":0,"parent":170,"menu_order":0,"comment_status":"closed","ping_status":"closed","template":"","meta":{"_acf_changed":false,"footnotes":""},"class_list":["post-182","page","type-page","status-publish","hentry"],"acf":[],"_links":{"self":[{"href":"https:\/\/if.uek.krakow.pl\/kfpf\/wp-json\/wp\/v2\/pages\/182","targetHints":{"allow":["GET"]}}],"collection":[{"href":"https:\/\/if.uek.krakow.pl\/kfpf\/wp-json\/wp\/v2\/pages"}],"about":[{"href":"https:\/\/if.uek.krakow.pl\/kfpf\/wp-json\/wp\/v2\/types\/page"}],"author":[{"embeddable":true,"href":"https:\/\/if.uek.krakow.pl\/kfpf\/wp-json\/wp\/v2\/users\/2"}],"replies":[{"embeddable":true,"href":"https:\/\/if.uek.krakow.pl\/kfpf\/wp-json\/wp\/v2\/comments?post=182"}],"version-history":[{"count":12,"href":"https:\/\/if.uek.krakow.pl\/kfpf\/wp-json\/wp\/v2\/pages\/182\/revisions"}],"predecessor-version":[{"id":3510,"href":"https:\/\/if.uek.krakow.pl\/kfpf\/wp-json\/wp\/v2\/pages\/182\/revisions\/3510"}],"up":[{"embeddable":true,"href":"https:\/\/if.uek.krakow.pl\/kfpf\/wp-json\/wp\/v2\/pages\/170"}],"wp:attachment":[{"href":"https:\/\/if.uek.krakow.pl\/kfpf\/wp-json\/wp\/v2\/media?parent=182"}],"curies":[{"name":"wp","href":"https:\/\/api.w.org\/{rel}","templated":true}]}}