{"id":193,"date":"2025-10-13T23:01:35","date_gmt":"2025-10-13T21:01:35","guid":{"rendered":"https:\/\/institutes.uek.krakow.pl\/kfpf\/?page_id=193"},"modified":"2026-03-18T21:50:42","modified_gmt":"2026-03-18T20:50:42","slug":"seminarium-dla-studentow","status":"publish","type":"page","link":"https:\/\/if.uek.krakow.pl\/kfpf\/studenci\/seminarium-dla-studentow\/","title":{"rendered":"Seminarium dla student\u00f3w"},"content":{"rendered":"\n<h2 class=\"wp-block-heading has-keif-secondary-color has-text-color has-link-color wp-elements-9e3abdfd115abba5460840c964d89315\"><strong>dr hab. Anna Mo\u017adzierz, prof. UEK<\/strong><\/h2>\n\n\n\n<p>Seminarium koncentruje si\u0119 na analizie wybranych zagadnie\u0144 z zakresu polityki fiskalnej i monetarnej oraz ich wp\u0142ywu na stabilno\u015b\u0107 makroekonomiczn\u0105 i tempo wzrostu gospodarczego. Podejmowana problematyka obejmuje m.in. system podatkowy, wydatki publiczne, d\u0142ug publiczny, inflacj\u0119 oraz rol\u0119 banku centralnego w kszta\u0142towaniu warunk\u00f3w gospodarczych. Omawiane s\u0105 zar\u00f3wno teoretyczne podstawy funkcjonowania polityki gospodarczej, jak i praktyczne do\u015bwiadczenia Polski oraz strefy euro, w tym dzia\u0142ania Narodowy Bank Polski i European Central Bank. Istotnym elementem seminarium jest analiza danych makroekonomicznych oraz interpretacja bie\u017c\u0105cych zjawisk gospodarczych i finansowych. Celem jest rozwijanie umiej\u0119tno\u015bci samodzielnej i krytycznej oceny decyzji podejmowanych w ramach wsp\u00f3\u0142czesnej polityki gospodarczej.<\/p>\n\n\n\n<p><strong>Problematyka seminarium obejmuje m.in.:<\/strong><\/p>\n\n\n\n<ul class=\"wp-block-list\">\n<li>Polityka podatkowa i jej wp\u0142yw na wzrost gospodarczy oraz aktywno\u015b\u0107 ekonomiczn\u0105<\/li>\n\n\n\n<li>Optymalizacja podatkowa, konkurencja podatkowa i raje podatkowe<\/li>\n\n\n\n<li>Wydatki publiczne i ich efektywno\u015b\u0107<\/li>\n\n\n\n<li>Wydatki na obron\u0119 narodow\u0105 a r\u00f3wnowaga finans\u00f3w publicznych (wp\u0142yw na d\u0142ug publiczny)<\/li>\n\n\n\n<li>Polityka fiskalna i monetarna w okresie kryzys\u00f3w (kryzysu \u015bwiatowego, kryzysu wywo\u0142anego pandemi\u0105 COVID-19 i kryzysu energetycznego)<\/li>\n\n\n\n<li>D\u0142ug publiczny i jego znaczenie dla stabilno\u015bci makroekonomicznej Polski i UGW<\/li>\n\n\n\n<li>Regu\u0142y fiskalne i instytucjonalne ograniczenia polityki bud\u017cetowej<\/li>\n\n\n\n<li>(Krajowe i unijne mechanizmy dyscypliny finans\u00f3w publicznych)<\/li>\n\n\n\n<li>Nier\u00f3wno\u015bci dochodowe a polityka fiskalna<\/li>\n\n\n\n<li>Polityka pieni\u0119\u017cna i jej instrumenty w warunkach podwy\u017cszonej inflacji<\/li>\n\n\n\n<li>Inflacja i mechanizmy jej ograniczania<\/li>\n\n\n\n<li>Finanse Unii Europejskiej i ich znaczenie dla krajowej polityki fiskalnej<\/li>\n\n\n\n<li>Niezale\u017cne instytucje fiskalne i ich rola w zapewnianiu stabilno\u015bci finans\u00f3w publicznych<\/li>\n\n\n\n<li>Finanse jednostek samorz\u0105du terytorialnego (JST)<\/li>\n\n\n\n<li>Analiza finansowa przedsi\u0119biorstw w warunkach zmian polityki makroekonomicznej (wp\u0142yw inflacji, st\u00f3p procentowych, opodatkowania i koszt\u00f3w energii na wyniki finansowe, p\u0142ynno\u015b\u0107 i struktur\u0119 kapita\u0142ow\u0105 firm)<\/li>\n<\/ul>\n\n\n\n<p>Uwaga: Seminarium ma charakter otwarty \u2014 mile widziane s\u0105 r\u00f3wnie\u017c w\u0142asne propozycje temat\u00f3w prac magisterskich, mieszcz\u0105ce si\u0119 w szeroko rozumianym obszarze finans\u00f3w, finans\u00f3w publicznych, finans\u00f3w przedsi\u0119biorstw, finans\u00f3w Unii Europejskiej, polityki fiskalnej i monetarnej. Tematy mog\u0105 mie\u0107 charakter teoretyczny, empiryczny lub aplikacyjny i b\u0119d\u0105 doprecyzowywane indywidualnie w porozumieniu z promotorem.<\/p>\n\n\n\n<div style=\"height:0px\" aria-hidden=\"true\" class=\"wp-block-spacer\"><\/div>\n\n\n\n<div style=\"height:30px\" aria-hidden=\"true\" class=\"wp-block-spacer\"><\/div>\n\n\n\n<h2 class=\"wp-block-heading has-keif-secondary-color has-text-color has-link-color wp-elements-b1d8ea7d33810a888f9a44f447add1cb\"><strong>dr hab. Katarzyna Kochaniak, prof. UEK<\/strong><\/h2>\n\n\n\n<p><strong>Tematyka seminarium<\/strong><\/p>\n\n\n\n<ul class=\"wp-block-list\">\n<li>Banki i ich dzia\u0142alno\u015b\u0107 na rzecz klient\u00f3w indywidualnych i przedsi\u0119biorstw<\/li>\n\n\n\n<li>Ryzyko w dzia\u0142alno\u015bci bank\u00f3w<\/li>\n\n\n\n<li>Efektywno\u015b\u0107 dzia\u0142ania bank\u00f3w<\/li>\n\n\n\n<li>Finanse osobiste<\/li>\n\n\n\n<li>Finanse gospodarstw domowych<\/li>\n\n\n\n<li>Ochrona konsument\u00f3w na rynku finansowym<\/li>\n\n\n\n<li>Polityka pieni\u0119\u017cna, w tym jej wp\u0142yw na przedsi\u0119biorstwa i gospodarstwa domowe<\/li>\n\n\n\n<li>Finanse migrant\u00f3w<\/li>\n<\/ul>\n\n\n\n<div style=\"height:30px\" aria-hidden=\"true\" class=\"wp-block-spacer\"><\/div>\n\n\n\n<h2 class=\"wp-block-heading has-keif-secondary-color has-text-color has-link-color wp-elements-8b5374376dc447ef278d975656a5ec2e\"><strong>dr hab. Katarzyna Stabry\u0142a-Chudzio, prof. UEK<\/strong><\/h2>\n\n\n\n<p><strong>Tematyka seminarium<\/strong><\/p>\n\n\n\n<ul class=\"wp-block-list\">\n<li>Finanse publiczne w Polsce (w tym system podatkowy, analiza wybranych podatk\u00f3w, analiza wydatk\u00f3w publicznych, r\u00f3wnowaga bud\u017cetowa, zarz\u0105dzanie d\u0142ugiem publicznym)<\/li>\n\n\n\n<li>Finanse publiczne w Unii Europejskiej<\/li>\n\n\n\n<li>Bud\u017cet zadaniowy w Polsce i na \u015bwiecie.<\/li>\n\n\n\n<li>Bud\u017cet Unii Europejskiej<\/li>\n\n\n\n<li>Harmonizacja podatk\u00f3w w Unii Europejskiej<\/li>\n\n\n\n<li>Unia Gospodarcza i Walutowa.<\/li>\n\n\n\n<li>Perspektywy wej\u015bcia Polski do strefy euro<\/li>\n\n\n\n<li>Polityka bud\u017cetowa w strefie euro<\/li>\n\n\n\n<li>Procedury pozyskiwania \u015brodk\u00f3w unijnych<\/li>\n\n\n\n<li>Fundusze unijne<\/li>\n<\/ul>\n\n\n\n<div style=\"height:30px\" aria-hidden=\"true\" class=\"wp-block-spacer\"><\/div>\n\n\n\n<h2 class=\"wp-block-heading has-keif-secondary-color has-text-color has-link-color wp-elements-0cfc0626019acdbbff77d74a8d61959c\"><strong>dr Barbara Grabi\u0144ska<\/strong><\/h2>\n\n\n\n<p><strong>Tematyka seminarium<\/strong><\/p>\n\n\n\n<ul class=\"wp-block-list\">\n<li>Finanse publiczne<\/li>\n\n\n\n<li>Polityka fiskalna<\/li>\n\n\n\n<li>Polityka pieni\u0119\u017cna<\/li>\n\n\n\n<li>Sektor finans\u00f3w w Polsce i na \u015bwiecie<\/li>\n\n\n\n<li>Finanse Unii Europejskiej<\/li>\n\n\n\n<li>Finansowanie polityki edukacyjnej, naukowej i innowacyjnej pa\u0144stwa<\/li>\n\n\n\n<li>Finanse przedsi\u0119biorstw<\/li>\n\n\n\n<li>Analiza finansowa<\/li>\n\n\n\n<li>Inne tematy (np. z zakresu rachunkowo\u015bci) \u2013 do uzgodnienia<\/li>\n<\/ul>\n\n\n\n<div style=\"height:30px\" aria-hidden=\"true\" class=\"wp-block-spacer\"><\/div>\n\n\n\n<h2 class=\"wp-block-heading has-keif-secondary-color has-text-color has-link-color wp-elements-60d84d0b042cfcc4f0bf98e0b72440fb\"><strong>dr Joanna Ni\u017cnik<\/strong><\/h2>\n\n\n\n<p><strong>Tematyka seminarium<\/strong><\/p>\n\n\n\n<ul class=\"wp-block-list\">\n<li>System finans\u00f3w publicznych jako narz\u0119dzie stabilizacji makroekonomicznej<\/li>\n\n\n\n<li>R\u00f3wnowaga bud\u017cetowa pa\u0144stwa a cele spo\u0142eczno-gospodarcze polityki fiskalnej<\/li>\n\n\n\n<li>Decentralizacja finans\u00f3w publicznych i jej konsekwencje dla rozwoju lokalnego<\/li>\n\n\n\n<li>Fundusze pozabud\u017cetowe a przejrzysto\u015b\u0107 finans\u00f3w publicznych<\/li>\n\n\n\n<li>Samodzielno\u015b\u0107 finansowa jednostek samorz\u0105du terytorialnego<\/li>\n\n\n\n<li>Zad\u0142u\u017cenie jednostek samorz\u0105du terytorialnego i jego wp\u0142yw na rozw\u00f3j lokalny<\/li>\n\n\n\n<li>Konkurencyjno\u015b\u0107 i sprawiedliwo\u015b\u0107 systemu podatkowego w warunkach integracji europejskiej<\/li>\n\n\n\n<li>Opodatkowanie dochod\u00f3w i maj\u0105tku w kontek\u015bcie wyzwa\u0144 demograficznych i fiskalnych<\/li>\n\n\n\n<li>Harmonizacja i konkurencja podatkowa w warunkach integracji europejskiej<\/li>\n\n\n\n<li>Systemu podatkowy a wzrost gospodarczy i stabilno\u015b\u0107 finans\u00f3w publicznych<\/li>\n\n\n\n<li>Stabilno\u015b\u0107 finansowa systemu ochrony zdrowia w perspektywie zmian demograficznych<\/li>\n\n\n\n<li>Finansowanie systemu emerytalnego \u2013 modele i wyzwania reform<\/li>\n\n\n\n<li>\u0179r\u00f3d\u0142a finansowania ochrony zdrowia i ich adekwatno\u015b\u0107 wobec zmian demograficznych D\u0142ugookresowa wyp\u0142acalno\u015b\u0107 systemu emerytalnego<\/li>\n\n\n\n<li>Polityka spo\u0142eczna pa\u0144stwa a redystrybucja dochodu i ograniczanie nier\u00f3wno\u015bci<\/li>\n\n\n\n<li>Polityka emerytalna i zdrowotna w kontek\u015bcie starzenia si\u0119 spo\u0142ecze\u0144stwa<\/li>\n\n\n\n<li>Transfery spo\u0142eczne a aktywno\u015b\u0107 zawodowa<\/li>\n\n\n\n<li>Deficyt bud\u017cetowy i d\u0142ug publiczny w \u015bwietle teorii ekonomii i praktyki gospodarczej<\/li>\n\n\n\n<li>Zarz\u0105dzanie d\u0142ugiem publicznym jako element polityki finansowej pa\u0144stwa<\/li>\n\n\n\n<li>Zaawansowana analiza finansowa jako narz\u0119dzie oceny kondycji i ryzyka przedsi\u0119biorstwa<\/li>\n\n\n\n<li>Struktura kapita\u0142u przedsi\u0119biorstwa w warunkach niepewno\u015bci makroekonomicznej<\/li>\n\n\n\n<li>Bank centralny a stabilno\u015b\u0107 systemu finansowego<\/li>\n\n\n\n<li>Cyfryzacja pieni\u0105dza i przysz\u0142o\u015b\u0107 systemu bankowego<\/li>\n<\/ul>\n\n\n\n<div style=\"height:30px\" aria-hidden=\"true\" class=\"wp-block-spacer\"><\/div>\n\n\n\n<h2 class=\"wp-block-heading has-keif-secondary-color has-text-color has-link-color wp-elements-f3ebea0faec0ff6e60f6b904018f179c\"><strong>dr Renata Papie\u017c<\/strong><\/h2>\n\n\n\n<p><strong>Tematyka seminarium<\/strong><\/p>\n\n\n\n<ul class=\"wp-block-list\">\n<li>Analiza finansowa<\/li>\n\n\n\n<li>Segmenty rynku finansowego<\/li>\n\n\n\n<li>Bankowo\u015b\u0107<\/li>\n\n\n\n<li>Finansowy rynek nieruchomo\u015bci<\/li>\n\n\n\n<li>Wsp\u00f3\u0142czesne procesy finansowe i ich wp\u0142yw na dzia\u0142alno\u015b\u0107 przedsi\u0119biorstw lub gospodarek pa\u0144stw<\/li>\n\n\n\n<li>Indywidualna propozycja Seminarzystki\/Seminarzysty<\/li>\n<\/ul>\n\n\n\n<div style=\"height:30px\" aria-hidden=\"true\" class=\"wp-block-spacer\"><\/div>\n\n\n\n<div style=\"height:30px\" aria-hidden=\"true\" class=\"wp-block-spacer\"><\/div>\n\n\n\n<h2 class=\"wp-block-heading has-keif-secondary-color has-text-color has-link-color wp-elements-7f952dc315420a6788f3b916bdf30dc1\"><strong>dr Rados\u0142aw \u015alusarczyk<\/strong><\/h2>\n\n\n\n<p><strong>Tematyka seminarium<\/strong><\/p>\n\n\n\n<ul class=\"wp-block-list\">\n<li><\/li>\n<\/ul>\n\n\n\n<p>Celem seminarium jest rozwini\u0119cie umiej\u0119tno\u015bci analizy problem\u00f3w finansowych i gospodarczych oraz przygotowanie student\u00f3w do samodzielnych bada\u0144 w formie pracy dyplomowej. Tematyka seminarium obejmuje:<\/p>\n\n\n\n<ul class=\"wp-block-list\">\n<li>Polityk\u0119 fiskaln\u0105 \u2013 analiz\u0119 wp\u0142ywu wydatk\u00f3w i podatk\u00f3w na kondycj\u0119 gospodarki i sektor przedsi\u0119biorstw; badanie skutk\u00f3w r\u00f3\u017cnych strategii fiskalnych w zmiennym otoczeniu makroekonomicznym.<\/li>\n\n\n\n<li>Polityk\u0119 pieni\u0119\u017cn\u0105 \u2013 badanie decyzji bank\u00f3w centralnych oraz ich wp\u0142ywu na inflacj\u0119, stopy procentowe i dzia\u0142alno\u015b\u0107 przedsi\u0119biorstw; studenci poznaj\u0105 mechanizmy oddzia\u0142ywania polityki pieni\u0119\u017cnej na rynki finansowe.<\/li>\n\n\n\n<li>Finanse przedsi\u0119biorstw \u2013 ocen\u0119 kondycji finansowej firm w warunkach zmienno\u015bci rynkowej; analiza ryzyka, inwestycji i strategii rozwoju przedsi\u0119biorstw.<\/li>\n\n\n\n<li>Finanse gospodarstw domowych \u2013 badanie kredyt\u00f3w hipotecznych, metod oszcz\u0119dzania, inwestycji alternatywnych oraz czynnik\u00f3w makroekonomicznych kszta\u0142tuj\u0105cych bud\u017cet domowy; praktyczne podej\u015bcie do zarz\u0105dzania finansami osobistymi.<\/li>\n\n\n\n<li>Finanse publiczne \u2013 analiz\u0119 struktury bud\u017cetu pa\u0144stwa, instrument\u00f3w fiskalnych oraz wp\u0142ywu polityki publicznej na gospodark\u0119; studenci poznaj\u0105 mechanizmy r\u00f3wnowa\u017cenia sektor\u00f3w publicznego i prywatnego.<\/li>\n\n\n\n<li>System finansowy i jego regulacje \u2013 ocen\u0119 funkcjonowania instytucji finansowych, rynk\u00f3w kapita\u0142owych i mechanizm\u00f3w nadzoru; badanie wp\u0142ywu regulacji na stabilno\u015b\u0107 finansow\u0105 i realn\u0105 gospodark\u0119.<\/li>\n\n\n\n<li>Fintech, blockchain i wsp\u00f3\u0142czesne systemy p\u0142atnicze \u2013 analiz\u0119 innowacyjnych rozwi\u0105za\u0144 w p\u0142atno\u015bciach, cyfrowych portfelach i kryptowalutach; badanie wp\u0142ywu technologii na modele biznesowe i zarz\u0105dzanie ryzykiem.<\/li>\n\n\n\n<li>Deglobalizacj\u0119 i jej wp\u0142yw na finanse \u2013 badanie skutk\u00f3w zmniejszaj\u0105cej si\u0119 integracji gospodarczej dla rynk\u00f3w finansowych, przep\u0142yw\u00f3w kapita\u0142owych i strategii przedsi\u0119biorstw.<\/li>\n\n\n\n<li>Finansjalizacj\u0119 i AI w finansach \u2013 analiz\u0119 rosn\u0105cej roli rynku finansowego w gospodarce realnej oraz wp\u0142ywu sztucznej inteligencji na decyzje inwestycyjne i procesy zarz\u0105dzania ryzykiem.<\/li>\n\n\n\n<li>Inne tematy \u2013 mo\u017cliwo\u015b\u0107 realizacji zagadnie\u0144 z rachunkowo\u015bci, finans\u00f3w mi\u0119dzynarodowych lub innych obszar\u00f3w do uzgodnienia z prowadz\u0105cym.<\/li>\n<\/ul>\n","protected":false},"excerpt":{"rendered":"<p>dr hab. Anna Mo\u017adzierz, prof. UEK Seminarium koncentruje si\u0119 na analizie wybranych zagadnie\u0144 z zakresu polityki fiskalnej i monetarnej oraz ich wp\u0142ywu na stabilno\u015b\u0107 makroekonomiczn\u0105 i tempo wzrostu gospodarczego. Podejmowana problematyka obejmuje m.in. system podatkowy, wydatki publiczne, d\u0142ug publiczny, inflacj\u0119 oraz rol\u0119 banku centralnego w kszta\u0142towaniu warunk\u00f3w gospodarczych. Omawiane s\u0105 zar\u00f3wno teoretyczne podstawy funkcjonowania polityki [&hellip;]<\/p>\n","protected":false},"author":2,"featured_media":0,"parent":170,"menu_order":0,"comment_status":"closed","ping_status":"closed","template":"","meta":{"_acf_changed":false,"footnotes":""},"class_list":["post-193","page","type-page","status-publish","hentry"],"acf":[],"_links":{"self":[{"href":"https:\/\/if.uek.krakow.pl\/kfpf\/wp-json\/wp\/v2\/pages\/193","targetHints":{"allow":["GET"]}}],"collection":[{"href":"https:\/\/if.uek.krakow.pl\/kfpf\/wp-json\/wp\/v2\/pages"}],"about":[{"href":"https:\/\/if.uek.krakow.pl\/kfpf\/wp-json\/wp\/v2\/types\/page"}],"author":[{"embeddable":true,"href":"https:\/\/if.uek.krakow.pl\/kfpf\/wp-json\/wp\/v2\/users\/2"}],"replies":[{"embeddable":true,"href":"https:\/\/if.uek.krakow.pl\/kfpf\/wp-json\/wp\/v2\/comments?post=193"}],"version-history":[{"count":9,"href":"https:\/\/if.uek.krakow.pl\/kfpf\/wp-json\/wp\/v2\/pages\/193\/revisions"}],"predecessor-version":[{"id":3714,"href":"https:\/\/if.uek.krakow.pl\/kfpf\/wp-json\/wp\/v2\/pages\/193\/revisions\/3714"}],"up":[{"embeddable":true,"href":"https:\/\/if.uek.krakow.pl\/kfpf\/wp-json\/wp\/v2\/pages\/170"}],"wp:attachment":[{"href":"https:\/\/if.uek.krakow.pl\/kfpf\/wp-json\/wp\/v2\/media?parent=193"}],"curies":[{"name":"wp","href":"https:\/\/api.w.org\/{rel}","templated":true}]}}