{"id":372,"date":"2025-10-17T12:56:14","date_gmt":"2025-10-17T10:56:14","guid":{"rendered":"https:\/\/institutes.uek.krakow.pl\/kfpf\/?page_id=372"},"modified":"2025-10-17T13:49:31","modified_gmt":"2025-10-17T11:49:31","slug":"katedralny-pelnomocnik-ds-osob-z-niepelnosprawnosciami","status":"publish","type":"page","link":"https:\/\/if.uek.krakow.pl\/kfpf\/studenci\/katedralny-pelnomocnik-ds-osob-z-niepelnosprawnosciami\/","title":{"rendered":"Katedralny Pe\u0142nomocnik ds. Os\u00f3b z Niepe\u0142nosprawno\u015bciami"},"content":{"rendered":"","protected":false},"excerpt":{"rendered":"","protected":false},"author":2,"featured_media":0,"parent":170,"menu_order":0,"comment_status":"closed","ping_status":"closed","template":"templates\/page-blocks.php","meta":{"_acf_changed":false,"footnotes":""},"class_list":["post-372","page","type-page","status-publish","hentry"],"acf":[],"_links":{"self":[{"href":"https:\/\/if.uek.krakow.pl\/kfpf\/wp-json\/wp\/v2\/pages\/372","targetHints":{"allow":["GET"]}}],"collection":[{"href":"https:\/\/if.uek.krakow.pl\/kfpf\/wp-json\/wp\/v2\/pages"}],"about":[{"href":"https:\/\/if.uek.krakow.pl\/kfpf\/wp-json\/wp\/v2\/types\/page"}],"author":[{"embeddable":true,"href":"https:\/\/if.uek.krakow.pl\/kfpf\/wp-json\/wp\/v2\/users\/2"}],"replies":[{"embeddable":true,"href":"https:\/\/if.uek.krakow.pl\/kfpf\/wp-json\/wp\/v2\/comments?post=372"}],"version-history":[{"count":8,"href":"https:\/\/if.uek.krakow.pl\/kfpf\/wp-json\/wp\/v2\/pages\/372\/revisions"}],"predecessor-version":[{"id":3682,"href":"https:\/\/if.uek.krakow.pl\/kfpf\/wp-json\/wp\/v2\/pages\/372\/revisions\/3682"}],"up":[{"embeddable":true,"href":"https:\/\/if.uek.krakow.pl\/kfpf\/wp-json\/wp\/v2\/pages\/170"}],"wp:attachment":[{"href":"https:\/\/if.uek.krakow.pl\/kfpf\/wp-json\/wp\/v2\/media?parent=372"}],"curies":[{"name":"wp","href":"https:\/\/api.w.org\/{rel}","templated":true}]}}