{"id":17,"date":"2025-05-15T10:13:22","date_gmt":"2025-05-15T08:13:22","guid":{"rendered":"https:\/\/institutes.uek.krakow.pl\/kfpub\/?page_id=17"},"modified":"2026-02-16T12:34:32","modified_gmt":"2026-02-16T11:34:32","slug":"o-katedrze","status":"publish","type":"page","link":"https:\/\/if.uek.krakow.pl\/kfpub\/o-katedrze\/","title":{"rendered":"O Katedrze"},"content":{"rendered":"\n<h2 class=\"wp-block-heading has-keif-secondary-color has-text-color has-link-color wp-elements-3e6aaed0b815e2e5318c981b92919118\">Nauki finansowe by\u0142y reprezentowane w Uczelni od chwili jej powstania, tj. od 1925 roku, chocia\u017c nie posiada\u0142y w\u00f3wczas w jej strukturze w\u0142asnej kom\u00f3rki organizacyjnej.<\/h2>\n\n\n\n<p>Kom\u00f3rka taka zosta\u0142a utworzona dopiero w 1947 roku pod nazw\u0105 \u201eZak\u0142ad Skarbowo\u015bci\u201d, kt\u00f3rego kierownikiem zosta\u0142 prof. dr hab. Stefan Bolland. W 1949 roku powsta\u0142y dwa dalsze zak\u0142ady \u2013 Bankowo\u015b\u0107 I i Bankowo\u015b\u0107 II. Wszystkie trzy prezentowane struktury z chwil\u0105 przekszta\u0142cenia Akademii Handlowej w Wy\u017csz\u0105 Szko\u0142\u0119 Ekonomiczn\u0105 w 1950 roku zostaj\u0105 przekszta\u0142cone w Katedr\u0119 Finans\u00f3w i Kredytu, przemianowan\u0105 w 1958 roku w Katedr\u0119 Finans\u00f3w. Kierownikiem Katedry zosta\u0142 w 1950 roku prof. dr hab. Feliks M\u0142ynarski, a w latach 1951 \u2013 1969 prof. dr hab. Stefan Bolland. W 1968 roku Katedra Finans\u00f3w przekszta\u0142ca si\u0119 w Instytut Finans\u00f3w. Funkcj\u0119 dyrektora do 1972 roku pe\u0142ni prof. dr hab. Stefan Bolland, a w latach 1972 \u2013 1989 prof. dr hab. Roman Domaszewicz. Od 1989, a wi\u0119c od momentu przej\u015bcia prof. dr hab. Romana Domaszewicza na emerytur\u0119 do 1992 roku, tj. do chwili zlikwidowania Instytutu Finans\u00f3w dyrektorem jest prof. dr hab. Franciszek Skalniak, a zast\u0119pc\u0105 dyrektora docent, a nast\u0119pnie prof. AE dr hab. Stanis\u0142aw Owsiak.<\/p>\n\n\n\n<p>W Uniwersytecie Ekonomicznym w Krakowie w 2011 roku z Katedry Finans\u00f3w zostaje wyodr\u0119bniona Katedra Finans\u00f3w Samorz\u0105dowych. Kierownikiem Katedry od momentu jej powstania by\u0142a Prof. dr hab. Maria Kosek-Wojnar. Od pa\u017adziernika 2016 r. Kierownikiem Katedry by\u0142 Prof. dr hab. Krzysztof Sur\u00f3wka. W roku 2019 nazwa Katedry Finans\u00f3w Samorz\u0105dowych zosta\u0142a zmieniona na nazw\u0119 Katedra Finans\u00f3w Publicznych. Kierownikiem Katedry pozosta\u0142 prof. dr hab. Krzysztof Sur\u00f3wka, kt\u00f3ry pe\u0142ni\u0142 t\u0119 funkcj\u0119 do wrze\u015bnia 2025 r. Od 1 pa\u017adziernika 2025 r. Kierownikiem Katedry jest Prof. UEK dr hab. \u0141ukasz Pop\u0142awski.<\/p>\n\n\n\n<p>Przedmiotem zainteresowania pracownik\u00f3w Katedry s\u0105 zagadnienia z zakresu funkcjonowania sektora finans\u00f3w publicznych w Polsce i na \u015bwiecie. W ramach prowadzonych bada\u0144 analizowane s\u0105 elementy systemu finans\u00f3w publicznych takie jak: podmioty, instrumenty, instytucje i regulacje prawne. W swoich badaniach pracownicy podejmuj\u0105 tak\u017ce problematyk\u0119 funkcjonowania podsektora samorz\u0105dowego analizuj\u0105c system finansowania jednostek samorz\u0105du terytorialnego. W badaniach koncentruj\u0105 si\u0119 tak\u017ce na zagadnieniach zwi\u0105zanych z: granicami zad\u0142u\u017cania si\u0119 samorz\u0105du, podatkami i op\u0142atami lokalnymi, mo\u017cliwo\u015bciami pozyskiwania \u015brodk\u00f3w finansowych a tak\u017ce wdro\u017ceniem bud\u017cetu zadaniowego. Powy\u017csze obszary zainteresowa\u0144 badawczych obejmuj\u0105 zar\u00f3wno Polsk\u0119 jak i inne kraje.<\/p>\n\n\n\n<div style=\"height:53px\" aria-hidden=\"true\" class=\"wp-block-spacer\"><\/div>\n\n\n\n<h3 class=\"wp-block-heading has-keif-secondary-color has-text-color has-link-color wp-elements-7a5a26184a64781301f5ac97a43bf3aa\">Certfikat Katedry Przyjaznej Osobom z Niepe\u0142nosprawno\u015bci\u0105<\/h3>\n\n\n\n<p>Katedra Finans\u00f3w Publicznych w dniu 15 listopada 2023 r. otrzyma\u0142a certyfikat&nbsp;<strong>Uczelni Przyjaznej Osobom z Niepe\u0142nosprawno\u015bciami 2023-2026 r.<\/strong>&nbsp;<\/p>\n\n\n\n<p>Certfikat zosta\u0142 przyznany przez Biuro ds. Os\u00f3b z Niepe\u0142nosprawno\u015bciami UEK.<\/p>\n\n\n\n<p>Strona internetowa&nbsp;<strong>pe\u0142nomocnika ds. os\u00f3b z niepe\u0142nosprawno\u015bciami w Katedrze Finans\u00f3w Publicznych<\/strong>:<\/p>\n\n\n\n<div style=\"height:30px\" aria-hidden=\"true\" class=\"wp-block-spacer\"><\/div>\n\n\n<div class=\"wp-block-image\">\n<figure class=\"aligncenter size-large is-resized\"><img decoding=\"async\" width=\"707\" height=\"1024\" loading=\"lazy\" src=\"https:\/\/institutes.uek.krakow.pl\/kfpub\/wp-content\/uploads\/sites\/28\/2025\/10\/certyfikat-EFA-707x1024.webp\" alt=\"Certyfikat Efa\" class=\"wp-image-108\" style=\"width:474px;height:auto\" srcset=\"https:\/\/if.uek.krakow.pl\/kfpub\/wp-content\/uploads\/sites\/28\/2025\/10\/certyfikat-EFA-707x1024.webp 707w, https:\/\/if.uek.krakow.pl\/kfpub\/wp-content\/uploads\/sites\/28\/2025\/10\/certyfikat-EFA-414x600.webp 414w, https:\/\/if.uek.krakow.pl\/kfpub\/wp-content\/uploads\/sites\/28\/2025\/10\/certyfikat-EFA-768x1113.webp 768w, https:\/\/if.uek.krakow.pl\/kfpub\/wp-content\/uploads\/sites\/28\/2025\/10\/certyfikat-EFA.webp 800w\" sizes=\"auto, (max-width: 707px) 100vw, 707px\" \/><\/figure>\n<\/div>","protected":false},"excerpt":{"rendered":"<p>Nauki finansowe by\u0142y reprezentowane w Uczelni od chwili jej powstania, tj. od 1925 roku, chocia\u017c nie posiada\u0142y w\u00f3wczas w jej strukturze w\u0142asnej kom\u00f3rki organizacyjnej. Kom\u00f3rka taka zosta\u0142a utworzona dopiero w 1947 roku pod nazw\u0105 \u201eZak\u0142ad Skarbowo\u015bci\u201d, kt\u00f3rego kierownikiem zosta\u0142 prof. dr hab. Stefan Bolland. W 1949 roku powsta\u0142y dwa dalsze zak\u0142ady \u2013 Bankowo\u015b\u0107 I i [&hellip;]<\/p>\n","protected":false},"author":2,"featured_media":0,"parent":0,"menu_order":0,"comment_status":"closed","ping_status":"closed","template":"","meta":{"_acf_changed":false,"footnotes":""},"class_list":["post-17","page","type-page","status-publish","hentry"],"acf":[],"_links":{"self":[{"href":"https:\/\/if.uek.krakow.pl\/kfpub\/wp-json\/wp\/v2\/pages\/17","targetHints":{"allow":["GET"]}}],"collection":[{"href":"https:\/\/if.uek.krakow.pl\/kfpub\/wp-json\/wp\/v2\/pages"}],"about":[{"href":"https:\/\/if.uek.krakow.pl\/kfpub\/wp-json\/wp\/v2\/types\/page"}],"author":[{"embeddable":true,"href":"https:\/\/if.uek.krakow.pl\/kfpub\/wp-json\/wp\/v2\/users\/2"}],"replies":[{"embeddable":true,"href":"https:\/\/if.uek.krakow.pl\/kfpub\/wp-json\/wp\/v2\/comments?post=17"}],"version-history":[{"count":11,"href":"https:\/\/if.uek.krakow.pl\/kfpub\/wp-json\/wp\/v2\/pages\/17\/revisions"}],"predecessor-version":[{"id":388,"href":"https:\/\/if.uek.krakow.pl\/kfpub\/wp-json\/wp\/v2\/pages\/17\/revisions\/388"}],"wp:attachment":[{"href":"https:\/\/if.uek.krakow.pl\/kfpub\/wp-json\/wp\/v2\/media?parent=17"}],"curies":[{"name":"wp","href":"https:\/\/api.w.org\/{rel}","templated":true}]}}