{"id":181,"date":"2025-10-13T12:41:23","date_gmt":"2025-10-13T10:41:23","guid":{"rendered":"https:\/\/institutes.uek.krakow.pl\/kfpub\/?page_id=181"},"modified":"2025-10-13T13:20:23","modified_gmt":"2025-10-13T11:20:23","slug":"praktyki-studenckie","status":"publish","type":"page","link":"https:\/\/if.uek.krakow.pl\/kfpub\/studenci\/praktyki-studenckie\/","title":{"rendered":"Praktyki studenckie"},"content":{"rendered":"\n<p><strong>Opiekun studenckich praktyk zawodowych w Katedrze Finans\u00f3w Publicznych:<\/strong><\/p>\n\n\n\n<p><strong>dr Piotr Podsiad\u0142o<\/strong>, pawilon F., pok\u00f3j 704, e-mail:&nbsp;<a href=\"mailto:piotr.podsiadlo@uek.krakow.pl\">piotr.podsiadlo@uek.krakow.pl<\/a><\/p>\n\n\n\n<div style=\"height:40px\" aria-hidden=\"true\" class=\"wp-block-spacer\"><\/div>\n\n\n\n<h3 class=\"wp-block-heading has-keif-secondary-color has-text-color has-link-color wp-elements-f39209169e12e90ecda020c593a10168\"><strong>Wa\u017cne!<\/strong><\/h3>\n\n\n\n<p>Studenci, kt\u00f3rzy wybrali&nbsp;<strong>promotora<\/strong>&nbsp;pracy licencjackiej lub pracy magisterskiej w&nbsp;<strong>Katedrze Finans\u00f3w Publicznych&nbsp;<\/strong>&nbsp;proszeni s\u0105 o zg\u0142aszanie si\u0119 do dr. Piotra Podsiad\u0142o&nbsp; \u2013 Opiekuna praktyk w tej Katedrze.<\/p>\n\n\n\n<p>Termin realizacji praktyki, czas jej trwania, w tym liczb\u0119 przyznanych punkt\u00f3w ECTS za zaliczenie praktyki, okre\u015blaj\u0105 kierunkowe plany studi\u00f3w.<\/p>\n\n\n\n<div style=\"height:35px\" aria-hidden=\"true\" class=\"wp-block-spacer\"><\/div>\n\n\n\n<p>Szczeg\u00f3\u0142owe zasady zaliczenia praktyki studenckiej znajduj\u0105 si\u0119 na stronie:\u00a0<\/p>\n\n\n\n<ul class=\"wp-block-list\">\n<li class=\"has-keif-secondary-color has-text-color has-link-color wp-elements-4dfeae4f66cba742b014fbbfbb60db02\"><a href=\"https:\/\/e-uczelnia.uek.krakow.pl\/course\/view.php?id=457\" target=\"_blank\" rel=\"noreferrer noopener\">https:\/\/e-uczelnia.uek.krakow.pl\/course\/view.php?id=457<\/a><\/li>\n<\/ul>\n","protected":false},"excerpt":{"rendered":"<p>Opiekun studenckich praktyk zawodowych w Katedrze Finans\u00f3w Publicznych: dr Piotr Podsiad\u0142o, pawilon F., pok\u00f3j 704, e-mail:&nbsp;piotr.podsiadlo@uek.krakow.pl Wa\u017cne! Studenci, kt\u00f3rzy wybrali&nbsp;promotora&nbsp;pracy licencjackiej lub pracy magisterskiej w&nbsp;Katedrze Finans\u00f3w Publicznych&nbsp;&nbsp;proszeni s\u0105 o zg\u0142aszanie si\u0119 do dr. Piotra Podsiad\u0142o&nbsp; \u2013 Opiekuna praktyk w tej Katedrze. Termin realizacji praktyki, czas jej trwania, w tym liczb\u0119 przyznanych punkt\u00f3w ECTS za zaliczenie [&hellip;]<\/p>\n","protected":false},"author":2,"featured_media":0,"parent":170,"menu_order":0,"comment_status":"closed","ping_status":"closed","template":"","meta":{"_acf_changed":false,"footnotes":""},"class_list":["post-181","page","type-page","status-publish","hentry"],"acf":[],"_links":{"self":[{"href":"https:\/\/if.uek.krakow.pl\/kfpub\/wp-json\/wp\/v2\/pages\/181","targetHints":{"allow":["GET"]}}],"collection":[{"href":"https:\/\/if.uek.krakow.pl\/kfpub\/wp-json\/wp\/v2\/pages"}],"about":[{"href":"https:\/\/if.uek.krakow.pl\/kfpub\/wp-json\/wp\/v2\/types\/page"}],"author":[{"embeddable":true,"href":"https:\/\/if.uek.krakow.pl\/kfpub\/wp-json\/wp\/v2\/users\/2"}],"replies":[{"embeddable":true,"href":"https:\/\/if.uek.krakow.pl\/kfpub\/wp-json\/wp\/v2\/comments?post=181"}],"version-history":[{"count":8,"href":"https:\/\/if.uek.krakow.pl\/kfpub\/wp-json\/wp\/v2\/pages\/181\/revisions"}],"predecessor-version":[{"id":190,"href":"https:\/\/if.uek.krakow.pl\/kfpub\/wp-json\/wp\/v2\/pages\/181\/revisions\/190"}],"up":[{"embeddable":true,"href":"https:\/\/if.uek.krakow.pl\/kfpub\/wp-json\/wp\/v2\/pages\/170"}],"wp:attachment":[{"href":"https:\/\/if.uek.krakow.pl\/kfpub\/wp-json\/wp\/v2\/media?parent=181"}],"curies":[{"name":"wp","href":"https:\/\/api.w.org\/{rel}","templated":true}]}}