{"id":191,"date":"2025-10-13T12:46:29","date_gmt":"2025-10-13T10:46:29","guid":{"rendered":"https:\/\/institutes.uek.krakow.pl\/kfpub\/?page_id=191"},"modified":"2025-10-13T13:20:37","modified_gmt":"2025-10-13T11:20:37","slug":"kolo-naukowe","status":"publish","type":"page","link":"https:\/\/if.uek.krakow.pl\/kfpub\/studenci\/kolo-naukowe\/","title":{"rendered":"Ko\u0142o Naukowe"},"content":{"rendered":"\n<h2 class=\"wp-block-heading has-keif-secondary-color has-text-color has-link-color wp-elements-26a6f18f2bd98f4c45b3564071b0a9dd\" style=\"font-size:2rem\">Ko\u0142o Naukowe Finanse i Podatki<\/h2>\n\n\n\n<figure class=\"wp-block-image size-full is-resized\"><img decoding=\"async\" width=\"800\" height=\"300\" loading=\"lazy\" src=\"https:\/\/institutes.uek.krakow.pl\/kfpub\/wp-content\/uploads\/sites\/28\/2025\/10\/logo-kn-fip.webp\" alt=\"Logo ko\u0142a naukowego Finanse i Podatki\" class=\"wp-image-201\" style=\"width:474px;height:auto\" srcset=\"https:\/\/if.uek.krakow.pl\/kfpub\/wp-content\/uploads\/sites\/28\/2025\/10\/logo-kn-fip.webp 800w, https:\/\/if.uek.krakow.pl\/kfpub\/wp-content\/uploads\/sites\/28\/2025\/10\/logo-kn-fip-600x225.webp 600w, https:\/\/if.uek.krakow.pl\/kfpub\/wp-content\/uploads\/sites\/28\/2025\/10\/logo-kn-fip-768x288.webp 768w\" sizes=\"auto, (max-width: 800px) 100vw, 800px\" \/><\/figure>\n\n\n\n<p>W lipcu 2017 r. &nbsp;przy Katedrze Finans\u00f3w Publicznych utworzone zosta\u0142o Ko\u0142o Naukowe&nbsp;<em>Finanse i Podatki<\/em>.<\/p>\n\n\n\n<div style=\"height:30px\" aria-hidden=\"true\" class=\"wp-block-spacer\"><\/div>\n\n\n\n<h3 class=\"wp-block-heading has-keif-secondary-color has-text-color has-link-color wp-elements-4e49fcf0b59544df34d68f49f6918a7b\">Celem dzia\u0142alno\u015bci Ko\u0142a jest:<\/h3>\n\n\n\n<ul class=\"wp-block-list\">\n<li>pog\u0142\u0119bianie wiedzy i praktycznych umiej\u0119tno\u015bci z zakresu finans\u00f3w i podatk\u00f3w,<\/li>\n\n\n\n<li>zdobycie do\u015bwiadczenia w projektowaniu wydarze\u0144,<\/li>\n\n\n\n<li>rozwijanie umiej\u0119tno\u015bci interpersonalnych i organizacyjnych,<\/li>\n\n\n\n<li>integracja spo\u0142eczno\u015bci akademickiej,<\/li>\n\n\n\n<li>promocja uczelni w \u015brodowisku pozauczelnianym.<\/li>\n<\/ul>\n\n\n\n<p>Wszystkie osoby&nbsp;zainteresowane pog\u0142\u0119bianiem swojej wiedzy, uczestnictwem w ciekawych wydarzeniach, zawieraniem nowych znajomo\u015bci zach\u0119camy do zapis\u00f3w do Ko\u0142a Naukowego<em>&nbsp;Finanse i Podatki<\/em>.<\/p>\n\n\n\n<p>mail:&nbsp;&nbsp;<a href=\"mailto:fip@uek.krakow.pl\">fip@uek.krakow.pl<\/a><\/p>\n\n\n\n<p><a href=\"http:\/\/www.kolonaukowe-fip.uek.krakow.pl\/\">Strona internetowa ko\u0142a<\/a><\/p>\n\n\n\n<div style=\"height:40px\" aria-hidden=\"true\" class=\"wp-block-spacer\"><\/div>\n\n\n\n<p>Opiekunem Naukowym Ko\u0142a&nbsp;<em>Finanse i Podatki<\/em>&nbsp;jest:<\/p>\n\n\n\n<ul class=\"wp-block-list\">\n<li><strong>dr Katarzyna Maj-Serwatka<\/strong><\/li>\n<\/ul>\n\n\n\n<p><\/p>\n","protected":false},"excerpt":{"rendered":"<p>Ko\u0142o Naukowe Finanse i Podatki W lipcu 2017 r. &nbsp;przy Katedrze Finans\u00f3w Publicznych utworzone zosta\u0142o Ko\u0142o Naukowe&nbsp;Finanse i Podatki. Celem dzia\u0142alno\u015bci Ko\u0142a jest: Wszystkie osoby&nbsp;zainteresowane pog\u0142\u0119bianiem swojej wiedzy, uczestnictwem w ciekawych wydarzeniach, zawieraniem nowych znajomo\u015bci zach\u0119camy do zapis\u00f3w do Ko\u0142a Naukowego&nbsp;Finanse i Podatki. mail:&nbsp;&nbsp;fip@uek.krakow.pl Strona internetowa ko\u0142a Opiekunem Naukowym Ko\u0142a&nbsp;Finanse i Podatki&nbsp;jest:<\/p>\n","protected":false},"author":2,"featured_media":0,"parent":170,"menu_order":0,"comment_status":"closed","ping_status":"closed","template":"","meta":{"_acf_changed":false,"footnotes":""},"class_list":["post-191","page","type-page","status-publish","hentry"],"acf":[],"_links":{"self":[{"href":"https:\/\/if.uek.krakow.pl\/kfpub\/wp-json\/wp\/v2\/pages\/191","targetHints":{"allow":["GET"]}}],"collection":[{"href":"https:\/\/if.uek.krakow.pl\/kfpub\/wp-json\/wp\/v2\/pages"}],"about":[{"href":"https:\/\/if.uek.krakow.pl\/kfpub\/wp-json\/wp\/v2\/types\/page"}],"author":[{"embeddable":true,"href":"https:\/\/if.uek.krakow.pl\/kfpub\/wp-json\/wp\/v2\/users\/2"}],"replies":[{"embeddable":true,"href":"https:\/\/if.uek.krakow.pl\/kfpub\/wp-json\/wp\/v2\/comments?post=191"}],"version-history":[{"count":6,"href":"https:\/\/if.uek.krakow.pl\/kfpub\/wp-json\/wp\/v2\/pages\/191\/revisions"}],"predecessor-version":[{"id":202,"href":"https:\/\/if.uek.krakow.pl\/kfpub\/wp-json\/wp\/v2\/pages\/191\/revisions\/202"}],"up":[{"embeddable":true,"href":"https:\/\/if.uek.krakow.pl\/kfpub\/wp-json\/wp\/v2\/pages\/170"}],"wp:attachment":[{"href":"https:\/\/if.uek.krakow.pl\/kfpub\/wp-json\/wp\/v2\/media?parent=191"}],"curies":[{"name":"wp","href":"https:\/\/api.w.org\/{rel}","templated":true}]}}