{"id":203,"date":"2025-10-13T12:54:07","date_gmt":"2025-10-13T10:54:07","guid":{"rendered":"https:\/\/institutes.uek.krakow.pl\/kfpub\/?page_id=203"},"modified":"2025-10-13T13:20:48","modified_gmt":"2025-10-13T11:20:48","slug":"seminarium-dla-studentow","status":"publish","type":"page","link":"https:\/\/if.uek.krakow.pl\/kfpub\/studenci\/seminarium-dla-studentow\/","title":{"rendered":"Seminarium\u00a0dla student\u00f3w"},"content":{"rendered":"\n<h2 class=\"wp-block-heading has-keif-secondary-color has-text-color has-link-color wp-elements-9d812b0414e742fbc00b2054462ce78e\"><a href=\"https:\/\/institutes.uek.krakow.pl\/kfpub\/employee\/surowka-krzysztof\/\" data-type=\"employee\" data-id=\"119\">Prof. dr hab. Krzysztof Sur\u00f3wka<\/a><\/h2>\n\n\n\n<p>Tytu\u0142 oferowanego seminarium: <strong><em>Funkcjonowanie sektora finans\u00f3w publicznych<\/em><\/strong><\/p>\n\n\n\n<h3 class=\"wp-block-heading\">Zwi\u0119z\u0142y opis tematyki seminarium:<\/h3>\n\n\n\n<ul class=\"wp-block-list\">\n<li>Funkcjonowanie bud\u017cetu pa\u0144stwa (\u017ar\u00f3d\u0142a dochod\u00f3w, zakres wydatk\u00f3w, problematyka deficytu bud\u017cetowego i d\u0142ugu publicznego)<\/li>\n\n\n\n<li>Finanse samorz\u0105du terytorialnego<\/li>\n\n\n\n<li>Systemy ubezpiecze\u0144 spo\u0142ecznych<\/li>\n\n\n\n<li>Finansowanie ochrony zdrowia<\/li>\n\n\n\n<li>Systemy podatkowe<\/li>\n\n\n\n<li>Finanse Unii Europejskiej (konstrukcja bud\u017cetu, charakterystyka funduszy unijnych, zasady przekazywania \u015brodk\u00f3w)<\/li>\n<\/ul>\n\n\n\n<div style=\"height:35px\" aria-hidden=\"true\" class=\"wp-block-spacer\"><\/div>\n\n\n\n<h3 class=\"wp-block-heading\">Adresaci oferty:<\/h3>\n\n\n\n<ul class=\"wp-block-list\">\n<li>Kolegium Ekonomii, Finans\u00f3w i Prawa<\/li>\n\n\n\n<li>Instytut Finans\u00f3w<\/li>\n\n\n\n<li>Studia stacjonarne I stopnia<\/li>\n\n\n\n<li>Studia stacjonarne II stopnia<\/li>\n\n\n\n<li>Studnia niestacjonarne I stopnia<\/li>\n\n\n\n<li>Studnia niestacjonarne II stopnia<\/li>\n<\/ul>\n\n\n\n<div style=\"height:50px\" aria-hidden=\"true\" class=\"wp-block-spacer\"><\/div>\n\n\n\n<h2 class=\"wp-block-heading has-keif-secondary-color has-text-color has-link-color wp-elements-79ba937787adc365429f4859f42c24aa\"><a href=\"https:\/\/institutes.uek.krakow.pl\/kfpub\/employee\/owsiak-katarzyna\/\" data-type=\"employee\" data-id=\"131\">Prof. UEK dr hab. Katarzyna Owsiak<\/a><\/h2>\n\n\n\n<p>Tytu\u0142 oferowanego seminarium: <strong><em>Finanse publiczne \u2013 stan dotychczasowy \u2013 perspektywy rozwoju<\/em><\/strong><\/p>\n\n\n\n<h3 class=\"wp-block-heading\">Zwi\u0119z\u0142y opis tematyki seminarium:<\/h3>\n\n\n\n<ul class=\"wp-block-list\">\n<li>Finanse publiczne<\/li>\n\n\n\n<li>Finanse jednostek samorz\u0105du terytorialnego<\/li>\n\n\n\n<li>Sektor publiczny<\/li>\n\n\n\n<li>Polityka finansowa<\/li>\n\n\n\n<li>Administracja publiczna<\/li>\n\n\n\n<li>Ekonomia spo\u0142eczna<\/li>\n\n\n\n<li>Wsp\u00f3\u0142czesne koncepcje pa\u0144stwa<\/li>\n<\/ul>\n\n\n\n<div style=\"height:35px\" aria-hidden=\"true\" class=\"wp-block-spacer\"><\/div>\n\n\n\n<h3 class=\"wp-block-heading\">Adresaci oferty:<\/h3>\n\n\n\n<ul class=\"wp-block-list\">\n<li>Kolegium Ekonomii, Finans\u00f3w i Prawa<\/li>\n\n\n\n<li>Instytut Finans\u00f3w<\/li>\n\n\n\n<li>Studia stacjonarne I stopnia<\/li>\n\n\n\n<li>Studia stacjonarne II stopnia<\/li>\n\n\n\n<li>Studnia niestacjonarne I stopnia<\/li>\n\n\n\n<li>Studnia niestacjonarne II stopnia<\/li>\n<\/ul>\n\n\n\n<div style=\"height:50px\" aria-hidden=\"true\" class=\"wp-block-spacer\"><\/div>\n\n\n\n<h2 class=\"wp-block-heading has-keif-secondary-color has-text-color has-link-color wp-elements-94988b77d34c6d694c0032ebbcde23f9\"><a href=\"https:\/\/institutes.uek.krakow.pl\/kfpub\/employee\/poplawski-lukasz\/\" data-type=\"employee\" data-id=\"114\">Prof. UEK dr hab. \u0141ukasz Pop\u0142awski<\/a><\/h2>\n\n\n\n<p>Tytu\u0142 oferowanego seminarium: <strong><em>Problemy ekonomii sektora publicznego i efektywno\u015b\u0107 podmiot\u00f3w publicznych<\/em><\/strong><\/p>\n\n\n\n<h3 class=\"wp-block-heading\">Zwi\u0119z\u0142y opis tematyki seminarium:<\/h3>\n\n\n\n<ul class=\"wp-block-list\">\n<li>Kierunki rozwoju ekonomii sektora publicznego w Polsce<\/li>\n\n\n\n<li>System ekonomiczny jako zbi\u00f3r instytucji<\/li>\n\n\n\n<li>Poj\u0119cie instytucji i instytucjonalizm<\/li>\n\n\n\n<li>Rola pa\u0144stwa w gospodarce \u2013 zakres i finansowanie dzia\u0142alno\u015bci pa\u0144stwa<\/li>\n\n\n\n<li>Zawodno\u015b\u0107 rynku<\/li>\n\n\n\n<li>Problem d\u00f3br publicznych i prywatnych ich pochodne<\/li>\n\n\n\n<li>Finanse podmiot\u00f3w sektora publicznego<\/li>\n\n\n\n<li>Efektywno\u015b\u0107 podmiot\u00f3w sektora publicznego<\/li>\n\n\n\n<li>Ocena kondycji finansowej przedsi\u0119biorstw dzia\u0142aj\u0105cych w obszarze sfery publicznej<\/li>\n\n\n\n<li>Samorz\u0105d wojew\u00f3dzki \u2013 jego funkcje i podmioty<\/li>\n\n\n\n<li>Gospodarka komunalna i jej podmioty<\/li>\n\n\n\n<li>Partnerstwo publiczno- prywatne i inne rozwi\u0105zania<\/li>\n<\/ul>\n\n\n\n<div style=\"height:35px\" aria-hidden=\"true\" class=\"wp-block-spacer\"><\/div>\n\n\n\n<h3 class=\"wp-block-heading\">Adresaci oferty:<\/h3>\n\n\n\n<ul class=\"wp-block-list\">\n<li>Kolegium Ekonomii, Finans\u00f3w i Prawa<\/li>\n\n\n\n<li>Instytut Finans\u00f3w<\/li>\n\n\n\n<li>Studia stacjonarne I stopnia<\/li>\n\n\n\n<li>Studia stacjonarne II stopnia<\/li>\n\n\n\n<li>Studnia niestacjonarne I stopnia<\/li>\n\n\n\n<li>Studnia niestacjonarne II stopnia<\/li>\n<\/ul>\n\n\n\n<div style=\"height:50px\" aria-hidden=\"true\" class=\"wp-block-spacer\"><\/div>\n\n\n\n<h2 class=\"wp-block-heading has-keif-secondary-color has-text-color has-link-color wp-elements-3db5bc274fcb3faf545044d44b9d5d35\"><a href=\"https:\/\/institutes.uek.krakow.pl\/kfpub\/employee\/soltyk-piotr\/\" data-type=\"employee\" data-id=\"139\">Prof. UEK dr hab. Piotr So\u0142tyk<\/a><\/h2>\n\n\n\n<p>Tytu\u0142 oferowanego seminarium: <strong><em>Problemy i kierunki zmian w sektorze finans\u00f3w publicznych w Polsce<\/em><\/strong><\/p>\n\n\n\n<h3 class=\"wp-block-heading\">Zwi\u0119z\u0142y opis tematyki seminarium:<\/h3>\n\n\n\n<ul class=\"wp-block-list\">\n<li>Kierunki rozwoju systemu finans\u00f3w publicznych w Polsce<\/li>\n\n\n\n<li>Finanse samorz\u0105du terytorialnego<\/li>\n\n\n\n<li>Zarz\u0105dzanie d\u0142ugiem publicznym<\/li>\n\n\n\n<li>Sprawozdawczo\u015b\u0107 bud\u017cetowa i finansowa organizacji publicznej<\/li>\n\n\n\n<li>Podatki i op\u0142aty lokalne<\/li>\n\n\n\n<li>Fundusze unijne<\/li>\n\n\n\n<li>Zarz\u0105dzanie bud\u017cetem jednostki samorz\u0105du terytorialnego<\/li>\n\n\n\n<li>Gospodarka komunalna<\/li>\n\n\n\n<li>Kontrola zarz\u0105dcza i audyt wewn\u0119trzny<\/li>\n\n\n\n<li>Dyscyplina finans\u00f3w publicznych<\/li>\n<\/ul>\n\n\n\n<div style=\"height:35px\" aria-hidden=\"true\" class=\"wp-block-spacer\"><\/div>\n\n\n\n<h3 class=\"wp-block-heading\">Adresaci oferty:<\/h3>\n\n\n\n<ul class=\"wp-block-list\">\n<li>Kolegium Ekonomii, Finans\u00f3w i Prawa<\/li>\n\n\n\n<li>Instytut Finans\u00f3w<\/li>\n\n\n\n<li>Studia stacjonarne I stopnia<\/li>\n\n\n\n<li>Studia stacjonarne II stopnia<\/li>\n\n\n\n<li>Studnia niestacjonarne I stopnia<\/li>\n\n\n\n<li>Studnia niestacjonarne II stopnia<\/li>\n<\/ul>\n\n\n\n<div style=\"height:50px\" aria-hidden=\"true\" class=\"wp-block-spacer\"><\/div>\n\n\n\n<h2 class=\"wp-block-heading has-keif-secondary-color has-text-color has-link-color wp-elements-837373c03f37a1fdff663bd9d8c8a8e0\"><a href=\"https:\/\/institutes.uek.krakow.pl\/kfpub\/employee\/maj-serwatka-katarzyna\/\" data-type=\"employee\" data-id=\"151\">Dr Katarzyna Maj-Serwatka<\/a><\/h2>\n\n\n\n<p>Tytu\u0142 oferowanego seminarium: <strong><em>Sektor finans\u00f3w publicznych w Polsce<\/em><\/strong><\/p>\n\n\n\n<h3 class=\"wp-block-heading\">Zwi\u0119z\u0142y opis tematyki seminarium:<\/h3>\n\n\n\n<ul class=\"wp-block-list\">\n<li>Funkcjonowanie sektora finans\u00f3w publicznych w Polsce<\/li>\n\n\n\n<li>Racjonalizacja wydatk\u00f3w publicznych<\/li>\n\n\n\n<li>Metody zarz\u0105dzania \u015brodkami publicznymi<\/li>\n\n\n\n<li>Problemy bud\u017cetu pa\u0144stwowego a wyzwania na przysz\u0142o\u015b\u0107<\/li>\n\n\n\n<li>D\u0142ug publiczny, deficyt bud\u017cetowy<\/li>\n\n\n\n<li>Finansowanie us\u0142ug spo\u0142ecznych (edukacja, ochrona zdrowia, kultura)<\/li>\n\n\n\n<li>System podatkowy w Polsce na tle kraj\u00f3w Unii Europejskiej<\/li>\n\n\n\n<li>Stan i kierunki rozwoju finans\u00f3w samorz\u0105du terytorialnego w Polsce<\/li>\n\n\n\n<li>Gospodarka finansowa jednostek samorz\u0105du terytorialnego<\/li>\n\n\n\n<li>Realizacja zada\u0144 publicznych przez jednostki samorz\u0105du terytorialnego<\/li>\n\n\n\n<li>Funkcjonowanie trzeciego sektora w Polsce<\/li>\n<\/ul>\n\n\n\n<div style=\"height:35px\" aria-hidden=\"true\" class=\"wp-block-spacer\"><\/div>\n\n\n\n<h3 class=\"wp-block-heading\">Adresaci oferty:<\/h3>\n\n\n\n<ul class=\"wp-block-list\">\n<li>Kolegium Ekonomii, Finans\u00f3w i Prawa<\/li>\n\n\n\n<li>Instytut Finans\u00f3w<\/li>\n\n\n\n<li>Studia stacjonarne I stopnia<\/li>\n\n\n\n<li>Studnia niestacjonarne I stopnia<\/li>\n<\/ul>\n\n\n\n<div style=\"height:50px\" aria-hidden=\"true\" class=\"wp-block-spacer\"><\/div>\n\n\n\n<h2 class=\"wp-block-heading has-keif-secondary-color has-text-color has-link-color wp-elements-839001b72b1a2c8f3eca64cc9ae4c75e\"><a href=\"https:\/\/institutes.uek.krakow.pl\/kfpub\/employee\/piszczek-marzena\/\" data-type=\"employee\" data-id=\"156\">Dr Marzena Piszczek<\/a><\/h2>\n\n\n\n<p>Tytu\u0142 oferowanego seminarium: <strong><em>Funkcjonowanie sektora finans\u00f3w publicznych w Polsce<\/em><\/strong><\/p>\n\n\n\n<h3 class=\"wp-block-heading\">Zwi\u0119z\u0142y opis tematyki seminarium:<\/h3>\n\n\n\n<ul class=\"wp-block-list\">\n<li>Finanse<\/li>\n\n\n\n<li>Finanse publiczne<\/li>\n\n\n\n<li>Finanse samorz\u0105dowe<\/li>\n\n\n\n<li>Metody bud\u017cetowania<\/li>\n\n\n\n<li>Efektywno\u015b\u0107 us\u0142ug komunalnych<\/li>\n\n\n\n<li>Efektywno\u015b\u0107 i sprawno\u015b\u0107 administracji publicznej<\/li>\n\n\n\n<li>Zarz\u0105dzanie sektorem publicznym.<\/li>\n\n\n\n<li>Ekonomia sektora publicznego<\/li>\n\n\n\n<li>Zarz\u0105dzanie sp\u00f3\u0142kami Skarbu Pa\u0144stwa<\/li>\n<\/ul>\n\n\n\n<div style=\"height:35px\" aria-hidden=\"true\" class=\"wp-block-spacer\"><\/div>\n\n\n\n<h3 class=\"wp-block-heading\">Adresaci oferty:<\/h3>\n\n\n\n<ul class=\"wp-block-list\">\n<li>Kolegium Ekonomii, Finans\u00f3w i Prawa<\/li>\n\n\n\n<li>Instytut Finans\u00f3w<\/li>\n\n\n\n<li>Studia stacjonarne I stopnia<\/li>\n\n\n\n<li>Studia stacjonarne II stopnia<\/li>\n\n\n\n<li>Studnia niestacjonarne I stopnia<\/li>\n\n\n\n<li>Studnia niestacjonarne II stopnia<\/li>\n<\/ul>\n\n\n\n<div style=\"height:50px\" aria-hidden=\"true\" class=\"wp-block-spacer\"><\/div>\n\n\n\n<h2 class=\"wp-block-heading has-keif-secondary-color has-text-color has-link-color wp-elements-5310e33196ac03cbee4cbfc337628da4\"><a href=\"https:\/\/institutes.uek.krakow.pl\/kfpub\/employee\/podsiadlo-piotr\/\" data-type=\"employee\" data-id=\"161\">Dr Piotr Podsiad\u0142o<\/a><\/h2>\n\n\n\n<p>Tytu\u0142 oferowanego seminarium: <strong><em>Finanse publiczne w perspektywie krajowej i mi\u0119dzynarodowej<\/em><\/strong><\/p>\n\n\n\n<h3 class=\"wp-block-heading\">Zwi\u0119z\u0142y opis tematyki seminarium:<\/h3>\n\n\n\n<ul class=\"wp-block-list\">\n<li>System podatkowy w Polsce oraz innych pa\u0144stwach UE<\/li>\n\n\n\n<li>Analiza finansowa przedsi\u0119biorstwa<\/li>\n\n\n\n<li>Polityka fiskalna i polityka monetarna<\/li>\n\n\n\n<li>Finanse publiczne<\/li>\n\n\n\n<li>Finanse jednostek samorz\u0105du terytorialnego<\/li>\n\n\n\n<li>System pomocy publicznej dla przedsi\u0119biorstw<\/li>\n\n\n\n<li>Sektor publiczny<\/li>\n<\/ul>\n\n\n\n<div style=\"height:35px\" aria-hidden=\"true\" class=\"wp-block-spacer\"><\/div>\n\n\n\n<h3 class=\"wp-block-heading\">Adresaci oferty:<\/h3>\n\n\n\n<ul class=\"wp-block-list\">\n<li>Kolegium Ekonomii, Finans\u00f3w i Prawa<\/li>\n\n\n\n<li>Instytut Finans\u00f3w<\/li>\n\n\n\n<li>Studia stacjonarne I stopnia<\/li>\n\n\n\n<li>Studia stacjonarne II stopnia<\/li>\n\n\n\n<li>Studnia niestacjonarne I stopnia<\/li>\n\n\n\n<li>Studnia niestacjonarne II stopnia<\/li>\n<\/ul>\n","protected":false},"excerpt":{"rendered":"<p>Prof. dr hab. Krzysztof Sur\u00f3wka Tytu\u0142 oferowanego seminarium: Funkcjonowanie sektora finans\u00f3w publicznych Zwi\u0119z\u0142y opis tematyki seminarium: Adresaci oferty: Prof. UEK dr hab. Katarzyna Owsiak Tytu\u0142 oferowanego seminarium: Finanse publiczne \u2013 stan dotychczasowy \u2013 perspektywy rozwoju Zwi\u0119z\u0142y opis tematyki seminarium: Adresaci oferty: Prof. UEK dr hab. \u0141ukasz Pop\u0142awski Tytu\u0142 oferowanego seminarium: Problemy ekonomii sektora publicznego i [&hellip;]<\/p>\n","protected":false},"author":2,"featured_media":0,"parent":170,"menu_order":0,"comment_status":"closed","ping_status":"closed","template":"templates\/page-blocks.php","meta":{"_acf_changed":false,"footnotes":""},"class_list":["post-203","page","type-page","status-publish","hentry"],"acf":[],"_links":{"self":[{"href":"https:\/\/if.uek.krakow.pl\/kfpub\/wp-json\/wp\/v2\/pages\/203","targetHints":{"allow":["GET"]}}],"collection":[{"href":"https:\/\/if.uek.krakow.pl\/kfpub\/wp-json\/wp\/v2\/pages"}],"about":[{"href":"https:\/\/if.uek.krakow.pl\/kfpub\/wp-json\/wp\/v2\/types\/page"}],"author":[{"embeddable":true,"href":"https:\/\/if.uek.krakow.pl\/kfpub\/wp-json\/wp\/v2\/users\/2"}],"replies":[{"embeddable":true,"href":"https:\/\/if.uek.krakow.pl\/kfpub\/wp-json\/wp\/v2\/comments?post=203"}],"version-history":[{"count":8,"href":"https:\/\/if.uek.krakow.pl\/kfpub\/wp-json\/wp\/v2\/pages\/203\/revisions"}],"predecessor-version":[{"id":217,"href":"https:\/\/if.uek.krakow.pl\/kfpub\/wp-json\/wp\/v2\/pages\/203\/revisions\/217"}],"up":[{"embeddable":true,"href":"https:\/\/if.uek.krakow.pl\/kfpub\/wp-json\/wp\/v2\/pages\/170"}],"wp:attachment":[{"href":"https:\/\/if.uek.krakow.pl\/kfpub\/wp-json\/wp\/v2\/media?parent=203"}],"curies":[{"name":"wp","href":"https:\/\/api.w.org\/{rel}","templated":true}]}}