{"id":189,"date":"2025-10-21T09:57:54","date_gmt":"2025-10-21T07:57:54","guid":{"rendered":"https:\/\/institutes.uek.krakow.pl\/kfrz\/?page_id=189"},"modified":"2025-10-21T09:59:22","modified_gmt":"2025-10-21T07:59:22","slug":"praktyki-studenckie","status":"publish","type":"page","link":"https:\/\/if.uek.krakow.pl\/kfrz\/studenci\/praktyki-studenckie\/","title":{"rendered":"Praktyki studenckie"},"content":{"rendered":"\n<h5 class=\"wp-block-heading\"><strong>Opiekun studenckich praktyk zawodowych w Katedrze Finans\u00f3w Rozwoju Zr\u00f3wnowa\u017conego<\/strong><\/h5>\n\n\n\n<p>dr Krzysztof W\u0105sowicz, pawilon F., pok\u00f3j&nbsp;412, e-mail: wasowick@uek.krakow.pl<\/p>\n\n\n\n<p><strong>Od 24.02.2025 roku obowi\u0105zuje nowa formu\u0142a zaliczania praktyk studenckich, zgodna z zapisami Zarz\u0105dzenia JM Rektora, dost\u0119pnego wraz z za\u0142\u0105cznikami na stronie:&nbsp;<a href=\"https:\/\/bip.uek.krakow.pl\/zarzadzenie\/3594\/zarzadzenie-nr-r-0211-4-2025\">https:\/\/bip.uek.krakow.pl\/zarzadzenie\/3594\/zarzadzenie-nr-r-0211-4-2025<\/a><\/strong><\/p>\n\n\n\n<p><strong>Informacje dodatkowe<\/strong><\/p>\n\n\n\n<p>Praktyka zawodowa powinna spe\u0142nia\u0107 warunki okre\u015blone w Regulaminie studenckich praktyk zawodowych (<a href=\"https:\/\/if.uek.krakow.pl\/kbgsf\/wp-content\/uploads\/sites\/2\/2023\/03\/R.0211.16.2022.pdf\">Zarz\u0105dzenie Rektora<\/a>).<\/p>\n\n\n\n<p><strong>Wa\u017cne!<\/strong>&nbsp;Studenci, kt\u00f3rzy wybrali&nbsp;<strong>promotora<\/strong>&nbsp;pracy licencjackiej lub pracy magisterskiej w&nbsp;<strong>Katedrze&nbsp;<\/strong><strong>Finans\u00f3w Rozwoju Zr\u00f3wnowa\u017conego&nbsp;<\/strong>proszeni s\u0105 o zg\u0142aszanie si\u0119 do dr Krzysztofa W\u0105sowicza \u2013 opiekuna praktyk.<\/p>\n\n\n\n<p>Termin realizacji praktyki, czas jej trwania, w tym liczb\u0119 przyznanych punkt\u00f3w ECTS za zaliczenie praktyki, okre\u015blaj\u0105 kierunkowe plany studi\u00f3w.<\/p>\n\n\n\n<p><strong>Wa\u017cne!<\/strong>&nbsp;Praktyka powinna trwa\u0107 4 tygodnie, 160 godzin lekcyjnych. W przypadku zatrudnienia\/samozatrudnienia, czas realizacji praktyki wskazuje Praktykant, wybieraj\u0105c w\u0142a\u015bciwy dla okresu zatrudnienia\/samozatrudnienia termin trwaj\u0105cy 4 tygodnie.<\/p>\n\n\n\n<p><strong>Wa\u017cne!<\/strong>&nbsp;Praktyka powinna by\u0107 zrealizowana do ko\u0144ca 5 semestru studi\u00f3w (I stopie\u0144) lub do uko\u0144czenia 4 semestru studi\u00f3w (II stopie\u0144).<\/p>\n\n\n\n<p>Umowa o praktyk\u0119 lub inna umowa potwierdzaj\u0105ca zatrudnienie, zawarta w j\u0119zyku obcym powinna by\u0107 przet\u0142umaczona na j\u0119zyk polski.<\/p>\n\n\n\n<p>Osoby zainteresowane odbyciem praktyki zapraszam do skorzystania z oferty praktyk studenckich przedstawionej w elektronicznej bazie danych:&nbsp;<a href=\"http:\/\/kariery.uek.krakow.pl\/\">kariery.uek.krakow.pl<\/a><\/p>\n\n\n\n<p>Link do informacji na stronie IF:\u00a0<a href=\"https:\/\/institutes.uek.krakow.pl\/if\/studenci\/sprawy-formalne\/praktyki-studenckie\/\" target=\"_blank\" rel=\"noreferrer noopener\">PRAKTYKI STUDENCKIE<\/a><\/p>\n","protected":false},"excerpt":{"rendered":"<p>Opiekun studenckich praktyk zawodowych w Katedrze Finans\u00f3w Rozwoju Zr\u00f3wnowa\u017conego dr Krzysztof W\u0105sowicz, pawilon F., pok\u00f3j&nbsp;412, e-mail: wasowick@uek.krakow.pl Od 24.02.2025 roku obowi\u0105zuje nowa formu\u0142a zaliczania praktyk studenckich, zgodna z zapisami Zarz\u0105dzenia JM Rektora, dost\u0119pnego wraz z za\u0142\u0105cznikami na stronie:&nbsp;https:\/\/bip.uek.krakow.pl\/zarzadzenie\/3594\/zarzadzenie-nr-r-0211-4-2025 Informacje dodatkowe Praktyka zawodowa powinna spe\u0142nia\u0107 warunki okre\u015blone w Regulaminie studenckich praktyk zawodowych (Zarz\u0105dzenie Rektora). Wa\u017cne!&nbsp;Studenci, kt\u00f3rzy [&hellip;]<\/p>\n","protected":false},"author":2,"featured_media":0,"parent":170,"menu_order":0,"comment_status":"closed","ping_status":"closed","template":"templates\/page-blocks.php","meta":{"_acf_changed":false,"footnotes":""},"class_list":["post-189","page","type-page","status-publish","hentry"],"acf":[],"_links":{"self":[{"href":"https:\/\/if.uek.krakow.pl\/kfrz\/wp-json\/wp\/v2\/pages\/189","targetHints":{"allow":["GET"]}}],"collection":[{"href":"https:\/\/if.uek.krakow.pl\/kfrz\/wp-json\/wp\/v2\/pages"}],"about":[{"href":"https:\/\/if.uek.krakow.pl\/kfrz\/wp-json\/wp\/v2\/types\/page"}],"author":[{"embeddable":true,"href":"https:\/\/if.uek.krakow.pl\/kfrz\/wp-json\/wp\/v2\/users\/2"}],"replies":[{"embeddable":true,"href":"https:\/\/if.uek.krakow.pl\/kfrz\/wp-json\/wp\/v2\/comments?post=189"}],"version-history":[{"count":2,"href":"https:\/\/if.uek.krakow.pl\/kfrz\/wp-json\/wp\/v2\/pages\/189\/revisions"}],"predecessor-version":[{"id":192,"href":"https:\/\/if.uek.krakow.pl\/kfrz\/wp-json\/wp\/v2\/pages\/189\/revisions\/192"}],"up":[{"embeddable":true,"href":"https:\/\/if.uek.krakow.pl\/kfrz\/wp-json\/wp\/v2\/pages\/170"}],"wp:attachment":[{"href":"https:\/\/if.uek.krakow.pl\/kfrz\/wp-json\/wp\/v2\/media?parent=189"}],"curies":[{"name":"wp","href":"https:\/\/api.w.org\/{rel}","templated":true}]}}