{"id":194,"date":"2025-10-21T10:04:20","date_gmt":"2025-10-21T08:04:20","guid":{"rendered":"https:\/\/institutes.uek.krakow.pl\/kfrz\/?page_id=194"},"modified":"2025-11-12T13:45:59","modified_gmt":"2025-11-12T12:45:59","slug":"specjalnosc-finanse-zielonej-transformacji","status":"publish","type":"page","link":"https:\/\/if.uek.krakow.pl\/kfrz\/studenci\/specjalnosc-finanse-zielonej-transformacji\/","title":{"rendered":"Specjalno\u015b\u0107\u00a0Finanse zielonej transformacji"},"content":{"rendered":"\n<h2 class=\"wp-block-heading\">Specjalno\u015b\u0107 na studiach II stopnia stacjonarnych i niestacjonarnych na kierunku Finanse i rachunkowo\u015b\u0107<\/h2>\n\n\n\n<div style=\"height:40px\" aria-hidden=\"true\" class=\"wp-block-spacer\"><\/div>\n\n\n\n<h3 class=\"wp-block-heading has-keif-secondary-color has-text-color has-link-color wp-elements-93131dffa972510e105f0c260b395383\">Program specjalno\u015bci i profil absolwenta<\/h3>\n\n\n\n<p>Wsp\u00f3\u0142czesna gospodarka stoi w obliczu wyzwa\u0144 zwi\u0105zanych z kryzysem klimatycznym, transformacj\u0105 energetyczn\u0105 i konieczno\u015bci\u0105 wdra\u017cania zasad zr\u00f3wnowa\u017conego rozwoju. Specjalno\u015b\u0107 <strong>Finanse zielonej gospodarki<\/strong> odpowiada na potrzeby rynku pracy oraz kierunki polityki gospodarczej Unii Europejskiej, kt\u00f3re koncentruj\u0105 si\u0119 na finansowaniu dzia\u0142a\u0144 proekologicznych, zwi\u0119kszaniu efektywno\u015bci energetycznej i wspieraniu innowacji \u015brodowiskowych.<\/p>\n\n\n\n<p>Program specjalno\u015bci zosta\u0142 opracowany w oparciu o dorobek naukowy oraz do\u015bwiadczenia praktyczne pracownik\u00f3w Katedry Finans\u00f3w Rozwoju Zr\u00f3wnowa\u017conego. Studenci zdobywaj\u0105 wiedz\u0119 o mechanizmach funkcjonowania zielonej gospodarki, zasadach finansowania transformacji energetycznej oraz roli sektora finansowego w przeciwdzia\u0142aniu kryzysowi ekologicznemu.<\/p>\n\n\n\n<p>W trakcie studi\u00f3w Studenci ucz\u0105 si\u0119 rozpoznawa\u0107 i analizowa\u0107 <strong>ryzyko \u015brodowiskowe<\/strong> oraz jego wp\u0142yw na dzia\u0142alno\u015b\u0107 przedsi\u0119biorstw oraz gospodarki. Poznaj\u0105 narz\u0119dzia s\u0142u\u017c\u0105ce do oceny inwestycji w kontek\u015bcie spe\u0142niania kryteri\u00f3w ESG <em>(Environmental, Social, Governance),<\/em> a tak\u017ce metody <strong>bud\u017cetowania projekt\u00f3w inwestycyjnych<\/strong> z uwzgl\u0119dnieniem cel\u00f3w zr\u00f3wnowa\u017conego rozwoju. Kszta\u0142cone s\u0105 umiej\u0119tno\u015b\u0107 planowania i wdra\u017cania <strong>eco-innowacji<\/strong>, rozwi\u0105za\u0144 wpisuj\u0105cych si\u0119 w ide\u0119 <strong>Przemys\u0142u 4.0 <\/strong>oraz poruszania si\u0119 po rozbudowanym systemie zielonych finans\u00f3w.<\/p>\n\n\n\n<h3 class=\"wp-block-heading has-keif-secondary-color has-text-color has-link-color wp-elements-369c142f97f2363044c0742c69e609ea\">Program studi\u00f3w na specjalno\u015bci obejmuje wyk\u0142ady i \u0107wiczenia z nast\u0119puj\u0105cych przedmiot\u00f3w:<\/h3>\n\n\n\n<ul class=\"wp-block-list\">\n<li>Kryzys ekologiczny i ryzyko \u015brodowiskowe,<\/li>\n\n\n\n<li>Transformacja energetyczna i zielona gospodarka,<\/li>\n\n\n\n<li>Bud\u017cetowanie projekt\u00f3w inwestycyjnych,<\/li>\n\n\n\n<li>\u00a0Finansowanie zr\u00f3wnowa\u017conego rozwoju,<\/li>\n\n\n\n<li>\u00a0Eco-innowacje i Przemys\u0142 4.0,<\/li>\n\n\n\n<li>Budowanie strategii ESG<\/li>\n\n\n\n<li>Czynniki \u015brodowiskowe w wycenie przedsi\u0119biorstw,<\/li>\n\n\n\n<li>Controlling ekologiczny.<\/li>\n<\/ul>\n\n\n\n<h3 class=\"wp-block-heading has-keif-secondary-color has-text-color has-link-color wp-elements-f343b1495f902894dad83bb925f4918f\">Praktyczny aspekt naszej specjalno\u015bc<\/h3>\n\n\n\n<p>Specjalno\u015b\u0107 <strong>Finanse zielonej gospodarki<\/strong> kszta\u0142ci ekspert\u00f3w przygotowanych do aktywnego udzia\u0142u w transformacji energetycznej i ekologicznej. Absolwenci posiadaj\u0105 kompetencje pozwalaj\u0105ce na opracowanie i realizacj\u0119 strategii finansowych wspieraj\u0105cych rozw\u00f3j zr\u00f3wnowa\u017cony (ESG). Potrafi\u0105 przeprowadzi\u0107 analiz\u0119 op\u0142acalno\u015bci ekonomicznej i ekologicznej projekt\u00f3w inwestycyjnych, a tak\u017ce &nbsp;efektywnie stosowa\u0107 narz\u0119dzia controllingu ekologicznego w przedsi\u0119biorstwach.<\/p>\n\n\n\n<p>Dzi\u0119ki zdobytej wiedzy i praktycznym umiej\u0119tno\u015bciom nasi absolwenci s\u0105 przygotowani do pracy w:<\/p>\n\n\n\n<ul class=\"wp-block-list\">\n<li>instytucjach finansowych \u00a0wspieraj\u0105cych zielone projekty,<\/li>\n\n\n\n<li>przedsi\u0119biorstwach wdra\u017caj\u0105cych strategie ESG i innowacje \u015brodowiskowe,<\/li>\n\n\n\n<li>jednostkach administracji rz\u0105dowej i samorz\u0105dowej zajmuj\u0105cych si\u0119 gospodark\u0105 niskoemisyjn\u0105,<\/li>\n\n\n\n<li>organizacjach mi\u0119dzynarodowych i non profit promuj\u0105cych \u00a0zr\u00f3wnowa\u017cony rozw\u00f3j.<\/li>\n<\/ul>\n\n\n\n<p>Zdobyte kwalifikacje pozwalaj\u0105 r\u00f3wnie\u017c na tworzenie w\u0142asnych inicjatyw biznesowych wpisuj\u0105cych si\u0119 w ide\u0119 <strong>zielonej gospodarki<\/strong> i <strong>spo\u0142ecznie odpowiedzialnego biznesu<\/strong>.<\/p>\n\n\n\n<div style=\"height:40px\" aria-hidden=\"true\" class=\"wp-block-spacer\"><\/div>\n\n\n\n<figure class=\"wp-block-embed is-type-video is-provider-youtube wp-block-embed-youtube wp-embed-aspect-16-9 wp-has-aspect-ratio\"><div class=\"wp-block-embed__wrapper\">\n<iframe loading=\"lazy\" title=\"Studia na kierunku Finanse i Rachunkowo\u015b\u0107 Uniwersytet Ekonomiczny w Krakowie\" width=\"640\" height=\"360\" src=\"https:\/\/www.youtube.com\/embed\/OsJFhP7FkDQ?feature=oembed\" frameborder=\"0\" allow=\"accelerometer; autoplay; clipboard-write; encrypted-media; gyroscope; picture-in-picture; web-share\" referrerpolicy=\"strict-origin-when-cross-origin\" allowfullscreen><\/iframe>\n<\/div><\/figure>\n","protected":false},"excerpt":{"rendered":"<p>Specjalno\u015b\u0107 na studiach II stopnia stacjonarnych i niestacjonarnych na kierunku Finanse i rachunkowo\u015b\u0107 Program specjalno\u015bci i profil absolwenta Wsp\u00f3\u0142czesna gospodarka stoi w obliczu wyzwa\u0144 zwi\u0105zanych z kryzysem klimatycznym, transformacj\u0105 energetyczn\u0105 i konieczno\u015bci\u0105 wdra\u017cania zasad zr\u00f3wnowa\u017conego rozwoju. Specjalno\u015b\u0107 Finanse zielonej gospodarki odpowiada na potrzeby rynku pracy oraz kierunki polityki gospodarczej Unii Europejskiej, kt\u00f3re koncentruj\u0105 si\u0119 na [&hellip;]<\/p>\n","protected":false},"author":2,"featured_media":0,"parent":170,"menu_order":0,"comment_status":"closed","ping_status":"closed","template":"","meta":{"_acf_changed":false,"footnotes":""},"class_list":["post-194","page","type-page","status-publish","hentry"],"acf":[],"_links":{"self":[{"href":"https:\/\/if.uek.krakow.pl\/kfrz\/wp-json\/wp\/v2\/pages\/194","targetHints":{"allow":["GET"]}}],"collection":[{"href":"https:\/\/if.uek.krakow.pl\/kfrz\/wp-json\/wp\/v2\/pages"}],"about":[{"href":"https:\/\/if.uek.krakow.pl\/kfrz\/wp-json\/wp\/v2\/types\/page"}],"author":[{"embeddable":true,"href":"https:\/\/if.uek.krakow.pl\/kfrz\/wp-json\/wp\/v2\/users\/2"}],"replies":[{"embeddable":true,"href":"https:\/\/if.uek.krakow.pl\/kfrz\/wp-json\/wp\/v2\/comments?post=194"}],"version-history":[{"count":3,"href":"https:\/\/if.uek.krakow.pl\/kfrz\/wp-json\/wp\/v2\/pages\/194\/revisions"}],"predecessor-version":[{"id":2435,"href":"https:\/\/if.uek.krakow.pl\/kfrz\/wp-json\/wp\/v2\/pages\/194\/revisions\/2435"}],"up":[{"embeddable":true,"href":"https:\/\/if.uek.krakow.pl\/kfrz\/wp-json\/wp\/v2\/pages\/170"}],"wp:attachment":[{"href":"https:\/\/if.uek.krakow.pl\/kfrz\/wp-json\/wp\/v2\/media?parent=194"}],"curies":[{"name":"wp","href":"https:\/\/api.w.org\/{rel}","templated":true}]}}