{"id":206,"date":"2025-10-21T10:14:15","date_gmt":"2025-10-21T08:14:15","guid":{"rendered":"https:\/\/institutes.uek.krakow.pl\/kfrz\/?page_id=206"},"modified":"2025-11-12T20:56:06","modified_gmt":"2025-11-12T19:56:06","slug":"katedralny-pelnomocnik-ds-osob-niepelnosprawnych","status":"publish","type":"page","link":"https:\/\/if.uek.krakow.pl\/kfrz\/studenci\/katedralny-pelnomocnik-ds-osob-niepelnosprawnych\/","title":{"rendered":"Katedralny Pe\u0142nomocnik ds. Os\u00f3b Niepe\u0142nosprawnych"},"content":{"rendered":"\n<h3 class=\"wp-block-heading has-keif-secondary-color has-text-color has-link-color wp-elements-195da66cefe0f8a06d537c3ded3a01c7\">Zach\u0119camy student\u00f3w z niepe\u0142nosprawno\u015bci\u0105 do kontaktu oraz zwracania si\u0119 z wszelkimi problemami dotycz\u0105cymi kszta\u0142cenia na Uniwersytecie Ekonomicznym w Krakowie z Katedralnym Pe\u0142nomocnikiem ds. Os\u00f3b Niepe\u0142nosprawnych dr Agnieszk\u0105 Mazurek-Czarneck\u0105.<\/h3>\n\n\n\n<p>Dane kontaktowe :<br><strong>dr Agnieszka Mazurek Czarnecka<\/strong><br>pok. 411, pawilon F<br>terminy konsultacji:\u00a0<a href=\"https:\/\/e-uczelnia.uek.krakow.pl\/course\/view.php?id=10058\">e-wizyt\u00f3wka<\/a><br>adres e-mail:\u00a0mazureka@uek.krakow.pl<\/p>\n\n\n\n<p>Przydatne linki :<br>Strona g\u0142\u00f3wna Biura ds. Os\u00f3b Niepe\u0142nosprawnych: http:\/\/bon.uek.krakow.pl<br>Konsultacje psychologa: http:\/\/bon.uek.krakow.pl\/index.php?p=m&amp;idg=ps,79<\/p>\n","protected":false},"excerpt":{"rendered":"<p>Zach\u0119camy student\u00f3w z niepe\u0142nosprawno\u015bci\u0105 do kontaktu oraz zwracania si\u0119 z wszelkimi problemami dotycz\u0105cymi kszta\u0142cenia na Uniwersytecie Ekonomicznym w Krakowie z Katedralnym Pe\u0142nomocnikiem ds. Os\u00f3b Niepe\u0142nosprawnych dr Agnieszk\u0105 Mazurek-Czarneck\u0105. Dane kontaktowe :dr Agnieszka Mazurek Czarneckapok. 411, pawilon Fterminy konsultacji:\u00a0e-wizyt\u00f3wkaadres e-mail:\u00a0mazureka@uek.krakow.pl Przydatne linki :Strona g\u0142\u00f3wna Biura ds. Os\u00f3b Niepe\u0142nosprawnych: http:\/\/bon.uek.krakow.plKonsultacje psychologa: http:\/\/bon.uek.krakow.pl\/index.php?p=m&amp;idg=ps,79<\/p>\n","protected":false},"author":2,"featured_media":0,"parent":170,"menu_order":0,"comment_status":"closed","ping_status":"closed","template":"","meta":{"_acf_changed":false,"footnotes":""},"class_list":["post-206","page","type-page","status-publish","hentry"],"acf":[],"_links":{"self":[{"href":"https:\/\/if.uek.krakow.pl\/kfrz\/wp-json\/wp\/v2\/pages\/206","targetHints":{"allow":["GET"]}}],"collection":[{"href":"https:\/\/if.uek.krakow.pl\/kfrz\/wp-json\/wp\/v2\/pages"}],"about":[{"href":"https:\/\/if.uek.krakow.pl\/kfrz\/wp-json\/wp\/v2\/types\/page"}],"author":[{"embeddable":true,"href":"https:\/\/if.uek.krakow.pl\/kfrz\/wp-json\/wp\/v2\/users\/2"}],"replies":[{"embeddable":true,"href":"https:\/\/if.uek.krakow.pl\/kfrz\/wp-json\/wp\/v2\/comments?post=206"}],"version-history":[{"count":4,"href":"https:\/\/if.uek.krakow.pl\/kfrz\/wp-json\/wp\/v2\/pages\/206\/revisions"}],"predecessor-version":[{"id":2500,"href":"https:\/\/if.uek.krakow.pl\/kfrz\/wp-json\/wp\/v2\/pages\/206\/revisions\/2500"}],"up":[{"embeddable":true,"href":"https:\/\/if.uek.krakow.pl\/kfrz\/wp-json\/wp\/v2\/pages\/170"}],"wp:attachment":[{"href":"https:\/\/if.uek.krakow.pl\/kfrz\/wp-json\/wp\/v2\/media?parent=206"}],"curies":[{"name":"wp","href":"https:\/\/api.w.org\/{rel}","templated":true}]}}