{"id":211,"date":"2025-10-21T10:16:21","date_gmt":"2025-10-21T08:16:21","guid":{"rendered":"https:\/\/institutes.uek.krakow.pl\/kfrz\/?page_id=211"},"modified":"2025-10-21T10:31:25","modified_gmt":"2025-10-21T08:31:25","slug":"kolo-naukowe-transformacji-energetycznej-i-klimatycznej","status":"publish","type":"page","link":"https:\/\/if.uek.krakow.pl\/kfrz\/studenci\/kolo-naukowe-transformacji-energetycznej-i-klimatycznej\/","title":{"rendered":"Ko\u0142o naukowe Transformacji Energetycznej i\u00a0Klimatycznej"},"content":{"rendered":"\n<div class=\"wp-block-columns is-layout-flex wp-container-core-columns-is-layout-9d6595d7 wp-block-columns-is-layout-flex\">\n<div class=\"wp-block-column is-layout-flow wp-block-column-is-layout-flow\" style=\"flex-basis:66.66%\">\n<h3 class=\"wp-block-heading has-keif-secondary-color has-text-color has-link-color wp-elements-3159c1b51797fd17ade5cc15673c2e3f\">Ko\u0142o Naukowe Transformacji Energetycznej i Klimatycznej to dynamiczna grupa student\u00f3w, kt\u00f3rzy chc\u0105 aktywnie kszta\u0142towa\u0107 przysz\u0142o\u015b\u0107 w oparciu o zr\u00f3wnowa\u017cony rozw\u00f3j.<\/h3>\n<\/div>\n\n\n\n<div class=\"wp-block-column is-layout-flow wp-block-column-is-layout-flow\" style=\"flex-basis:33.33%\">\n<figure class=\"wp-block-image size-full\"><img decoding=\"async\" width=\"600\" height=\"149\" loading=\"lazy\" src=\"https:\/\/institutes.uek.krakow.pl\/kfrz\/wp-content\/uploads\/sites\/33\/2025\/10\/KN__TEIK.webp\" alt=\"\" class=\"wp-image-220\"\/><\/figure>\n<\/div>\n<\/div>\n\n\n\n<div style=\"height:35px\" aria-hidden=\"true\" class=\"wp-block-spacer\"><\/div>\n\n\n\n<h3 class=\"wp-block-heading has-keif-secondary-color has-text-color has-link-color wp-elements-091c21cbeca77370962d22c5987961f0\">Do misji Ko\u0142a nale\u017cy:<\/h3>\n\n\n\n<ul class=\"wp-block-list\">\n<li>Poszerzanie wiedzy o wsp\u00f3\u0142czesnych wyzwaniach zwi\u0105zanych z transformacj\u0105 energetyczn\u0105 i klimatyczn\u0105,<\/li>\n\n\n\n<li>Dzia\u0142anie na rzecz zr\u00f3wnowa\u017conego rozwoju, anga\u017cuj\u0105c si\u0119 w projekty i inicjatywy promuj\u0105ce odpowiedzialne korzystanie z zasob\u00f3w naturalnych,<\/li>\n\n\n\n<li>Promowanie idei ESG (ESG to skr\u00f3t od Environmental, Social, and Governance, co w t\u0142umaczeniu oznacza \u015arodowisko, Spo\u0142eczna Odpowiedzialno\u015b\u0107 i \u0141ad Korporacyjny. To zbi\u00f3r zasad i kryteri\u00f3w, kt\u00f3re oceniaj\u0105 wp\u0142yw dzia\u0142alno\u015bci firmy na \u015brodowisko, spo\u0142ecze\u0144stwo i zarz\u0105dzanie),<\/li>\n\n\n\n<li>Rozwijanie umiej\u0119tno\u015bci interpersonalnych poprzez wsp\u00f3\u0142prac\u0119 w zespole i realizacj\u0119 wsp\u00f3lnych projekt\u00f3w,<\/li>\n\n\n\n<li>Budowanie \u015bwiadomo\u015bci spo\u0142ecznej dotycz\u0105cej aspekt\u00f3w \u015brodowiskowych,<\/li>\n\n\n\n<li>Prowadzenie bada\u0144 naukowych oraz poszukiwanie rozwi\u0105za\u0144 dla biznesu (partner\u00f3w Ko\u0142a).<\/li>\n<\/ul>\n\n\n\n<div style=\"height:45px\" aria-hidden=\"true\" class=\"wp-block-spacer\"><\/div>\n\n\n\n<h2 class=\"wp-block-heading has-keif-secondary-color has-text-color has-link-color wp-elements-95555cb76884fae5dd01929e42fb320c\">Napisz i do\u0142\u0105cz do nas!<\/h2>\n\n\n\n<p>\u015aled\u017a nas na Facebooku i innych social mediach, \u017ceby by\u0107 na bie\u017c\u0105co z terminami spotka\u0144.<\/p>\n\n\n\n<p>Masz pytania? <strong>Napisz do nas<\/strong>: knteik.uek@gmail.com<\/p>\n\n\n\n<p><strong>FB<\/strong>: Ko\u0142o Naukowe Transformacji Energetycznej i Klimatycznej<\/p>\n\n\n\n<p><strong>IG<\/strong>: kn.teik<\/p>\n","protected":false},"excerpt":{"rendered":"<p>Ko\u0142o Naukowe Transformacji Energetycznej i Klimatycznej to dynamiczna grupa student\u00f3w, kt\u00f3rzy chc\u0105 aktywnie kszta\u0142towa\u0107 przysz\u0142o\u015b\u0107 w oparciu o zr\u00f3wnowa\u017cony rozw\u00f3j. Do misji Ko\u0142a nale\u017cy: Napisz i do\u0142\u0105cz do nas! \u015aled\u017a nas na Facebooku i innych social mediach, \u017ceby by\u0107 na bie\u017c\u0105co z terminami spotka\u0144. Masz pytania? Napisz do nas: knteik.uek@gmail.com FB: Ko\u0142o Naukowe Transformacji Energetycznej [&hellip;]<\/p>\n","protected":false},"author":2,"featured_media":0,"parent":170,"menu_order":0,"comment_status":"closed","ping_status":"closed","template":"","meta":{"_acf_changed":false,"footnotes":""},"class_list":["post-211","page","type-page","status-publish","hentry"],"acf":[],"_links":{"self":[{"href":"https:\/\/if.uek.krakow.pl\/kfrz\/wp-json\/wp\/v2\/pages\/211","targetHints":{"allow":["GET"]}}],"collection":[{"href":"https:\/\/if.uek.krakow.pl\/kfrz\/wp-json\/wp\/v2\/pages"}],"about":[{"href":"https:\/\/if.uek.krakow.pl\/kfrz\/wp-json\/wp\/v2\/types\/page"}],"author":[{"embeddable":true,"href":"https:\/\/if.uek.krakow.pl\/kfrz\/wp-json\/wp\/v2\/users\/2"}],"replies":[{"embeddable":true,"href":"https:\/\/if.uek.krakow.pl\/kfrz\/wp-json\/wp\/v2\/comments?post=211"}],"version-history":[{"count":4,"href":"https:\/\/if.uek.krakow.pl\/kfrz\/wp-json\/wp\/v2\/pages\/211\/revisions"}],"predecessor-version":[{"id":221,"href":"https:\/\/if.uek.krakow.pl\/kfrz\/wp-json\/wp\/v2\/pages\/211\/revisions\/221"}],"up":[{"embeddable":true,"href":"https:\/\/if.uek.krakow.pl\/kfrz\/wp-json\/wp\/v2\/pages\/170"}],"wp:attachment":[{"href":"https:\/\/if.uek.krakow.pl\/kfrz\/wp-json\/wp\/v2\/media?parent=211"}],"curies":[{"name":"wp","href":"https:\/\/api.w.org\/{rel}","templated":true}]}}