{"id":17,"date":"2025-05-15T10:13:22","date_gmt":"2025-05-15T08:13:22","guid":{"rendered":"https:\/\/institutes.uek.krakow.pl\/krachf\/?page_id=17"},"modified":"2025-12-21T23:42:03","modified_gmt":"2025-12-21T22:42:03","slug":"o-katedrze","status":"publish","type":"page","link":"https:\/\/if.uek.krakow.pl\/krachf\/o-katedrze\/","title":{"rendered":"O Katedrze"},"content":{"rendered":"\n<h2 class=\"wp-block-heading\">Misja Katedry<\/h2>\n\n\n\n<p>Misj\u0105 Katedry Rachunkowo\u015bci Finansowej jest tworzenie nauki oraz ukierunkowanie na jej nieustanny rozw\u00f3j w oparciu o najnowsze osi\u0105gni\u0119cia \u015bwiatowe, a tak\u017ce propagowanie wiedzy w\u015br\u00f3d szerokiej rzeszy student\u00f3w i kszta\u0142cenie kadr naukowych przy zachowaniu najwy\u017cszych standard\u00f3w edukacyjnych oraz etycznych i poszanowaniu dla tradycji.<\/p>\n\n\n\n<p>Katedra Rachunkowo\u015bci Finansowej skupia si\u0119 na nieustannym rozwoju swoich pracownik\u00f3w, aby mo\u017cliwa by\u0142a realizacja wszechstronnych bada\u0144 naukowych, wymiany my\u015bli oraz realizacji ich aspiracji w poszanowaniu r\u00f3\u017cnorodno\u015bci pogl\u0105d\u00f3w i oczekiwa\u0144. Tym samym Katedra realizuje swoj\u0105 misj\u0119 spo\u0142eczn\u0105 czerpi\u0105c z do\u015bwiadcze\u0144 przesz\u0142ych pokole\u0144 oraz wnosz\u0105c sw\u00f3j wk\u0142ad na rzecz nast\u0119pnych, kt\u00f3re b\u0119d\u0105 mog\u0142y korzysta\u0107 z efekt\u00f3w jej pracy. Jest to sp\u00f3jne z misj\u0105 Uniwersytetu Ekonomicznego w Krakowie: \u201eRerum cognoscere causas et valorem\u2026\u201d<\/p>\n\n\n\n<h2 class=\"wp-block-heading\">Wizja Katedry<\/h2>\n\n\n\n<p>Katedra stanie si\u0119 nowoczesn\u0105 jednostk\u0105 organizacyjn\u0105 Uniwersytetu Ekonomicznego w Krakowie, edukacyjno-badawcz\u0105, opiniotw\u00f3rcz\u0105 i doradcz\u0105, dzia\u0142aj\u0105c\u0105 aktywnie na forum naukowym, dydaktycznym i praktycznym, w sferze lokalnej, og\u00f3lnopolskiej i mi\u0119dzynarodowej. B\u0119dzie ona miejscem przyjaznym pracownikom, doktorantom, seminarzystom i studentom, umo\u017cliwiaj\u0105cym realizacj\u0119 ich aspiracji i otwartym na zmiany zachodz\u0105ce<br>w otoczeniu, w kt\u00f3rym funkcjonuje.<\/p>\n\n\n<blockquote class=\"wp-block-quote\">\n\n\n<h2 class=\"wp-block-heading\">Dzia\u0142alno\u015b\u0107 Katedry<\/h2>\n\n\n\n<p>Katedra Rachunkowo\u015bci Finansowej powsta\u0142a w roku 1996. Obecnie stanowi ona cz\u0119\u015b\u0107 Instytutu Finans\u00f3w nale\u017c\u0105cego do Kolegium Ekonomii, Finans\u00f3w i Prawa Uniwersytetu Ekonomicznego w Krakowie.<\/p>\n\n\n\n<p>Zar\u00f3wno dzia\u0142alno\u015b\u0107 naukowa jej pracownik\u00f3w jak te\u017c prowadzone zaj\u0119cia dydaktyczne na licznych kierunkach studi\u00f3w stanowi\u0105 o jej pozycji na rynku naukowym nie tylko Krakowa, ale r\u00f3wnie\u017c ca\u0142ej Polski.<\/p>\n\n\n\n<p>Badania naukowe Katedry Rachunkowo\u015bci Finansowej koncentruj\u0105 si\u0119 wok\u00f3\u0142 zagadnie\u0144 sprawozdawczo\u015bci, analizy i rewizji finansowej zar\u00f3wno w kontek\u015bcie rozwi\u0105za\u0144 polskich jak r\u00f3wnie\u017c \u015bwiatowych. S\u0105 one r\u00f3wnie\u017c uzupe\u0142niane o najnowsze rozwi\u0105zania w tym zakresie prezentowane przez uznane organizacje mi\u0119dzynarodowe, w gremiach kt\u00f3rych zasiadaj\u0105 cz\u0142onkowie Katedry, a tak\u017ce prezentuj\u0105 na ich forum swoje osi\u0105gni\u0119cia naukowe (International Association for Accounting Education and Research \u2013 IAAER, European Accounting Association \u2013 EAA, Integrated Reporting Academic Research Support Group). Nie bez znaczenia s\u0105 tak\u017ce role pe\u0142nione przez nich w Stowarzyszeniu Ksi\u0119gowych w Polsce czy te\u017c Krajowej Izbie Bieg\u0142ych Rewident\u00f3w.<\/p>\n\n\n\n<p>Katedra Rachunkowo\u015bci Finansowej poszerza profil kszta\u0142cenia zgodnie z wymaganiami i trendami rynku pracy. Jej pracownicy prowadz\u0105 zaj\u0119cia (wyk\u0142ady, \u0107wiczenia, laboratoria komputerowe) w ramach studi\u00f3w stacjonarnych, niestacjonarnych, doktoranckich i podyplomowych \u2013 ACCA i CIMA. Nale\u017cy podkre\u015bli\u0107, \u017ce w swoich dzia\u0142aniach \u0142\u0105cz\u0105 oni kwestie nauki z jej praktyczn\u0105 egzemplifikacj\u0105 wynikaj\u0105c\u0105 z ich do\u015bwiadcze\u0144 zawodowych. Liczne grono zatrudnionych w Katedrze os\u00f3b jest bieg\u0142ymi rewidentami, doradcami podatkowymi i cz\u0142onkami rad nadzorczych kluczowych polskich firm.<\/p>\n\n\n\n<figure class=\"wp-block-image size-full\"><img decoding=\"async\" width=\"480\" height=\"360\" loading=\"lazy\" src=\"https:\/\/if.uek.krakow.pl\/krachf\/wp-content\/uploads\/sites\/31\/2025\/12\/1574270332549309174.jpg\" alt=\"Zdjecie\" class=\"wp-image-2160\" \/><\/figure>\n","protected":false},"excerpt":{"rendered":"<p>Misja Katedry Misj\u0105 Katedry Rachunkowo\u015bci Finansowej jest tworzenie nauki oraz ukierunkowanie na jej nieustanny rozw\u00f3j w oparciu o najnowsze osi\u0105gni\u0119cia \u015bwiatowe, a tak\u017ce propagowanie wiedzy w\u015br\u00f3d szerokiej rzeszy student\u00f3w i kszta\u0142cenie kadr naukowych przy zachowaniu najwy\u017cszych standard\u00f3w edukacyjnych oraz etycznych i poszanowaniu dla tradycji. Katedra Rachunkowo\u015bci Finansowej skupia si\u0119 na nieustannym rozwoju swoich pracownik\u00f3w, aby [&hellip;]<\/p>\n","protected":false},"author":1,"featured_media":0,"parent":0,"menu_order":0,"comment_status":"closed","ping_status":"closed","template":"","meta":{"_acf_changed":false,"footnotes":""},"class_list":["post-17","page","type-page","status-publish","hentry"],"acf":[],"_links":{"self":[{"href":"https:\/\/if.uek.krakow.pl\/krachf\/wp-json\/wp\/v2\/pages\/17","targetHints":{"allow":["GET"]}}],"collection":[{"href":"https:\/\/if.uek.krakow.pl\/krachf\/wp-json\/wp\/v2\/pages"}],"about":[{"href":"https:\/\/if.uek.krakow.pl\/krachf\/wp-json\/wp\/v2\/types\/page"}],"author":[{"embeddable":true,"href":"https:\/\/if.uek.krakow.pl\/krachf\/wp-json\/wp\/v2\/users\/1"}],"replies":[{"embeddable":true,"href":"https:\/\/if.uek.krakow.pl\/krachf\/wp-json\/wp\/v2\/comments?post=17"}],"version-history":[{"count":9,"href":"https:\/\/if.uek.krakow.pl\/krachf\/wp-json\/wp\/v2\/pages\/17\/revisions"}],"predecessor-version":[{"id":2163,"href":"https:\/\/if.uek.krakow.pl\/krachf\/wp-json\/wp\/v2\/pages\/17\/revisions\/2163"}],"wp:attachment":[{"href":"https:\/\/if.uek.krakow.pl\/krachf\/wp-json\/wp\/v2\/media?parent=17"}],"curies":[{"name":"wp","href":"https:\/\/api.w.org\/{rel}","templated":true}]}}