{"id":1882,"date":"2025-10-13T14:10:22","date_gmt":"2025-10-13T12:10:22","guid":{"rendered":"https:\/\/institutes.uek.krakow.pl\/krachf\/?page_id=1882"},"modified":"2025-10-13T14:12:21","modified_gmt":"2025-10-13T12:12:21","slug":"seminarium-dla-studentow","status":"publish","type":"page","link":"https:\/\/if.uek.krakow.pl\/krachf\/studenci\/seminarium-dla-studentow\/","title":{"rendered":"Seminarium\u00a0dla student\u00f3w"},"content":{"rendered":"\n<blockquote class=\"wp-block-quote is-layout-flow wp-block-quote-is-layout-flow\">\n<h5 class=\"wp-block-heading\">Informacja na temat zasad realizacji i organizacji seminari\u00f3w dyplomowych<\/h5>\n<\/blockquote>\n\n\n\n<ol class=\"wp-block-list\">\n<li><strong>Terminy i zapisy<\/strong><\/li>\n<\/ol>\n\n\n\n<ul class=\"wp-block-list\">\n<li>Terminy seminari\u00f3w ustalane indywidualnie z promotorem \u2013 prosimy o bezpo\u015bredni kontakt ze swoim promotorem\/tutorem, gdy\u017c to on wyznacza harmonogram konsultacji i spotka\u0144;<\/li>\n\n\n\n<li>Zapisy odbywaj\u0105 si\u0119 co semestr \u2013 lista prowadz\u0105cych i dost\u0119pne tematy og\u0142aszane s\u0105 na stronie wydzia\u0142u lub katedry co najmniej miesi\u0105c wcze\u015bniej;<\/li>\n<\/ul>\n\n\n\n<ol start=\"2\" class=\"wp-block-list\">\n<li><strong>Wyb\u00f3r promotora<\/strong><\/li>\n<\/ol>\n\n\n\n<ul class=\"wp-block-list\">\n<li>Promotorem mo\u017ce by\u0107 osoba z tytu\u0142em naukowym profesora, doktora habilitowanego lub \u2013 za zgod\u0105 rady wydzia\u0142u \u2013 doktor;<\/li>\n\n\n\n<li>Istnieje mo\u017cliwo\u015b\u0107 wyboru promotora spoza wydzia\u0142u, ale wymagana jest zgoda dziekana i promotora;<\/li>\n<\/ul>\n\n\n\n<ol start=\"3\" class=\"wp-block-list\">\n<li><strong>Zaliczenie seminarium = zgoda na z\u0142o\u017cenie pracy<\/strong><\/li>\n<\/ol>\n\n\n\n<ul class=\"wp-block-list\">\n<li>Zaliczenie seminarium w ostatnim semestrze oznacza akceptacj\u0119 promotora i umo\u017cliwia z\u0142o\u017cenie pracy dyplomowej w dziekanacie;<\/li>\n<\/ul>\n\n\n\n<ol start=\"4\" class=\"wp-block-list\">\n<li><strong>Forma pracy i recenzenci<\/strong><\/li>\n<\/ol>\n\n\n\n<ul class=\"wp-block-list\">\n<li>Praca mo\u017ce mie\u0107 form\u0119 indywidualn\u0105 lub zespo\u0142ow\u0105 (po uzgodnieniu z promotorem i dziekanem) .<\/li>\n\n\n\n<li>Recenzje:\n<ul class=\"wp-block-list\">\n<li>licencjackie \u2013 promotor + recenzent z co najmniej stopniem doktora,<\/li>\n\n\n\n<li>magisterskie \u2013 je\u015bli promotorem jest doktor, recenzent musi mie\u0107 stopie\u0144 doktora habilitowanego,<\/li>\n<\/ul>\n<\/li>\n\n\n\n<li>Recenzent nie mo\u017ce pochodzi\u0107 z tej samej katedry, chyba \u017ce to jedyna jednostka specjalistyczna .<\/li>\n<\/ul>\n\n\n\n<ol start=\"5\" class=\"wp-block-list\">\n<li><strong>Wymogi formalne pracy<\/strong><\/li>\n<\/ol>\n\n\n\n<ul class=\"wp-block-list\">\n<li>Prace musz\u0105 by\u0107 zgodne z obowi\u0105zuj\u0105cym wzorem redakcyjnym (projektowym lub artyku\u0142owym) \u2013 dokumenty do pobrania s\u0105 na stronie uczelni (szablony: I stopie\u0144, II stopie\u0144) .<\/li>\n<\/ul>\n","protected":false},"excerpt":{"rendered":"<p>Informacja na temat zasad realizacji i organizacji seminari\u00f3w dyplomowych<\/p>\n","protected":false},"author":1,"featured_media":0,"parent":170,"menu_order":0,"comment_status":"closed","ping_status":"closed","template":"templates\/page-blocks.php","meta":{"_acf_changed":false,"footnotes":""},"class_list":["post-1882","page","type-page","status-publish","hentry"],"acf":[],"_links":{"self":[{"href":"https:\/\/if.uek.krakow.pl\/krachf\/wp-json\/wp\/v2\/pages\/1882","targetHints":{"allow":["GET"]}}],"collection":[{"href":"https:\/\/if.uek.krakow.pl\/krachf\/wp-json\/wp\/v2\/pages"}],"about":[{"href":"https:\/\/if.uek.krakow.pl\/krachf\/wp-json\/wp\/v2\/types\/page"}],"author":[{"embeddable":true,"href":"https:\/\/if.uek.krakow.pl\/krachf\/wp-json\/wp\/v2\/users\/1"}],"replies":[{"embeddable":true,"href":"https:\/\/if.uek.krakow.pl\/krachf\/wp-json\/wp\/v2\/comments?post=1882"}],"version-history":[{"count":2,"href":"https:\/\/if.uek.krakow.pl\/krachf\/wp-json\/wp\/v2\/pages\/1882\/revisions"}],"predecessor-version":[{"id":1884,"href":"https:\/\/if.uek.krakow.pl\/krachf\/wp-json\/wp\/v2\/pages\/1882\/revisions\/1884"}],"up":[{"embeddable":true,"href":"https:\/\/if.uek.krakow.pl\/krachf\/wp-json\/wp\/v2\/pages\/170"}],"wp:attachment":[{"href":"https:\/\/if.uek.krakow.pl\/krachf\/wp-json\/wp\/v2\/media?parent=1882"}],"curies":[{"name":"wp","href":"https:\/\/api.w.org\/{rel}","templated":true}]}}