{"id":17,"date":"2025-05-15T10:13:22","date_gmt":"2025-05-15T08:13:22","guid":{"rendered":"https:\/\/institutes.uek.krakow.pl\/krf\/?page_id=17"},"modified":"2025-08-20T12:45:06","modified_gmt":"2025-08-20T10:45:06","slug":"o-katedrze","status":"publish","type":"page","link":"https:\/\/if.uek.krakow.pl\/krf\/o-katedrze\/","title":{"rendered":"O Katedrze"},"content":{"rendered":"\n<p><strong>Po przej\u015bciu na emerytur\u0119 prof. dr hab. Jana Czekaja Kierownikiem Katedry od pa\u017adziernika 2020 roku zosta\u0142 prof. UEK. dr hab. Marcin Czupryna<\/strong><\/p>\n\n\n\n<p>Obecnie w Katedrze Rynk\u00f3w Finansowych zatrudnionych jest 9-ciu pracownik\u00f3w.<\/p>\n\n\n\n<p><strong>Pracownicy Katedry zajmuj\u0105 si\u0119 prowadzeniem bada\u0144 nad zagadnieniami rynk\u00f3w finansowych i rynk\u00f3w inwestycji alternatywnych.<\/strong><\/p>\n\n\n\n<p><strong>W szczeg\u00f3lno\u015bci obszary badawcze obejmuj\u0105:<\/strong>&nbsp;makroekonomiczne uwarunkowania rynk\u00f3w finansowych, efektywno\u015b\u0107 informacyjn\u0105 rynk\u00f3w finansowych, finanse behawioralne, mikrostrukturalne aspekty rynk\u00f3w finansowych, zastosowanie metod ilo\u015bciowych w modelowaniu zjawisk zachodz\u0105cych na rynkach finansowych, zagadnienia du\u017cych zbior\u00f3w danych w zastosowaniu do rynk\u00f3w finansowych, inwestycje alternatywne na rynkach energii i wina, aspekty podatkowe inwestycji, fundusze inwestycyjne i hedgingowe.<\/p>\n","protected":false},"excerpt":{"rendered":"<p>Problematyka funkcjonowania powsta\u0142ego na nowo w Polsce rynku kapita\u0142owego pocz\u0105tkowo umiejscowiona by\u0142a w Katedrze Finans\u00f3w. Wraz z rozwojem rynku zaistnia\u0142a konieczno\u015b\u0107 szerszego uj\u0119cia tej problematyki w procesie dydaktycznym, a tak\u017ce podj\u0119cia bada\u0144 naukowych. Do realizacji tych zada\u0144 w dniu 1 kwietnia 1998 roku w ramach Katedry Finans\u00f3w powo\u0142any zosta\u0142 Zak\u0142ad Rynku Kapita\u0142owego. Po podzieleniu si\u0119 Katedry Finans\u00f3w, z dniem 1 lutego 2001 roku zosta\u0142a utworzona Katedra Rynku Kapita\u0142owego. Dalszy rozw\u00f3j rynk\u00f3w finansowych i wzrost ich znaczenia w gospodarce, szerszy zakres prowadzonych bada\u0144 oraz rozszerzenie oferty dydaktycznej dla student\u00f3w wszystkich form (nowe specjalno\u015bci prowadzone przez Katedr\u0119) spowodowa\u0142y kolejne zmiany. W grudniu 2006 roku Katedra Rynku Kapita\u0142owego zmieni\u0142a nazw\u0119 na Katedr\u0119 Rynk\u00f3w Finansowych. Nast\u0119pnie we wrze\u015bniu 2007 roku w ramach Katedry Rynk\u00f3w Finansowych wyodr\u0119bnione zosta\u0142y dwa zak\u0142ady: Zak\u0142ad Rynku Kapita\u0142owego oraz Zak\u0142ad In\u017cynierii Finansowej.  Kierownikiem Katedry od momentu jej powstania jest Prof. dr hab. Jan Czekaj.<\/p>\n","protected":false},"author":1,"featured_media":0,"parent":0,"menu_order":0,"comment_status":"closed","ping_status":"closed","template":"","meta":{"_acf_changed":false,"footnotes":""},"class_list":["post-17","page","type-page","status-publish","hentry"],"acf":[],"_links":{"self":[{"href":"https:\/\/if.uek.krakow.pl\/krf\/wp-json\/wp\/v2\/pages\/17","targetHints":{"allow":["GET"]}}],"collection":[{"href":"https:\/\/if.uek.krakow.pl\/krf\/wp-json\/wp\/v2\/pages"}],"about":[{"href":"https:\/\/if.uek.krakow.pl\/krf\/wp-json\/wp\/v2\/types\/page"}],"author":[{"embeddable":true,"href":"https:\/\/if.uek.krakow.pl\/krf\/wp-json\/wp\/v2\/users\/1"}],"replies":[{"embeddable":true,"href":"https:\/\/if.uek.krakow.pl\/krf\/wp-json\/wp\/v2\/comments?post=17"}],"version-history":[{"count":3,"href":"https:\/\/if.uek.krakow.pl\/krf\/wp-json\/wp\/v2\/pages\/17\/revisions"}],"predecessor-version":[{"id":99,"href":"https:\/\/if.uek.krakow.pl\/krf\/wp-json\/wp\/v2\/pages\/17\/revisions\/99"}],"wp:attachment":[{"href":"https:\/\/if.uek.krakow.pl\/krf\/wp-json\/wp\/v2\/media?parent=17"}],"curies":[{"name":"wp","href":"https:\/\/api.w.org\/{rel}","templated":true}]}}