{"id":3062,"date":"2025-08-21T13:59:03","date_gmt":"2025-08-21T11:59:03","guid":{"rendered":"https:\/\/institutes.uek.krakow.pl\/krf\/?page_id=3062"},"modified":"2025-08-21T13:59:03","modified_gmt":"2025-08-21T11:59:03","slug":"praktyki-studenckie","status":"publish","type":"page","link":"https:\/\/if.uek.krakow.pl\/krf\/studenci\/praktyki-studenckie\/","title":{"rendered":"Praktyki Studenckie"},"content":{"rendered":"\n<p>Opiekunami praktyk w Katedrze Rynk\u00f3w Finansowych s\u0105&nbsp;<a href=\"https:\/\/e-uczelnia.uek.krakow.pl\/course\/view.php?id=718\" target=\"_blank\" rel=\"noreferrer noopener\">dr in\u017c. Janusz \u017barnowski<\/a>&nbsp;(zarnowj@uek.krakow.pl) oraz&nbsp;<a href=\"https:\/\/e-uczelnia.uek.krakow.pl\/course\/view.php?id=25696\" target=\"_blank\" rel=\"noreferrer noopener\">mgr Marcin M. Rychlak<\/a>&nbsp;(rychlakm@uek.krakow.pl)<\/p>\n\n\n\n<p>Przed rozpocz\u0119ciem praktyki prosimy o zapoznanie si\u0119 z informacjami umieszczonymi w e \u2013 wizyt\u00f3wkach opiekun\u00f3w praktyk oraz materia\u0142ami udost\u0119pnianymi przez&nbsp;<a href=\"https:\/\/kariery.uek.krakow.pl\/strefa-studenta\/praktyki-obowiazkowe-uek\/\" target=\"_blank\" rel=\"noreferrer noopener\">Akademickie Centrum Kariery UEK<\/a>&nbsp;i&nbsp;<a href=\"https:\/\/cos.uek.krakow.pl\/\" target=\"_blank\" rel=\"noreferrer noopener\">Centrum Obs\u0142ugi Student\u00f3w<\/a>.<\/p>\n\n\n\n<p>Opieka nad praktykantami obejmuje student\u00f3w realizuj\u0105cych seminarium pod opiek\u0105 pracownik\u00f3w Katedry Rynk\u00f3w Finansowych ze studi\u00f3w licencjackich i magisterskich.<\/p>\n\n\n\n<p>Korespondencj\u0119 mailow\u0105 zwi\u0105zan\u0105 ze sprawami studenckimi prosimy kierowa\u0107 wy\u0142\u0105cznie z adresu e-mail w domenie UEK(s1111@student.uek.krakow.pl&nbsp; gdzie&nbsp; s1111 oznacza numer albumu a litera s skr\u00f3t student)<\/p>\n","protected":false},"excerpt":{"rendered":"<p>Opiekunami praktyk w Katedrze Rynk\u00f3w Finansowych s\u0105&nbsp;dr in\u017c. Janusz \u017barnowski&nbsp;(zarnowj@uek.krakow.pl) oraz&nbsp;mgr Marcin M. Rychlak&nbsp;(rychlakm@uek.krakow.pl) Przed rozpocz\u0119ciem praktyki prosimy o zapoznanie si\u0119 z informacjami umieszczonymi w e \u2013 wizyt\u00f3wkach opiekun\u00f3w praktyk oraz materia\u0142ami udost\u0119pnianymi przez&nbsp;Akademickie Centrum Kariery UEK&nbsp;i&nbsp;Centrum Obs\u0142ugi Student\u00f3w. Opieka nad praktykantami obejmuje student\u00f3w realizuj\u0105cych seminarium pod opiek\u0105 pracownik\u00f3w Katedry Rynk\u00f3w Finansowych ze studi\u00f3w licencjackich [&hellip;]<\/p>\n","protected":false},"author":1,"featured_media":0,"parent":3056,"menu_order":0,"comment_status":"closed","ping_status":"closed","template":"","meta":{"_acf_changed":false,"footnotes":""},"class_list":["post-3062","page","type-page","status-publish","hentry"],"acf":[],"_links":{"self":[{"href":"https:\/\/if.uek.krakow.pl\/krf\/wp-json\/wp\/v2\/pages\/3062","targetHints":{"allow":["GET"]}}],"collection":[{"href":"https:\/\/if.uek.krakow.pl\/krf\/wp-json\/wp\/v2\/pages"}],"about":[{"href":"https:\/\/if.uek.krakow.pl\/krf\/wp-json\/wp\/v2\/types\/page"}],"author":[{"embeddable":true,"href":"https:\/\/if.uek.krakow.pl\/krf\/wp-json\/wp\/v2\/users\/1"}],"replies":[{"embeddable":true,"href":"https:\/\/if.uek.krakow.pl\/krf\/wp-json\/wp\/v2\/comments?post=3062"}],"version-history":[{"count":1,"href":"https:\/\/if.uek.krakow.pl\/krf\/wp-json\/wp\/v2\/pages\/3062\/revisions"}],"predecessor-version":[{"id":3063,"href":"https:\/\/if.uek.krakow.pl\/krf\/wp-json\/wp\/v2\/pages\/3062\/revisions\/3063"}],"up":[{"embeddable":true,"href":"https:\/\/if.uek.krakow.pl\/krf\/wp-json\/wp\/v2\/pages\/3056"}],"wp:attachment":[{"href":"https:\/\/if.uek.krakow.pl\/krf\/wp-json\/wp\/v2\/media?parent=3062"}],"curies":[{"name":"wp","href":"https:\/\/api.w.org\/{rel}","templated":true}]}}