{"id":3065,"date":"2025-08-21T13:59:58","date_gmt":"2025-08-21T11:59:58","guid":{"rendered":"https:\/\/institutes.uek.krakow.pl\/krf\/?page_id=3065"},"modified":"2025-08-21T14:00:26","modified_gmt":"2025-08-21T12:00:26","slug":"kolo-naukowe-rynkow-finansowych-index","status":"publish","type":"page","link":"https:\/\/if.uek.krakow.pl\/krf\/studenci\/kolo-naukowe-rynkow-finansowych-index\/","title":{"rendered":"Ko\u0142o Naukowe Rynk\u00f3w Finansowych &#8211; INDEX"},"content":{"rendered":"\n<figure class=\"wp-block-image size-full\"><img decoding=\"async\" width=\"160\" height=\"160\" loading=\"lazy\" src=\"https:\/\/institutes.uek.krakow.pl\/krf\/wp-content\/uploads\/sites\/26\/2023\/02\/index.png\" alt=\"Index logo\" class=\"wp-image-1977\" srcset=\"https:\/\/if.uek.krakow.pl\/krf\/wp-content\/uploads\/sites\/26\/2023\/02\/index.png 160w, https:\/\/if.uek.krakow.pl\/krf\/wp-content\/uploads\/sites\/26\/2023\/02\/index-150x150.png 150w\" sizes=\"auto, (max-width: 160px) 100vw, 160px\" \/><\/figure>\n\n\n\n<h5 class=\"wp-block-heading\">Student\u00f3w studiuj\u0105cych na kierunkach studi\u00f3w oraz specjalno\u015bciach oferowanych w Katedrze zapraszamy do do\u0142\u0105czenia do Ko\u0142a Naukowego Rynk\u00f3w Finansowych.<\/h5>\n\n\n\n<p>Zach\u0119camy do zapoznania si\u0119 z dzia\u0142aniami ko\u0142a na platformie&nbsp;<a href=\"https:\/\/www.facebook.com\/KNRK.INDEX\/?locale=pl_PL\" target=\"_blank\" rel=\"noreferrer noopener\">facebook<\/a>&nbsp;oraz&nbsp;<a href=\"https:\/\/knrkindex.pl\/\" target=\"_blank\" rel=\"noreferrer noopener\">stronie internetowej<\/a>.<\/p>\n","protected":false},"excerpt":{"rendered":"<p>Student\u00f3w studiuj\u0105cych na kierunkach studi\u00f3w oraz specjalno\u015bciach oferowanych w Katedrze zapraszamy do do\u0142\u0105czenia do Ko\u0142a Naukowego Rynk\u00f3w Finansowych. Zach\u0119camy do zapoznania si\u0119 z dzia\u0142aniami ko\u0142a na platformie&nbsp;facebook&nbsp;oraz&nbsp;stronie internetowej.<\/p>\n","protected":false},"author":1,"featured_media":0,"parent":3056,"menu_order":0,"comment_status":"closed","ping_status":"closed","template":"","meta":{"_acf_changed":false,"footnotes":""},"class_list":["post-3065","page","type-page","status-publish","hentry"],"acf":[],"_links":{"self":[{"href":"https:\/\/if.uek.krakow.pl\/krf\/wp-json\/wp\/v2\/pages\/3065","targetHints":{"allow":["GET"]}}],"collection":[{"href":"https:\/\/if.uek.krakow.pl\/krf\/wp-json\/wp\/v2\/pages"}],"about":[{"href":"https:\/\/if.uek.krakow.pl\/krf\/wp-json\/wp\/v2\/types\/page"}],"author":[{"embeddable":true,"href":"https:\/\/if.uek.krakow.pl\/krf\/wp-json\/wp\/v2\/users\/1"}],"replies":[{"embeddable":true,"href":"https:\/\/if.uek.krakow.pl\/krf\/wp-json\/wp\/v2\/comments?post=3065"}],"version-history":[{"count":2,"href":"https:\/\/if.uek.krakow.pl\/krf\/wp-json\/wp\/v2\/pages\/3065\/revisions"}],"predecessor-version":[{"id":3067,"href":"https:\/\/if.uek.krakow.pl\/krf\/wp-json\/wp\/v2\/pages\/3065\/revisions\/3067"}],"up":[{"embeddable":true,"href":"https:\/\/if.uek.krakow.pl\/krf\/wp-json\/wp\/v2\/pages\/3056"}],"wp:attachment":[{"href":"https:\/\/if.uek.krakow.pl\/krf\/wp-json\/wp\/v2\/media?parent=3065"}],"curies":[{"name":"wp","href":"https:\/\/api.w.org\/{rel}","templated":true}]}}