{"id":17,"date":"2025-05-15T10:13:22","date_gmt":"2025-05-15T08:13:22","guid":{"rendered":"https:\/\/institutes.uek.krakow.pl\/kzru\/?page_id=17"},"modified":"2025-10-14T12:27:43","modified_gmt":"2025-10-14T10:27:43","slug":"o-katedrze","status":"publish","type":"page","link":"https:\/\/if.uek.krakow.pl\/kzru\/o-katedrze\/","title":{"rendered":"O Katedrze"},"content":{"rendered":"\n<p><strong>Dane kontaktowe:<\/strong><br>Instytut Finans\u00f3w w Kolegium Ekonomii, Finans\u00f3w i Prawa UEK.<br><strong>Kierownik Katedry:&nbsp;<\/strong><\/p>\n\n\n\n<p>dr hab. El\u017cbieta Kubi\u0144ska, prof. UEK, pok. F-609,&nbsp;kubinska@uek.krakow.pl<\/p>\n\n\n\n<p><strong>Sekretariat Katedry:<\/strong>&nbsp;<\/p>\n\n\n\n<p>mgr Agnieszka Kluczewska, pok. F-602, kluczewa@uek.krakow.pl,&nbsp; tel. 12 293 50 81.<\/p>\n\n\n\n<p><strong>Pracownicy:<\/strong><\/p>\n\n\n\n<ul class=\"wp-block-list\">\n<li>prof. zw. dr hab. Wanda Su\u0142kowska<\/li>\n\n\n\n<li>dr hab. El\u017cbieta Kubi\u0144ska, prof. UEK<\/li>\n\n\n\n<li>dr hab. Tomasz Jedynak, prof. UEK<\/li>\n\n\n\n<li>dr hab. Maria P\u0142onka, prof. UEK<\/li>\n\n\n\n<li>dr hab. Grzegorz Strupczewski, prof. UEK<\/li>\n\n\n\n<li>dr Magdalena Adamczyk-Kowalczuk<\/li>\n\n\n\n<li>dr Maciej Cyco\u0144<\/li>\n\n\n\n<li>dr Jolanta Stanienda<\/li>\n\n\n\n<li>mgr Micha\u0142 W\u0142odarczyk<\/li>\n\n\n\n<li>mgr Jan Machejek<\/li>\n<\/ul>\n\n\n\n<p>&nbsp;<br><strong>Dawni pracownicy:<\/strong><\/p>\n\n\n\n<ul class=\"wp-block-list\">\n<li>dr hab. Maria Kuchlewska, prof. UEK<\/li>\n\n\n\n<li>dr Alina Klonowska<\/li>\n\n\n\n<li>dr Gra\u017cyna Sordyl<\/li>\n\n\n\n<li>dr Anna Szkar\u0142at-Kosza\u0142ka<\/li>\n\n\n\n<li>dr Agnieszka Witwicka-Szczepankiewicz\u00a0<\/li>\n\n\n\n<li>mgr Edyta Czerwiec<\/li>\n\n\n\n<li>mgr Joanna Filiczkowska<\/li>\n\n\n\n<li>dr Olena Pozniakova<\/li>\n<\/ul>\n\n\n\n<p><strong>Zainteresowania naukowe pracownik\u00f3w Katedry:<\/strong><\/p>\n\n\n\n<ul class=\"wp-block-list\">\n<li>ubezpieczenia maj\u0105tkowe i osobowe<\/li>\n\n\n\n<li>cyberbezpiecze\u0144stwo<\/li>\n\n\n\n<li>system zabezpieczenia spo\u0142ecznego<\/li>\n\n\n\n<li>zabezpieczenie emerytalne<\/li>\n\n\n\n<li>zarz\u0105dzanie ryzykiem w przedsi\u0119biorstwie<\/li>\n\n\n\n<li>finanse osobiste<\/li>\n\n\n\n<li>finanse behawioralne<\/li>\n<\/ul>\n\n\n\n<p><strong>Aktywno\u015bci:<\/strong><\/p>\n\n\n\n<ul class=\"wp-block-list\">\n<li>organizacja konferencji mi\u0119dzynarodowych i wsp\u00f3\u0142praca z o\u015brodkami akademickimi z\u00a0Czech, S\u0142owacji, Kazachstanu, Rosji, Litwy oraz W\u0119gier, a tak\u017ce przedstawicieli praktyki z polskich towarzystw i instytucji ubezpieczeniowych.<\/li>\n\n\n\n<li>wsp\u00f3\u0142praca konferencyjna z\u00a0Katedr\u0105 Prawa Cywilnego i Gospodarczego<\/li>\n\n\n\n<li>w ramach Katedry i indywidualnie wsp\u00f3\u0142pracujemy z Komisj\u0105 Nadzoru Finansowego, Ubezpieczeniowym Funduszem Gwarancyjnym, Rzecznikiem Finansowym oraz Zak\u0142adem Ubezpiecze\u0144 Spo\u0142ecznych.<\/li>\n\n\n\n<li>prowadzimy szkolenia z zakresu ubezpiecze\u0144 gospodarczych i spo\u0142ecznych, marketingu, sporz\u0105dzania studi\u00f3w op\u0142acalno\u015bci, strategii rozwoju i biznesplan\u00f3w.<\/li>\n\n\n\n<li>pracownicy Katedry pe\u0142ni\u0105 funkcje eksperckie w licznych instytucjach naukowych i organizacjach bran\u017cowych (NCBiR, Instytut Emerytaln<\/li>\n<\/ul>\n","protected":false},"excerpt":{"rendered":"<p>Istniejemy od 1.01.2003, kiedy powsta\u0142a Katedra Ubezpiecze\u0144. W lipcu 2013 r. nast\u0105pi\u0142a zmiana nazwy katedry na Katedr\u0119 Zarz\u0105dzania Ryzykiem i Ubezpiecze\u0144. Pierwszym Kierownikiem Katedry by\u0142a prof. dr hab. Wanda Su\u0142kowska dzi\u0119ki kt\u00f3rej Krak\u00f3w do\u0142\u0105czy\u0142 do o\u015brodk\u00f3w bada\u0144 ubezpieczeniowych, kt\u00f3re funkcjonowa\u0142y wcze\u015bniej w innych w uczelniach ekonomicznych w kraju. Od 2021 roku funkcj\u0119 kierownika Katedry pe\u0142ni prof. UEK dr hab. El\u017cbieta Kubi\u0144ska.<\/p>\n","protected":false},"author":1,"featured_media":0,"parent":0,"menu_order":0,"comment_status":"closed","ping_status":"closed","template":"","meta":{"_acf_changed":false,"footnotes":""},"class_list":["post-17","page","type-page","status-publish","hentry"],"acf":[],"_links":{"self":[{"href":"https:\/\/if.uek.krakow.pl\/kzru\/wp-json\/wp\/v2\/pages\/17","targetHints":{"allow":["GET"]}}],"collection":[{"href":"https:\/\/if.uek.krakow.pl\/kzru\/wp-json\/wp\/v2\/pages"}],"about":[{"href":"https:\/\/if.uek.krakow.pl\/kzru\/wp-json\/wp\/v2\/types\/page"}],"author":[{"embeddable":true,"href":"https:\/\/if.uek.krakow.pl\/kzru\/wp-json\/wp\/v2\/users\/1"}],"replies":[{"embeddable":true,"href":"https:\/\/if.uek.krakow.pl\/kzru\/wp-json\/wp\/v2\/comments?post=17"}],"version-history":[{"count":6,"href":"https:\/\/if.uek.krakow.pl\/kzru\/wp-json\/wp\/v2\/pages\/17\/revisions"}],"predecessor-version":[{"id":205,"href":"https:\/\/if.uek.krakow.pl\/kzru\/wp-json\/wp\/v2\/pages\/17\/revisions\/205"}],"wp:attachment":[{"href":"https:\/\/if.uek.krakow.pl\/kzru\/wp-json\/wp\/v2\/media?parent=17"}],"curies":[{"name":"wp","href":"https:\/\/api.w.org\/{rel}","templated":true}]}}