{"id":206,"date":"2025-10-14T12:28:39","date_gmt":"2025-10-14T10:28:39","guid":{"rendered":"https:\/\/institutes.uek.krakow.pl\/kzru\/?page_id=206"},"modified":"2025-10-14T12:39:12","modified_gmt":"2025-10-14T10:39:12","slug":"praktyki-studenckie","status":"publish","type":"page","link":"https:\/\/if.uek.krakow.pl\/kzru\/studenci\/praktyki-studenckie\/","title":{"rendered":"Praktyki studenckie"},"content":{"rendered":"\n<p>Studenci, kt\u00f3rzy wybrali&nbsp; &nbsp;promotora&nbsp;pracy licencjackiej lub pracy magisterskiej&nbsp;w&nbsp; &nbsp;<strong>Katedrze Zarz\u0105dzania Ryzykiem i Ubezpiecze\u0144&nbsp;<\/strong>&nbsp; powinni zg\u0142osi\u0107 si\u0119 do opiekuna praktyk w tej Katedrze.<\/p>\n\n\n\n<p>Opiekunem studenckich praktyk zawodowych w Katedrze&nbsp; Zarz\u0105dzanie Ryzykiem i Ubezpiecze\u0144 jest&nbsp; &nbsp;<strong>dr hab. Tomasz Jedynak, prof UEK<\/strong><\/p>\n\n\n\n<p>Wszystkie dokumenty dotycz\u0105ce praktyk studenckich prosz\u0119 sk\u0142ada\u0107 w sekretariacie Katedry w pokoju 602, Pawilon F.<\/p>\n\n\n\n<p><\/p>\n\n\n\n<p>Szczeg\u00f3\u0142owe informacje na temat procedury odbywania studenckich praktyk zawodowych znajduj\u0105 si\u0119 na dedykowanej stronie Instytutu Finans\u00f3w<\/p>\n\n\n\n<p><a href=\"https:\/\/if.uek.krakow.pl\/sprawy-formalne\/praktyki-studenckie\/\" target=\"_blank\" rel=\"noreferrer noopener\">Praktyki studenckie<\/a><\/p>\n","protected":false},"excerpt":{"rendered":"<p>Studenci, kt\u00f3rzy wybrali&nbsp; &nbsp;promotora&nbsp;pracy licencjackiej lub pracy magisterskiej&nbsp;w&nbsp; &nbsp;Katedrze Zarz\u0105dzania Ryzykiem i Ubezpiecze\u0144&nbsp;&nbsp; powinni zg\u0142osi\u0107 si\u0119 do opiekuna praktyk w tej Katedrze. Opiekunem studenckich praktyk zawodowych w Katedrze&nbsp; Zarz\u0105dzanie Ryzykiem i Ubezpiecze\u0144 jest&nbsp; &nbsp;dr hab. Tomasz Jedynak, prof UEK Wszystkie dokumenty dotycz\u0105ce praktyk studenckich prosz\u0119 sk\u0142ada\u0107 w sekretariacie Katedry w pokoju 602, Pawilon F. Szczeg\u00f3\u0142owe [&hellip;]<\/p>\n","protected":false},"author":1,"featured_media":0,"parent":170,"menu_order":0,"comment_status":"closed","ping_status":"closed","template":"","meta":{"_acf_changed":false,"footnotes":""},"class_list":["post-206","page","type-page","status-publish","hentry"],"acf":[],"_links":{"self":[{"href":"https:\/\/if.uek.krakow.pl\/kzru\/wp-json\/wp\/v2\/pages\/206","targetHints":{"allow":["GET"]}}],"collection":[{"href":"https:\/\/if.uek.krakow.pl\/kzru\/wp-json\/wp\/v2\/pages"}],"about":[{"href":"https:\/\/if.uek.krakow.pl\/kzru\/wp-json\/wp\/v2\/types\/page"}],"author":[{"embeddable":true,"href":"https:\/\/if.uek.krakow.pl\/kzru\/wp-json\/wp\/v2\/users\/1"}],"replies":[{"embeddable":true,"href":"https:\/\/if.uek.krakow.pl\/kzru\/wp-json\/wp\/v2\/comments?post=206"}],"version-history":[{"count":4,"href":"https:\/\/if.uek.krakow.pl\/kzru\/wp-json\/wp\/v2\/pages\/206\/revisions"}],"predecessor-version":[{"id":210,"href":"https:\/\/if.uek.krakow.pl\/kzru\/wp-json\/wp\/v2\/pages\/206\/revisions\/210"}],"up":[{"embeddable":true,"href":"https:\/\/if.uek.krakow.pl\/kzru\/wp-json\/wp\/v2\/pages\/170"}],"wp:attachment":[{"href":"https:\/\/if.uek.krakow.pl\/kzru\/wp-json\/wp\/v2\/media?parent=206"}],"curies":[{"name":"wp","href":"https:\/\/api.w.org\/{rel}","templated":true}]}}